{"id":952,"date":"2012-12-25T00:49:59","date_gmt":"2012-12-25T00:49:59","guid":{"rendered":"http:\/\/jlggb.net\/jlb\/?page_id=952"},"modified":"2020-03-29T21:27:41","modified_gmt":"2020-03-29T19:27:41","slug":"2009-ecole-superieure-dart-le-havre","status":"publish","type":"page","link":"https:\/\/jlggb.net\/jlb\/expositions-personnelles-et-collectives\/2009-ecole-superieure-dart-le-havre\/","title":{"rendered":"2009 \u00c9cole sup\u00e9rieure d\u2019art Le Havre"},"content":{"rendered":"<p>Exposition personnelle. Documents \u00e0 venir<\/p>\n<p>Exposition de deux installations :<\/p>\n<p><em>\u2014 Moments de Jean-Jacques Rousseau<\/em>, 1998-2000, version avec table sensible et projection regard\u00e9e par une fen\u00eatre pr\u00e9sent\u00e9e \u00e0 ICC Tokyo en 2008<\/p>\n<p><em>\u2014 Les Perspecteurs<\/em>, 2004, version identique \u00e0 celle de Lisbonne, 2005<\/p>\n<p>\u00c9dition d&rsquo;une estampe en s\u00e9rigraphie figurant le dessin technique <em>Les Perspecteurs<\/em><\/p>\n","protected":false},"excerpt":{"rendered":"<p>Exposition personnelle. Documents \u00e0 venir Exposition de deux installations : \u2014 Moments de Jean-Jacques Rousseau, 1998-2000, version avec table sensible et projection regard\u00e9e par une fen\u00eatre pr\u00e9sent\u00e9e \u00e0 ICC Tokyo en 2008 \u2014 Les Perspecteurs, 2004, version identique \u00e0 celle de Lisbonne, 2005 \u00c9dition d&rsquo;une estampe en s\u00e9rigraphie figurant le dessin technique Les Perspecteurs<\/p>\n","protected":false},"author":2,"featured_media":0,"parent":650,"menu_order":2009,"comment_status":"closed","ping_status":"closed","template":"","meta":{"footnotes":""},"class_list":["post-952","page","type-page","status-publish","hentry"],"_links":{"self":[{"href":"https:\/\/jlggb.net\/jlb\/wp-json\/wp\/v2\/pages\/952","targetHints":{"allow":["GET"]}}],"collection":[{"href":"https:\/\/jlggb.net\/jlb\/wp-json\/wp\/v2\/pages"}],"about":[{"href":"https:\/\/jlggb.net\/jlb\/wp-json\/wp\/v2\/types\/page"}],"author":[{"embeddable":true,"href":"https:\/\/jlggb.net\/jlb\/wp-json\/wp\/v2\/users\/2"}],"replies":[{"embeddable":true,"href":"https:\/\/jlggb.net\/jlb\/wp-json\/wp\/v2\/comments?post=952"}],"version-history":[{"count":3,"href":"https:\/\/jlggb.net\/jlb\/wp-json\/wp\/v2\/pages\/952\/revisions"}],"predecessor-version":[{"id":2738,"href":"https:\/\/jlggb.net\/jlb\/wp-json\/wp\/v2\/pages\/952\/revisions\/2738"}],"up":[{"embeddable":true,"href":"https:\/\/jlggb.net\/jlb\/wp-json\/wp\/v2\/pages\/650"}],"wp:attachment":[{"href":"https:\/\/jlggb.net\/jlb\/wp-json\/wp\/v2\/media?parent=952"}],"curies":[{"name":"wp","href":"https:\/\/api.w.org\/{rel}","templated":true}]}}