{"id":950,"date":"2012-12-25T00:48:23","date_gmt":"2012-12-25T00:48:23","guid":{"rendered":"http:\/\/jlggb.net\/jlb\/?page_id=950"},"modified":"2016-12-06T01:23:26","modified_gmt":"2016-12-06T00:23:26","slug":"1988-rencontres-internationales-de-la-photographie-arles","status":"publish","type":"page","link":"https:\/\/jlggb.net\/jlb\/expositions-personnelles-et-collectives\/1988-rencontres-internationales-de-la-photographie-arles\/","title":{"rendered":"1988 Rencontres internationales de la photographie Arles"},"content":{"rendered":"<p>Exposition collective (Documents \u00e0 venir).<\/p>\n<p>Pr\u00e9sentation de l&rsquo;installation avec vid\u00e9odisque interactif <em>P\u00e9kin pour m\u00e9moire<\/em>, 1985-1986 et de 12 photographies, <em>P\u00e9kin travers\u00e9, vestiges et installations<\/em>.<\/p>\n","protected":false},"excerpt":{"rendered":"<p>Exposition collective (Documents \u00e0 venir). Pr\u00e9sentation de l&rsquo;installation avec vid\u00e9odisque interactif P\u00e9kin pour m\u00e9moire, 1985-1986 et de 12 photographies, P\u00e9kin travers\u00e9, vestiges et installations.<\/p>\n","protected":false},"author":2,"featured_media":0,"parent":650,"menu_order":1988,"comment_status":"closed","ping_status":"closed","template":"","meta":{"footnotes":""},"class_list":["post-950","page","type-page","status-publish","hentry"],"_links":{"self":[{"href":"https:\/\/jlggb.net\/jlb\/wp-json\/wp\/v2\/pages\/950","targetHints":{"allow":["GET"]}}],"collection":[{"href":"https:\/\/jlggb.net\/jlb\/wp-json\/wp\/v2\/pages"}],"about":[{"href":"https:\/\/jlggb.net\/jlb\/wp-json\/wp\/v2\/types\/page"}],"author":[{"embeddable":true,"href":"https:\/\/jlggb.net\/jlb\/wp-json\/wp\/v2\/users\/2"}],"replies":[{"embeddable":true,"href":"https:\/\/jlggb.net\/jlb\/wp-json\/wp\/v2\/comments?post=950"}],"version-history":[{"count":2,"href":"https:\/\/jlggb.net\/jlb\/wp-json\/wp\/v2\/pages\/950\/revisions"}],"predecessor-version":[{"id":1928,"href":"https:\/\/jlggb.net\/jlb\/wp-json\/wp\/v2\/pages\/950\/revisions\/1928"}],"up":[{"embeddable":true,"href":"https:\/\/jlggb.net\/jlb\/wp-json\/wp\/v2\/pages\/650"}],"wp:attachment":[{"href":"https:\/\/jlggb.net\/jlb\/wp-json\/wp\/v2\/media?parent=950"}],"curies":[{"name":"wp","href":"https:\/\/api.w.org\/{rel}","templated":true}]}}