{"id":948,"date":"2012-12-25T00:47:02","date_gmt":"2012-12-25T00:47:02","guid":{"rendered":"http:\/\/jlggb.net\/jlb\/?page_id=948"},"modified":"2026-03-27T10:52:18","modified_gmt":"2026-03-27T09:52:18","slug":"2001-centre-pompidou","status":"publish","type":"page","link":"https:\/\/jlggb.net\/jlb\/expositions-personnelles-et-collectives\/2001-centre-pompidou\/","title":{"rendered":"2001 Interactivit\u00e9s Centre Pompidou"},"content":{"rendered":"<p>Exposition <em>Interactivit\u00e9s<\/em> au Centre Pompidou, partag\u00e9e avec George Legrady (<a href=\"http:\/\/www.georgelegrady.com\" target=\"_blank\" rel=\"noopener\">http:\/\/www.georgelegrady.com<\/a>)<br \/>\nCommissaire : Boris Tissot<br \/>\nPi\u00e8ces expos\u00e9es : <em>M\u00e9moire de crayons<\/em> et <em>Globus oculi<\/em>.<br \/>\nVoir : <a href=\"https:\/\/jlggb.net\/jlb\/?page_id=149\">https:\/\/jlggb.net\/jlb\/?page_id=149<\/a><\/p>\n<p><a href=\"https:\/\/jlggb.net\/jlb\/wp-content\/uploads\/2020\/05\/front_window_02.jpeg\" data-rel=\"lightbox-image-0\" data-imagelightbox=\"0\" data-rl_title=\"\" data-rl_caption=\"\" title=\"\"><img loading=\"lazy\" decoding=\"async\" class=\"alignnone wp-image-2763\" src=\"https:\/\/jlggb.net\/jlb\/wp-content\/uploads\/2020\/05\/front_window_02.jpeg\" alt=\"\" width=\"640\" height=\"81\" srcset=\"https:\/\/jlggb.net\/jlb\/wp-content\/uploads\/2020\/05\/front_window_02.jpeg 1280w, https:\/\/jlggb.net\/jlb\/wp-content\/uploads\/2020\/05\/front_window_02-300x38.jpeg 300w, https:\/\/jlggb.net\/jlb\/wp-content\/uploads\/2020\/05\/front_window_02-768x97.jpeg 768w, https:\/\/jlggb.net\/jlb\/wp-content\/uploads\/2020\/05\/front_window_02-1024x129.jpeg 1024w, https:\/\/jlggb.net\/jlb\/wp-content\/uploads\/2020\/05\/front_window_02-150x19.jpeg 150w\" sizes=\"auto, (max-width: 640px) 100vw, 640px\" \/><\/a><br \/>\n<a href=\"https:\/\/jlggb.net\/jlb\/wp-content\/uploads\/2020\/05\/pfompeople2.jpeg\" data-rel=\"lightbox-image-1\" data-imagelightbox=\"1\" data-rl_title=\"\" data-rl_caption=\"\" title=\"\"><img loading=\"lazy\" decoding=\"async\" class=\"alignnone wp-image-2764\" src=\"https:\/\/jlggb.net\/jlb\/wp-content\/uploads\/2020\/05\/pfompeople2.jpeg\" alt=\"\" width=\"640\" height=\"134\" srcset=\"https:\/\/jlggb.net\/jlb\/wp-content\/uploads\/2020\/05\/pfompeople2.jpeg 1280w, https:\/\/jlggb.net\/jlb\/wp-content\/uploads\/2020\/05\/pfompeople2-300x63.jpeg 300w, https:\/\/jlggb.net\/jlb\/wp-content\/uploads\/2020\/05\/pfompeople2-768x161.jpeg 768w, https:\/\/jlggb.net\/jlb\/wp-content\/uploads\/2020\/05\/pfompeople2-1024x214.jpeg 1024w, https:\/\/jlggb.net\/jlb\/wp-content\/uploads\/2020\/05\/pfompeople2-150x31.jpeg 150w\" sizes=\"auto, (max-width: 640px) 100vw, 640px\" \/><\/a><br \/>\nPhotos collection \u00a9George Legrady.<\/p>\n<p>PRESSE<\/p>\n<p><a href=\"https:\/\/www.liberation.fr\/guide\/2001\/05\/02\/dessine-moi-des-souvenirs_363093\/\" target=\"_blank\" rel=\"noopener\">https:\/\/www.liberation.fr\/guide\/2001\/05\/02\/dessine-moi-des-souvenirs_363093\/<\/a><\/p>\n<p>Dessine-moi des souvenirs<br \/>\npar Claire Derouin<br \/>\npubli\u00e9 le 2 mai 2001 \u00e0 0h44<\/p>\n<p>Un mus\u00e9e, c&rsquo;est quoi? Parce que raconter les dessous, c&rsquo;est souvent aiguiser la curiosit\u00e9 et donner envie. Nombre de services p\u00e9dagogiques abordent aujourd&rsquo;hui avec les enfants les notions d&rsquo;oeuvres, d&rsquo;archives, de classifications&#8230; En parler, c&rsquo;est une chose. Le vivre par le biais des nouvelles technologies tout en se frottant \u00e0 l&rsquo;art contemporain en est une autre. La r\u00e9ussite de la nouvelle exposition de la galerie des Enfants du Centre Georges-Pompidou repose ind\u00e9niablement sur ce travail de transposition. Pour s&rsquo;interroger avec les enfants sur ces difficiles questions de m\u00e9moire, Boris Tissot, le commissaire de la manifestation, a en effet choisi de montrer des oeuvres. Des cr\u00e9ations de l&rsquo;imaginaire au fonctionnement infini et \u00e0 l&rsquo;esprit ouvert. \u00ab Des souvenirs plein les poches \u00bb, l&rsquo;installation interactive de Georges Legrady, qui utilise des m\u00e9thodologies informatiques de cartographie tr\u00e8s avanc\u00e9es, constitue un mus\u00e9e en mouvement perp\u00e9tuel gr\u00e2ce aux objets d\u00e9pos\u00e9s et scann\u00e9s par les visiteurs. Avec \u00ab M\u00e9moire de crayons \u00bb, Jean-Louis Boissier propose un jeu de piste bas\u00e9 sur l&rsquo;efficacit\u00e9 du langage pour d\u00e9couvrir les secrets de sa superbe collection de 1 024 crayons de papier. Les pistes et les clins d&rsquo;oeil foisonnent, du traitement de l&rsquo;invasion des objets dans notre quotidien au classement du r\u00e9el en passant par le fonctionnement de la m\u00e9moire, que les enfants sollicitent \u00e9norm\u00e9ment dans les premiers \u00e2ges de leur vie. Sign\u00e9e par Projekttriangle, un cabinet de Stuttgart, l&rsquo;identit\u00e9 visuelle de la galerie fourmille \u00e9galement de mots et d&rsquo;objets pixelis\u00e9s \u00e0 apprivoiser du regard.<br \/>\nCentre Georges-Pompidou. \u00ab Des souvenirs plein les poches \u00bb et \u00ab M\u00e9moire de crayons \u00bb, exposition-atelier \u00e0 la galerie des Enfants, jusqu&rsquo;au 3\/9. Ateliers 6-12 ans, les mercredi et samedi, de 14 h \u00e0 16 h; dimanche en famille, de 11 h 15 \u00e0 12 h 30. Programme et r\u00e9servation au 01 44 78 49 13. Acc\u00e8s au site de l&rsquo;expo sur www.centrepompidou.fr<\/p>\n","protected":false},"excerpt":{"rendered":"<p>Exposition Interactivit\u00e9s au Centre Pompidou, partag\u00e9e avec George Legrady (http:\/\/www.georgelegrady.com) Commissaire : Boris Tissot Pi\u00e8ces expos\u00e9es : M\u00e9moire de crayons et Globus oculi. Voir : https:\/\/jlggb.net\/jlb\/?page_id=149 Photos collection \u00a9George Legrady. PRESSE https:\/\/www.liberation.fr\/guide\/2001\/05\/02\/dessine-moi-des-souvenirs_363093\/ Dessine-moi des souvenirs par Claire Derouin publi\u00e9 le 2 mai 2001 \u00e0 0h44 Un mus\u00e9e, c&rsquo;est quoi? Parce que raconter les dessous, c&rsquo;est &hellip; <a href=\"https:\/\/jlggb.net\/jlb\/expositions-personnelles-et-collectives\/2001-centre-pompidou\/\" class=\"more-link\">Continuer la lecture de <span class=\"screen-reader-text\">2001 Interactivit\u00e9s Centre Pompidou<\/span><\/a><\/p>\n","protected":false},"author":2,"featured_media":0,"parent":650,"menu_order":2001,"comment_status":"closed","ping_status":"closed","template":"","meta":{"footnotes":""},"class_list":["post-948","page","type-page","status-publish","hentry"],"_links":{"self":[{"href":"https:\/\/jlggb.net\/jlb\/wp-json\/wp\/v2\/pages\/948","targetHints":{"allow":["GET"]}}],"collection":[{"href":"https:\/\/jlggb.net\/jlb\/wp-json\/wp\/v2\/pages"}],"about":[{"href":"https:\/\/jlggb.net\/jlb\/wp-json\/wp\/v2\/types\/page"}],"author":[{"embeddable":true,"href":"https:\/\/jlggb.net\/jlb\/wp-json\/wp\/v2\/users\/2"}],"replies":[{"embeddable":true,"href":"https:\/\/jlggb.net\/jlb\/wp-json\/wp\/v2\/comments?post=948"}],"version-history":[{"count":6,"href":"https:\/\/jlggb.net\/jlb\/wp-json\/wp\/v2\/pages\/948\/revisions"}],"predecessor-version":[{"id":3951,"href":"https:\/\/jlggb.net\/jlb\/wp-json\/wp\/v2\/pages\/948\/revisions\/3951"}],"up":[{"embeddable":true,"href":"https:\/\/jlggb.net\/jlb\/wp-json\/wp\/v2\/pages\/650"}],"wp:attachment":[{"href":"https:\/\/jlggb.net\/jlb\/wp-json\/wp\/v2\/media?parent=948"}],"curies":[{"name":"wp","href":"https:\/\/api.w.org\/{rel}","templated":true}]}}