{"id":916,"date":"2012-12-25T00:19:58","date_gmt":"2012-12-25T00:19:58","guid":{"rendered":"http:\/\/jlggb.net\/jlb\/?page_id=916"},"modified":"2025-07-22T22:58:32","modified_gmt":"2025-07-22T20:58:32","slug":"1986-festival-dautomne","status":"publish","type":"page","link":"https:\/\/jlggb.net\/jlb\/expositions-personnelles-et-collectives\/1986-festival-dautomne\/","title":{"rendered":"1986 Festival d&rsquo;Automne"},"content":{"rendered":"<p><em>P\u00e9kin pour m\u00e9moire<\/em>, installation, Grand Foyer du Th\u00e9\u00e2tre national de Chaillot, automne 1986.<br \/>\nAvec des projections de textes, dessins, estampages et photocopies, photographies de Shuen-Git Chow, Ye Xin, Liliane Terrier, Jean-Louis Boissier.<\/p>\n<p><em>\u00e0 compl\u00e9ter<\/em><\/p>\n","protected":false},"excerpt":{"rendered":"<p>P\u00e9kin pour m\u00e9moire, installation, Grand Foyer du Th\u00e9\u00e2tre national de Chaillot, automne 1986. Avec des projections de textes, dessins, estampages et photocopies, photographies de Shuen-Git Chow, Ye Xin, Liliane Terrier, Jean-Louis Boissier. \u00e0 compl\u00e9ter<\/p>\n","protected":false},"author":2,"featured_media":0,"parent":650,"menu_order":1986,"comment_status":"closed","ping_status":"closed","template":"","meta":{"footnotes":""},"class_list":["post-916","page","type-page","status-publish","hentry"],"_links":{"self":[{"href":"https:\/\/jlggb.net\/jlb\/wp-json\/wp\/v2\/pages\/916","targetHints":{"allow":["GET"]}}],"collection":[{"href":"https:\/\/jlggb.net\/jlb\/wp-json\/wp\/v2\/pages"}],"about":[{"href":"https:\/\/jlggb.net\/jlb\/wp-json\/wp\/v2\/types\/page"}],"author":[{"embeddable":true,"href":"https:\/\/jlggb.net\/jlb\/wp-json\/wp\/v2\/users\/2"}],"replies":[{"embeddable":true,"href":"https:\/\/jlggb.net\/jlb\/wp-json\/wp\/v2\/comments?post=916"}],"version-history":[{"count":3,"href":"https:\/\/jlggb.net\/jlb\/wp-json\/wp\/v2\/pages\/916\/revisions"}],"predecessor-version":[{"id":3693,"href":"https:\/\/jlggb.net\/jlb\/wp-json\/wp\/v2\/pages\/916\/revisions\/3693"}],"up":[{"embeddable":true,"href":"https:\/\/jlggb.net\/jlb\/wp-json\/wp\/v2\/pages\/650"}],"wp:attachment":[{"href":"https:\/\/jlggb.net\/jlb\/wp-json\/wp\/v2\/media?parent=916"}],"curies":[{"name":"wp","href":"https:\/\/api.w.org\/{rel}","templated":true}]}}