{"id":912,"date":"2012-12-25T00:16:26","date_gmt":"2012-12-25T00:16:26","guid":{"rendered":"http:\/\/jlggb.net\/jlb\/?page_id=912"},"modified":"2021-03-01T12:19:07","modified_gmt":"2021-03-01T11:19:07","slug":"1990-musee-de-lelysee-lausanne","status":"publish","type":"page","link":"https:\/\/jlggb.net\/jlb\/expositions-personnelles-et-collectives\/1990-musee-de-lelysee-lausanne\/","title":{"rendered":"1990 Mus\u00e9e de l&rsquo;\u00c9lys\u00e9e Lausanne"},"content":{"rendered":"<p>Exposition personnelle :<br \/>\nInstallation avec le vid\u00e9odisque interactif <em>P\u00e9kin pour m\u00e9moire<\/em>, 1985-1986.<\/p>\n<p>Invitation avec une photographie de <em>Vestiges et installations<\/em>, P\u00e9kin, 1985.<\/p>\n<p><a href=\"https:\/\/jlggb.net\/jlb\/wp-content\/uploads\/2021\/03\/beijing-couverture-1985.jpg\" data-rel=\"lightbox-image-0\" data-imagelightbox=\"0\" data-rl_title=\"\" data-rl_caption=\"\" title=\"\"><img loading=\"lazy\" decoding=\"async\" class=\"alignnone wp-image-3020\" src=\"https:\/\/jlggb.net\/jlb\/wp-content\/uploads\/2021\/03\/beijing-couverture-1985.jpg\" alt=\"\" width=\"640\" height=\"640\" srcset=\"https:\/\/jlggb.net\/jlb\/wp-content\/uploads\/2021\/03\/beijing-couverture-1985.jpg 1280w, https:\/\/jlggb.net\/jlb\/wp-content\/uploads\/2021\/03\/beijing-couverture-1985-300x300.jpg 300w, https:\/\/jlggb.net\/jlb\/wp-content\/uploads\/2021\/03\/beijing-couverture-1985-1024x1024.jpg 1024w, https:\/\/jlggb.net\/jlb\/wp-content\/uploads\/2021\/03\/beijing-couverture-1985-150x150.jpg 150w, https:\/\/jlggb.net\/jlb\/wp-content\/uploads\/2021\/03\/beijing-couverture-1985-768x768.jpg 768w\" sizes=\"auto, (max-width: 640px) 100vw, 640px\" \/><\/a><\/p>\n","protected":false},"excerpt":{"rendered":"<p>Exposition personnelle : Installation avec le vid\u00e9odisque interactif P\u00e9kin pour m\u00e9moire, 1985-1986. Invitation avec une photographie de Vestiges et installations, P\u00e9kin, 1985.<\/p>\n","protected":false},"author":2,"featured_media":0,"parent":650,"menu_order":1990,"comment_status":"closed","ping_status":"closed","template":"","meta":{"footnotes":""},"class_list":["post-912","page","type-page","status-publish","hentry"],"_links":{"self":[{"href":"https:\/\/jlggb.net\/jlb\/wp-json\/wp\/v2\/pages\/912","targetHints":{"allow":["GET"]}}],"collection":[{"href":"https:\/\/jlggb.net\/jlb\/wp-json\/wp\/v2\/pages"}],"about":[{"href":"https:\/\/jlggb.net\/jlb\/wp-json\/wp\/v2\/types\/page"}],"author":[{"embeddable":true,"href":"https:\/\/jlggb.net\/jlb\/wp-json\/wp\/v2\/users\/2"}],"replies":[{"embeddable":true,"href":"https:\/\/jlggb.net\/jlb\/wp-json\/wp\/v2\/comments?post=912"}],"version-history":[{"count":4,"href":"https:\/\/jlggb.net\/jlb\/wp-json\/wp\/v2\/pages\/912\/revisions"}],"predecessor-version":[{"id":3022,"href":"https:\/\/jlggb.net\/jlb\/wp-json\/wp\/v2\/pages\/912\/revisions\/3022"}],"up":[{"embeddable":true,"href":"https:\/\/jlggb.net\/jlb\/wp-json\/wp\/v2\/pages\/650"}],"wp:attachment":[{"href":"https:\/\/jlggb.net\/jlb\/wp-json\/wp\/v2\/media?parent=912"}],"curies":[{"name":"wp","href":"https:\/\/api.w.org\/{rel}","templated":true}]}}