{"id":839,"date":"2011-03-25T10:56:24","date_gmt":"2011-03-25T10:56:24","guid":{"rendered":"http:\/\/jlggb.net\/jlb\/?page_id=839"},"modified":"2025-04-16T22:35:55","modified_gmt":"2025-04-16T20:35:55","slug":"presse","status":"publish","type":"page","link":"https:\/\/jlggb.net\/jlb\/curiculum-vit%c3%a6\/presse\/","title":{"rendered":"Presse"},"content":{"rendered":"<p>[\u00c0 compl\u00e9ter\u2026]<\/p>\n<p><img loading=\"lazy\" decoding=\"async\" class=\"alignnone size-full wp-image-844\" title=\"\u00e9crans\" src=\"https:\/\/jlggb.net\/jlb\/wp-content\/uploads\/2011\/12\/\u00e9crans.jpg\" alt=\"\" width=\"640\" height=\"66\" srcset=\"https:\/\/jlggb.net\/jlb\/wp-content\/uploads\/2011\/12\/\u00e9crans.jpg 997w, https:\/\/jlggb.net\/jlb\/wp-content\/uploads\/2011\/12\/\u00e9crans-300x30.jpg 300w, https:\/\/jlggb.net\/jlb\/wp-content\/uploads\/2011\/12\/\u00e9crans-150x15.jpg 150w\" sizes=\"auto, (max-width: 640px) 100vw, 640px\" \/><\/p>\n<p><a href=\"http:\/\/www.ecrans.fr\/La-capture-sort-de-l-ecran,12334.html\" target=\"_blank\" rel=\"noopener\">http:\/\/www.ecrans.fr\/La-capture-sort-de-l-ecran,12334.html<\/a><br \/>\n<em>Lib\u00e9ration<\/em>, <em>\u00c9crans<\/em><br \/>\nvendredi 25 mars 2011 12:01<br \/>\nINTERNET<br \/>\nLa capture sort de l\u2019\u00e9cran<br \/>\npar Marie Lechner<br \/>\ntags : net-art , Google , Google Street View , Google Earth<\/p>\n<p>La capture sert en g\u00e9n\u00e9ral \u00e0 garder en m\u00e9moire ce qui se passe sur l\u2019\u00e9cran de notre ordinateur. Un \u00ab geste banal, entre instantan\u00e9 photographique, vid\u00e9o, collage et ready-made num\u00e9rique, la capture d\u2019\u00e9cran n\u2019a pas de statut d\u00e9fini \u00bb, \u00e9crivent les artistes <a href=\"http:\/\/www.delieutraz.net\/\" target=\"_blank\" rel=\"noopener\">Caroline Delieutraz<\/a> et Julien Levesque qui proposent en ce moment <a href=\"http:\/\/www.la-tapisserie.net\/captures\/\" target=\"_blank\" rel=\"noopener\">une exposition collective sur le sujet \u00e0 La Tapisserie<\/a>, o\u00f9 les membres du collectif Microtruc ont install\u00e9 leur atelier. La capture, prise ici au sens large, s\u2019extrait de l\u2019\u00e9cran d\u2019ordinateur pour se d\u00e9cliner en photographie, impressions, wallpaper, livre, et installations interactives.<\/p>\n<p>Sur la vitrine, d\u00e9filent les couvertures du magazine de photoreportages am\u00e9ricain <em>Life<\/em>, des d\u00e9cennies d\u2019images captur\u00e9es \u00e0 la vol\u00e9e sur Google books, montrant le mouvement incessant du monde, une mani\u00e8re aussi de souligner la voracit\u00e9 du g\u00e9ant de Moutain view et son entreprise vertigineuse de captation de la vie. Mais d\u00e8s que le visiteur s\u2019approche, le d\u00e9filement s\u2019arr\u00eate brutalement : \u00ab End of file\/End of Life. \u00bb s\u2019intitule l\u2019\u0153uvre d\u2019Albertine Meunier.<\/p>\n<p>Maroufl\u00e9 sur le mur, le collage de captures d\u2019\u00e9cran de J\u00e9r\u00f4me Alexandre, fa\u00e7on papier peint, met en sc\u00e8ne le proc\u00e9d\u00e9 du phishing, qui permet de r\u00e9cup\u00e9rer ill\u00e9galement des informations personnelles souvent dans l\u2019objectif de d\u00e9tourner de l\u2019argent. Fa\u00e7on enqu\u00eate, il remonte le fil, retrouve l\u2019origine du spam et le serveur qui l\u2019envoie, affichant \u00e0 la fois sa localisation sur Google Street View et la galaxie de sites qu\u2019il h\u00e9berge (souvent en rapport avec le porno et le jeu). <a href=\"http:\/\/globodrome.com\/\" target=\"_blank\" rel=\"noopener\">Gwenola Wagon part sur les traces de Phileas Fogg et refait le tour du monde en 80 jours sur Google Earth<\/a>, ce qui donne lieu \u00e0 un passionnant journal de voyage fait de captures d\u2019\u00e9crans et de r\u00e9flexions \u00e0 feuilleter sur place.<\/p>\n<p>Google Street View est au c\u0153ur aussi du docufiction de Jean Louis Boissier, qui tisse une intrigue diaporama fa\u00e7on Powerpoint, \u00e0 base de billets sur son blog, de copies d\u2019\u00e9crans dans Google Street View et une femme au visage pixelis\u00e9 (voir : <a href=\"https:\/\/jlggb.net\/jlb\/?page_id=788\">https:\/\/jlggb.net\/jlb\/?page_id=788<\/a>). <a href=\"http:\/\/www.julienlevesque.net\/new-html.html\" target=\"_blank\" rel=\"noopener\">Julien Levesque<\/a> collectionne lui ces visages flout\u00e9s collect\u00e9s lors de ses voyages dans Google Street View, qui semblent regarder droit dans l\u2019objectif des cam\u00e9ras de la voiture Google, 1001 portraits m\u00e9connaissables qui vous fixent et d\u00e9filent tels des fant\u00f4mes dans un cadre photo num\u00e9rique.<\/p>\n<p>La s\u00e9rie <em>Disparitions<\/em> de Florent Di Bartolo, collection de captures d\u2019\u00e9crans quasi vides surmont\u00e9es (wikipedia, youtube flickr&#8230;), \u00e9voquent l\u2019apparence que prend la disparition temporaire ou d\u00e9finitive d\u2019informations sur le web. En creux, elle montre \u00e9galement une \u00e9volution du web devenu dynamique, ce ne sont plus des erreurs 404, qui dit que la page n\u2019existe pas. A l\u2019\u00e8re du cloud computing, les pages existent, mais ce sont les contenus qui se sont volatis\u00e9s dans le nuage&#8230;<\/p>\n<p>Les internautes sont \u00e9galement appel\u00e9s \u00e0 participer, en envoyant leurs propres captures, qui seront publi\u00e9es dans le catalogue en cours de l\u2019exposition.<\/p>\n<p>Exposition <em>Captures <\/em><br \/>\njusqu\u2019au 26 mars \u00e0 la Tapisserie, 13, rue P\u00e9tion 75011, Paris<\/p>\n","protected":false},"excerpt":{"rendered":"<p>[\u00c0 compl\u00e9ter\u2026] http:\/\/www.ecrans.fr\/La-capture-sort-de-l-ecran,12334.html Lib\u00e9ration, \u00c9crans vendredi 25 mars 2011 12:01 INTERNET La capture sort de l\u2019\u00e9cran par Marie Lechner tags : net-art , Google , Google Street View , Google Earth La capture sert en g\u00e9n\u00e9ral \u00e0 garder en m\u00e9moire ce qui se passe sur l\u2019\u00e9cran de notre ordinateur. Un \u00ab geste banal, entre instantan\u00e9 &hellip; <a href=\"https:\/\/jlggb.net\/jlb\/curiculum-vit%c3%a6\/presse\/\" class=\"more-link\">Continuer la lecture de <span class=\"screen-reader-text\">Presse<\/span><\/a><\/p>\n","protected":false},"author":2,"featured_media":0,"parent":558,"menu_order":3,"comment_status":"closed","ping_status":"closed","template":"","meta":{"footnotes":""},"class_list":["post-839","page","type-page","status-publish","hentry"],"_links":{"self":[{"href":"https:\/\/jlggb.net\/jlb\/wp-json\/wp\/v2\/pages\/839","targetHints":{"allow":["GET"]}}],"collection":[{"href":"https:\/\/jlggb.net\/jlb\/wp-json\/wp\/v2\/pages"}],"about":[{"href":"https:\/\/jlggb.net\/jlb\/wp-json\/wp\/v2\/types\/page"}],"author":[{"embeddable":true,"href":"https:\/\/jlggb.net\/jlb\/wp-json\/wp\/v2\/users\/2"}],"replies":[{"embeddable":true,"href":"https:\/\/jlggb.net\/jlb\/wp-json\/wp\/v2\/comments?post=839"}],"version-history":[{"count":3,"href":"https:\/\/jlggb.net\/jlb\/wp-json\/wp\/v2\/pages\/839\/revisions"}],"predecessor-version":[{"id":3522,"href":"https:\/\/jlggb.net\/jlb\/wp-json\/wp\/v2\/pages\/839\/revisions\/3522"}],"up":[{"embeddable":true,"href":"https:\/\/jlggb.net\/jlb\/wp-json\/wp\/v2\/pages\/558"}],"wp:attachment":[{"href":"https:\/\/jlggb.net\/jlb\/wp-json\/wp\/v2\/media?parent=839"}],"curies":[{"name":"wp","href":"https:\/\/api.w.org\/{rel}","templated":true}]}}