{"id":775,"date":"2011-04-11T17:43:06","date_gmt":"2011-04-11T16:43:06","guid":{"rendered":"http:\/\/jlggb.net\/jlb\/?page_id=775"},"modified":"2025-07-22T14:49:02","modified_gmt":"2025-07-22T12:49:02","slug":"1991-la-collection-a-l%e2%80%99oeuvre","status":"publish","type":"page","link":"https:\/\/jlggb.net\/jlb\/textes\/1991-la-collection-a-l%e2%80%99oeuvre\/","title":{"rendered":"1991 La collection \u00e0 l\u2019\u0153uvre"},"content":{"rendered":"<p><a href=\"https:\/\/jlggb.net\/jlb\/wp-content\/uploads\/2011\/04\/LRP-10-t1.jpg\" data-rel=\"lightbox-image-0\" data-imagelightbox=\"0\" data-rl_title=\"\" data-rl_caption=\"\"><img loading=\"lazy\" decoding=\"async\" class=\"alignnone size-full wp-image-776\" title=\"\" src=\"https:\/\/jlggb.net\/jlb\/wp-content\/uploads\/2011\/04\/LRP-10-t1.jpg\" alt=\"\" width=\"200\" height=\"279\" \/><\/a><br \/>\n<strong>La collection \u00e0 l\u2019\u0153uvre<\/strong><\/p>\n<p>L\u2019op\u00e9ration photographique est de l\u2019ordre de la collecte, une  cueillette de ce qui est peut-\u00eatre d\u00e9j\u00e0 une image. La collection est un  mouvement, un protocole, qui ouvrent sur la mod\u00e9lisation, sur une  intellection et une lecture des choses. La collection mise en \u0153uvre  contribue \u00e0 l\u2019existence du photographique dans le champ de l\u2019art moderne  et contemporain.<br \/>\nLe th\u00e8me de la collection est une mani\u00e8re de conclusion \u00e0 la  collaboration \u00e0 la revue La Recherche photographique, poursuivie depuis  sa fondation avec Andr\u00e9 Rouill\u00e9 en 1986. Il est l\u2019un des passages vers  l\u2019exploration de l\u2019interactivit\u00e9 et du virtuel en art. Il trouve ainsi  son expression dans la base de donn\u00e9es consid\u00e9r\u00e9e comme pratique  artistique, dans l\u2019installation M\u00e9moire de crayons et dans l\u2019entreprise  men\u00e9e autour de Rousseau.<br \/>\nCe texte est publi\u00e9 dans le n\u00b0 10 de <em>La Recherche photographique<\/em>, \u00ab Collection, s\u00e9rie\u00a0\u00bb, Paris, juin 1991 \u2014 voir la couverture reproduite ci-dessus.<br \/>\nIl est repris dans <em>La Relation comme forme<\/em>, Mamco\/Presses du R\u00e9el, 2009.<br \/>\n<span style=\"color: #ffffff;\">&#8211;<\/span><br \/>\n<a href=\"https:\/\/jlggb.net\/jlb\/wp-pdf\/JLB_Collection.pdf\" target=\"_blank\"><img loading=\"lazy\" decoding=\"async\" class=\"alignnone size-full wp-image-469\" title=\"pdf\" src=\"https:\/\/jlggb.net\/jlb\/wp-content\/uploads\/2009\/08\/pdf.jpg\" alt=\"\" width=\"48\" height=\"48\" \/><\/a><br \/>\nT\u00e9l\u00e9charger ce texte en pdf : <a href=\"https:\/\/jlggb.net\/jlb\/wp-pdf\/JLB_Collection.pdf\" target=\"_blank\">https:\/\/jlggb.net\/jlb\/wp-pdf\/JLB_Collection.pdf<\/a><\/p>\n","protected":false},"excerpt":{"rendered":"<p>La collection \u00e0 l\u2019\u0153uvre L\u2019op\u00e9ration photographique est de l\u2019ordre de la collecte, une cueillette de ce qui est peut-\u00eatre d\u00e9j\u00e0 une image. La collection est un mouvement, un protocole, qui ouvrent sur la mod\u00e9lisation, sur une intellection et une lecture des choses. La collection mise en \u0153uvre contribue \u00e0 l\u2019existence du photographique dans le champ &hellip; <a href=\"https:\/\/jlggb.net\/jlb\/textes\/1991-la-collection-a-l%e2%80%99oeuvre\/\" class=\"more-link\">Continuer la lecture de <span class=\"screen-reader-text\">1991 La collection \u00e0 l\u2019\u0153uvre<\/span><\/a><\/p>\n","protected":false},"author":2,"featured_media":0,"parent":645,"menu_order":0,"comment_status":"closed","ping_status":"closed","template":"","meta":{"footnotes":""},"class_list":["post-775","page","type-page","status-publish","hentry"],"_links":{"self":[{"href":"https:\/\/jlggb.net\/jlb\/wp-json\/wp\/v2\/pages\/775","targetHints":{"allow":["GET"]}}],"collection":[{"href":"https:\/\/jlggb.net\/jlb\/wp-json\/wp\/v2\/pages"}],"about":[{"href":"https:\/\/jlggb.net\/jlb\/wp-json\/wp\/v2\/types\/page"}],"author":[{"embeddable":true,"href":"https:\/\/jlggb.net\/jlb\/wp-json\/wp\/v2\/users\/2"}],"replies":[{"embeddable":true,"href":"https:\/\/jlggb.net\/jlb\/wp-json\/wp\/v2\/comments?post=775"}],"version-history":[{"count":1,"href":"https:\/\/jlggb.net\/jlb\/wp-json\/wp\/v2\/pages\/775\/revisions"}],"predecessor-version":[{"id":3674,"href":"https:\/\/jlggb.net\/jlb\/wp-json\/wp\/v2\/pages\/775\/revisions\/3674"}],"up":[{"embeddable":true,"href":"https:\/\/jlggb.net\/jlb\/wp-json\/wp\/v2\/pages\/645"}],"wp:attachment":[{"href":"https:\/\/jlggb.net\/jlb\/wp-json\/wp\/v2\/media?parent=775"}],"curies":[{"name":"wp","href":"https:\/\/api.w.org\/{rel}","templated":true}]}}