{"id":669,"date":"2010-07-14T23:54:40","date_gmt":"2010-07-14T22:54:40","guid":{"rendered":"http:\/\/jlggb.net\/jlb\/?page_id=669"},"modified":"2025-07-24T22:55:12","modified_gmt":"2025-07-24T20:55:12","slug":"1996-actualite-du-virtuel","status":"publish","type":"page","link":"https:\/\/jlggb.net\/jlb\/travaux\/1996-actualite-du-virtuel\/","title":{"rendered":"1996 Actualit\u00e9 du virtuel"},"content":{"rendered":"<p>Direction de la conception et de la r\u00e9alisation d&rsquo;un CD-ROM, Centre Pompidou<br \/>\n<a href=\"https:\/\/jlggb.net\/jlb\/wp-content\/uploads\/2010\/07\/Actualit\u00e9_du_virtuel_1997.jpg\" data-rel=\"lightbox-image-0\" data-imagelightbox=\"0\" data-rl_title=\"\" data-rl_caption=\"\"><img loading=\"lazy\" decoding=\"async\" class=\"alignnone size-full wp-image-728\" title=\"\" src=\"https:\/\/jlggb.net\/jlb\/wp-content\/uploads\/2010\/07\/Actualit\u00e9_du_virtuel_1997.jpg\" alt=\"\" width=\"240\" height=\"370\" srcset=\"https:\/\/jlggb.net\/jlb\/wp-content\/uploads\/2010\/07\/Actualit\u00e9_du_virtuel_1997.jpg 400w, https:\/\/jlggb.net\/jlb\/wp-content\/uploads\/2010\/07\/Actualit\u00e9_du_virtuel_1997-194x300.jpg 194w\" sizes=\"auto, (max-width: 240px) 100vw, 240px\" \/><\/a><br \/>\nD\u00e9cembre 1996 &#8211; 37 \u20ac<br \/>\nSous la direction de Jean-Louis Boissier<\/p>\n<p>Production du Centre Pompidou en collaboration avec l&rsquo;Universit\u00e9 Paris&nbsp;8<br \/>\nBilingue fran\u00e7ais\/anglais<br \/>\nCD-Rom Mac\/PC<br \/>\nISBN 2-85850-923-9<br \/>\nDiffusion Re:Voir<\/p>\n<p>Con\u00e7u par la <em>Revue virtuelle<\/em>, dont il rend compte des conf\u00e9rences et des expositions, ce CD-Rom est un ouvrage de r\u00e9f\u00e9rence, un instrument de documentation et de r\u00e9flexion. Les technologies du virtuel (images de synth\u00e8se, r\u00e9alit\u00e9 virtuelle, hyperm\u00e9dias et r\u00e9seaux) y sont envisag\u00e9es dans leurs divers usages, leurs implications th\u00e9oriques et esth\u00e9tiques, et leurs perspectives artistiques. Il est \u00e0 la fois un support des \u0153uvres, un objet mus\u00e9ographique et un catalogue.<\/p>\n<p>Voir : <a href=\"http:\/\/www.centrepompidou.fr\/Pompidou\/Edition.nsf\" target=\"_blank\" rel=\"noopener\">http:\/\/www.centrepompidou.fr\/Pompidou\/Edition.nsf<\/a><\/p>\n","protected":false},"excerpt":{"rendered":"<p>Direction de la conception et de la r\u00e9alisation d&rsquo;un CD-ROM, Centre Pompidou D\u00e9cembre 1996 &#8211; 37 \u20ac Sous la direction de Jean-Louis Boissier Production du Centre Pompidou en collaboration avec l&rsquo;Universit\u00e9 Paris&nbsp;8 Bilingue fran\u00e7ais\/anglais CD-Rom Mac\/PC ISBN 2-85850-923-9 Diffusion Re:Voir Con\u00e7u par la Revue virtuelle, dont il rend compte des conf\u00e9rences et des expositions, ce &hellip; <a href=\"https:\/\/jlggb.net\/jlb\/travaux\/1996-actualite-du-virtuel\/\" class=\"more-link\">Continuer la lecture de <span class=\"screen-reader-text\">1996 Actualit\u00e9 du virtuel<\/span><\/a><\/p>\n","protected":false},"author":2,"featured_media":0,"parent":556,"menu_order":18,"comment_status":"closed","ping_status":"closed","template":"","meta":{"footnotes":""},"class_list":["post-669","page","type-page","status-publish","hentry"],"_links":{"self":[{"href":"https:\/\/jlggb.net\/jlb\/wp-json\/wp\/v2\/pages\/669","targetHints":{"allow":["GET"]}}],"collection":[{"href":"https:\/\/jlggb.net\/jlb\/wp-json\/wp\/v2\/pages"}],"about":[{"href":"https:\/\/jlggb.net\/jlb\/wp-json\/wp\/v2\/types\/page"}],"author":[{"embeddable":true,"href":"https:\/\/jlggb.net\/jlb\/wp-json\/wp\/v2\/users\/2"}],"replies":[{"embeddable":true,"href":"https:\/\/jlggb.net\/jlb\/wp-json\/wp\/v2\/comments?post=669"}],"version-history":[{"count":2,"href":"https:\/\/jlggb.net\/jlb\/wp-json\/wp\/v2\/pages\/669\/revisions"}],"predecessor-version":[{"id":3710,"href":"https:\/\/jlggb.net\/jlb\/wp-json\/wp\/v2\/pages\/669\/revisions\/3710"}],"up":[{"embeddable":true,"href":"https:\/\/jlggb.net\/jlb\/wp-json\/wp\/v2\/pages\/556"}],"wp:attachment":[{"href":"https:\/\/jlggb.net\/jlb\/wp-json\/wp\/v2\/media?parent=669"}],"curies":[{"name":"wp","href":"https:\/\/api.w.org\/{rel}","templated":true}]}}