{"id":629,"date":"2010-07-14T23:27:34","date_gmt":"2010-07-14T22:27:34","guid":{"rendered":"http:\/\/jlggb.net\/jlb\/?page_id=629"},"modified":"2024-04-17T17:01:03","modified_gmt":"2024-04-17T15:01:03","slug":"1988-1990-image-calculee","status":"publish","type":"page","link":"https:\/\/jlggb.net\/jlb\/commissariat\/1988-1990-image-calculee\/","title":{"rendered":"1988-1990 Image calcul\u00e9e"},"content":{"rendered":"<p>Image calcul\u00e9e, exposition, Cit\u00e9 des sciences et de l&rsquo;industrie, La Villette, 1988-1989 puis exposition permanente \u00e0 partir de 1990.<\/p>\n<p>Co-commissaire avec Thierry Chaput. Sc\u00e9nographie de Philippe D\u00e9lis. Graphisme de Luc Maillet.<br \/>\n&nbsp;<\/p>\n<p><a href=\"https:\/\/jlggb.net\/jlb\/wp-content\/uploads\/2024\/04\/1988-image-calculee-csi-03-\u00a9jlb.jpg\" data-rel=\"lightbox-image-0\" data-imagelightbox=\"0\" data-rl_title=\"\" data-rl_caption=\"\" title=\"\"><img loading=\"lazy\" decoding=\"async\" src=\"https:\/\/jlggb.net\/jlb\/wp-content\/uploads\/2024\/04\/1988-image-calculee-csi-03-\u00a9jlb.jpg\" alt=\"\" width=\"640\" height=\"427\" class=\"alignnone size-full wp-image-3372\" srcset=\"https:\/\/jlggb.net\/jlb\/wp-content\/uploads\/2024\/04\/1988-image-calculee-csi-03-\u00a9jlb.jpg 2250w, https:\/\/jlggb.net\/jlb\/wp-content\/uploads\/2024\/04\/1988-image-calculee-csi-03-\u00a9jlb-300x200.jpg 300w, https:\/\/jlggb.net\/jlb\/wp-content\/uploads\/2024\/04\/1988-image-calculee-csi-03-\u00a9jlb-1024x683.jpg 1024w, https:\/\/jlggb.net\/jlb\/wp-content\/uploads\/2024\/04\/1988-image-calculee-csi-03-\u00a9jlb-768x512.jpg 768w, https:\/\/jlggb.net\/jlb\/wp-content\/uploads\/2024\/04\/1988-image-calculee-csi-03-\u00a9jlb-1536x1024.jpg 1536w, https:\/\/jlggb.net\/jlb\/wp-content\/uploads\/2024\/04\/1988-image-calculee-csi-03-\u00a9jlb-2048x1365.jpg 2048w, https:\/\/jlggb.net\/jlb\/wp-content\/uploads\/2024\/04\/1988-image-calculee-csi-03-\u00a9jlb-150x100.jpg 150w\" sizes=\"auto, (max-width: 640px) 100vw, 640px\" \/><\/a><br \/>\n<a href=\"https:\/\/jlggb.net\/jlb\/wp-content\/uploads\/2024\/03\/1988-image-calculee-csi-01-\u00a9jlb.jpg\" data-rel=\"lightbox-image-1\" data-imagelightbox=\"1\" data-rl_title=\"\" data-rl_caption=\"\" title=\"\"><img loading=\"lazy\" decoding=\"async\" class=\"alignnone wp-image-3344\" src=\"https:\/\/jlggb.net\/jlb\/wp-content\/uploads\/2024\/03\/1988-image-calculee-csi-01-\u00a9jlb.jpg\" alt=\"\" width=\"640\" height=\"427\" srcset=\"https:\/\/jlggb.net\/jlb\/wp-content\/uploads\/2024\/03\/1988-image-calculee-csi-01-\u00a9jlb.jpg 2250w, https:\/\/jlggb.net\/jlb\/wp-content\/uploads\/2024\/03\/1988-image-calculee-csi-01-\u00a9jlb-300x200.jpg 300w, https:\/\/jlggb.net\/jlb\/wp-content\/uploads\/2024\/03\/1988-image-calculee-csi-01-\u00a9jlb-1024x683.jpg 1024w, https:\/\/jlggb.net\/jlb\/wp-content\/uploads\/2024\/03\/1988-image-calculee-csi-01-\u00a9jlb-768x512.jpg 768w, https:\/\/jlggb.net\/jlb\/wp-content\/uploads\/2024\/03\/1988-image-calculee-csi-01-\u00a9jlb-1536x1024.jpg 1536w, https:\/\/jlggb.net\/jlb\/wp-content\/uploads\/2024\/03\/1988-image-calculee-csi-01-\u00a9jlb-2048x1365.jpg 2048w, https:\/\/jlggb.net\/jlb\/wp-content\/uploads\/2024\/03\/1988-image-calculee-csi-01-\u00a9jlb-150x100.jpg 150w\" sizes=\"auto, (max-width: 640px) 100vw, 640px\" \/><\/a><br \/>\n<a href=\"https:\/\/jlggb.net\/jlb\/wp-content\/uploads\/2024\/04\/1988-image-calculee-csi-07-\u00a9jlb.jpg\" data-rel=\"lightbox-image-2\" data-imagelightbox=\"2\" data-rl_title=\"\" data-rl_caption=\"\" title=\"\"><img loading=\"lazy\" decoding=\"async\" class=\"alignnone size-full wp-image-3366\" src=\"https:\/\/jlggb.net\/jlb\/wp-content\/uploads\/2024\/04\/1988-image-calculee-csi-07-\u00a9jlb.jpg\" alt=\"\" width=\"640\" height=\"427\" srcset=\"https:\/\/jlggb.net\/jlb\/wp-content\/uploads\/2024\/04\/1988-image-calculee-csi-07-\u00a9jlb.jpg 2250w, https:\/\/jlggb.net\/jlb\/wp-content\/uploads\/2024\/04\/1988-image-calculee-csi-07-\u00a9jlb-300x200.jpg 300w, https:\/\/jlggb.net\/jlb\/wp-content\/uploads\/2024\/04\/1988-image-calculee-csi-07-\u00a9jlb-1024x683.jpg 1024w, https:\/\/jlggb.net\/jlb\/wp-content\/uploads\/2024\/04\/1988-image-calculee-csi-07-\u00a9jlb-768x512.jpg 768w, https:\/\/jlggb.net\/jlb\/wp-content\/uploads\/2024\/04\/1988-image-calculee-csi-07-\u00a9jlb-1536x1024.jpg 1536w, https:\/\/jlggb.net\/jlb\/wp-content\/uploads\/2024\/04\/1988-image-calculee-csi-07-\u00a9jlb-2048x1365.jpg 2048w, https:\/\/jlggb.net\/jlb\/wp-content\/uploads\/2024\/04\/1988-image-calculee-csi-07-\u00a9jlb-150x100.jpg 150w\" sizes=\"auto, (max-width: 640px) 100vw, 640px\" \/><\/a><br \/>\n<a href=\"https:\/\/jlggb.net\/jlb\/wp-content\/uploads\/2024\/04\/1988-image-calculee-csi-06-\u00a9jlb.jpg\" data-rel=\"lightbox-image-3\" data-imagelightbox=\"3\" data-rl_title=\"\" data-rl_caption=\"\" title=\"\"><img loading=\"lazy\" decoding=\"async\" class=\"alignnone size-full wp-image-3365\" src=\"https:\/\/jlggb.net\/jlb\/wp-content\/uploads\/2024\/04\/1988-image-calculee-csi-06-\u00a9jlb.jpg\" alt=\"\" width=\"640\" height=\"427\" srcset=\"https:\/\/jlggb.net\/jlb\/wp-content\/uploads\/2024\/04\/1988-image-calculee-csi-06-\u00a9jlb.jpg 2250w, https:\/\/jlggb.net\/jlb\/wp-content\/uploads\/2024\/04\/1988-image-calculee-csi-06-\u00a9jlb-300x200.jpg 300w, https:\/\/jlggb.net\/jlb\/wp-content\/uploads\/2024\/04\/1988-image-calculee-csi-06-\u00a9jlb-1024x683.jpg 1024w, https:\/\/jlggb.net\/jlb\/wp-content\/uploads\/2024\/04\/1988-image-calculee-csi-06-\u00a9jlb-768x512.jpg 768w, https:\/\/jlggb.net\/jlb\/wp-content\/uploads\/2024\/04\/1988-image-calculee-csi-06-\u00a9jlb-1536x1024.jpg 1536w, https:\/\/jlggb.net\/jlb\/wp-content\/uploads\/2024\/04\/1988-image-calculee-csi-06-\u00a9jlb-2048x1365.jpg 2048w, https:\/\/jlggb.net\/jlb\/wp-content\/uploads\/2024\/04\/1988-image-calculee-csi-06-\u00a9jlb-150x100.jpg 150w\" sizes=\"auto, (max-width: 640px) 100vw, 640px\" \/><\/a><br \/>\n<a href=\"https:\/\/jlggb.net\/jlb\/wp-content\/uploads\/2024\/04\/1988-image-calculee-csi-05-\u00a9jlb.jpg\" data-rel=\"lightbox-image-4\" data-imagelightbox=\"4\" data-rl_title=\"\" data-rl_caption=\"\" title=\"\"><img loading=\"lazy\" decoding=\"async\" class=\"alignnone size-full wp-image-3364\" src=\"https:\/\/jlggb.net\/jlb\/wp-content\/uploads\/2024\/04\/1988-image-calculee-csi-05-\u00a9jlb.jpg\" alt=\"\" width=\"640\" height=\"427\" srcset=\"https:\/\/jlggb.net\/jlb\/wp-content\/uploads\/2024\/04\/1988-image-calculee-csi-05-\u00a9jlb.jpg 2250w, https:\/\/jlggb.net\/jlb\/wp-content\/uploads\/2024\/04\/1988-image-calculee-csi-05-\u00a9jlb-300x200.jpg 300w, https:\/\/jlggb.net\/jlb\/wp-content\/uploads\/2024\/04\/1988-image-calculee-csi-05-\u00a9jlb-1024x683.jpg 1024w, https:\/\/jlggb.net\/jlb\/wp-content\/uploads\/2024\/04\/1988-image-calculee-csi-05-\u00a9jlb-768x512.jpg 768w, https:\/\/jlggb.net\/jlb\/wp-content\/uploads\/2024\/04\/1988-image-calculee-csi-05-\u00a9jlb-1536x1024.jpg 1536w, https:\/\/jlggb.net\/jlb\/wp-content\/uploads\/2024\/04\/1988-image-calculee-csi-05-\u00a9jlb-2048x1365.jpg 2048w, https:\/\/jlggb.net\/jlb\/wp-content\/uploads\/2024\/04\/1988-image-calculee-csi-05-\u00a9jlb-150x100.jpg 150w\" sizes=\"auto, (max-width: 640px) 100vw, 640px\" \/><\/a><\/p>\n<p>Section \u00ab\u00a0Biblioth\u00e8que \u00bb, mise en regard d&rsquo;objets et d&rsquo;images historique faisant appel au calcul et de vid\u00e9os d&rsquo;images calcul\u00e9es de visualisation, scientifiques, artistiques.<\/p>\n<p><a href=\"https:\/\/jlggb.net\/jlb\/wp-content\/uploads\/2024\/04\/1988-image-calculee-csi-04-\u00a9jlb.jpg\" data-rel=\"lightbox-image-5\" data-imagelightbox=\"5\" data-rl_title=\"\" data-rl_caption=\"\" title=\"\"><img loading=\"lazy\" decoding=\"async\" class=\"alignnone size-full wp-image-3362\" src=\"https:\/\/jlggb.net\/jlb\/wp-content\/uploads\/2024\/04\/1988-image-calculee-csi-04-\u00a9jlb.jpg\" alt=\"\" width=\"640\" height=\"480\" \/><\/a><br \/>\n<a href=\"https:\/\/jlggb.net\/jlb\/wp-content\/uploads\/2024\/03\/1988-image-calculee-csi-02-\u00a9jlb.jpg\" data-rel=\"lightbox-image-6\" data-imagelightbox=\"6\" data-rl_title=\"\" data-rl_caption=\"\" title=\"\"><img loading=\"lazy\" decoding=\"async\" class=\"alignnone wp-image-3345\" src=\"https:\/\/jlggb.net\/jlb\/wp-content\/uploads\/2024\/03\/1988-image-calculee-csi-02-\u00a9jlb.jpg\" alt=\"\" width=\"640\" height=\"427\" srcset=\"https:\/\/jlggb.net\/jlb\/wp-content\/uploads\/2024\/03\/1988-image-calculee-csi-02-\u00a9jlb.jpg 2250w, https:\/\/jlggb.net\/jlb\/wp-content\/uploads\/2024\/03\/1988-image-calculee-csi-02-\u00a9jlb-300x200.jpg 300w, https:\/\/jlggb.net\/jlb\/wp-content\/uploads\/2024\/03\/1988-image-calculee-csi-02-\u00a9jlb-1024x683.jpg 1024w, https:\/\/jlggb.net\/jlb\/wp-content\/uploads\/2024\/03\/1988-image-calculee-csi-02-\u00a9jlb-768x512.jpg 768w, https:\/\/jlggb.net\/jlb\/wp-content\/uploads\/2024\/03\/1988-image-calculee-csi-02-\u00a9jlb-1536x1024.jpg 1536w, https:\/\/jlggb.net\/jlb\/wp-content\/uploads\/2024\/03\/1988-image-calculee-csi-02-\u00a9jlb-2048x1365.jpg 2048w, https:\/\/jlggb.net\/jlb\/wp-content\/uploads\/2024\/03\/1988-image-calculee-csi-02-\u00a9jlb-150x100.jpg 150w\" sizes=\"auto, (max-width: 640px) 100vw, 640px\" \/><\/a><br \/>\nSection \u00ab Laboratoire\u00a0\u00bb, images calcul\u00e9es dans divers domaines d&rsquo;application.<\/p>\n<p>\u00a9Jean-Louis Boissier, Paris, 1988<\/p>\n","protected":false},"excerpt":{"rendered":"<p>Image calcul\u00e9e, exposition, Cit\u00e9 des sciences et de l&rsquo;industrie, La Villette, 1988-1989 puis exposition permanente \u00e0 partir de 1990. Co-commissaire avec Thierry Chaput. Sc\u00e9nographie de Philippe D\u00e9lis. Graphisme de Luc Maillet. &nbsp; Section \u00ab\u00a0Biblioth\u00e8que \u00bb, mise en regard d&rsquo;objets et d&rsquo;images historique faisant appel au calcul et de vid\u00e9os d&rsquo;images calcul\u00e9es de visualisation, scientifiques, artistiques. &hellip; <a href=\"https:\/\/jlggb.net\/jlb\/commissariat\/1988-1990-image-calculee\/\" class=\"more-link\">Continuer la lecture de <span class=\"screen-reader-text\">1988-1990 Image calcul\u00e9e<\/span><\/a><\/p>\n","protected":false},"author":2,"featured_media":0,"parent":593,"menu_order":13,"comment_status":"closed","ping_status":"closed","template":"","meta":{"footnotes":""},"class_list":["post-629","page","type-page","status-publish","hentry"],"_links":{"self":[{"href":"https:\/\/jlggb.net\/jlb\/wp-json\/wp\/v2\/pages\/629","targetHints":{"allow":["GET"]}}],"collection":[{"href":"https:\/\/jlggb.net\/jlb\/wp-json\/wp\/v2\/pages"}],"about":[{"href":"https:\/\/jlggb.net\/jlb\/wp-json\/wp\/v2\/types\/page"}],"author":[{"embeddable":true,"href":"https:\/\/jlggb.net\/jlb\/wp-json\/wp\/v2\/users\/2"}],"replies":[{"embeddable":true,"href":"https:\/\/jlggb.net\/jlb\/wp-json\/wp\/v2\/comments?post=629"}],"version-history":[{"count":10,"href":"https:\/\/jlggb.net\/jlb\/wp-json\/wp\/v2\/pages\/629\/revisions"}],"predecessor-version":[{"id":3374,"href":"https:\/\/jlggb.net\/jlb\/wp-json\/wp\/v2\/pages\/629\/revisions\/3374"}],"up":[{"embeddable":true,"href":"https:\/\/jlggb.net\/jlb\/wp-json\/wp\/v2\/pages\/593"}],"wp:attachment":[{"href":"https:\/\/jlggb.net\/jlb\/wp-json\/wp\/v2\/media?parent=629"}],"curies":[{"name":"wp","href":"https:\/\/api.w.org\/{rel}","templated":true}]}}