{"id":618,"date":"2010-07-14T23:21:47","date_gmt":"2010-07-14T22:21:47","guid":{"rendered":"http:\/\/jlggb.net\/jlb\/?page_id=618"},"modified":"2021-01-23T10:51:52","modified_gmt":"2021-01-23T09:51:52","slug":"2002-2003-2004-jouable","status":"publish","type":"page","link":"https:\/\/jlggb.net\/jlb\/commissariat\/2002-2003-2004-jouable\/","title":{"rendered":"2002-2003-2004 Jouable"},"content":{"rendered":"<p>(\u00c0 compl\u00e9ter)<\/p>\n<p>Fruit d\u2019une collaboration internationale entre des \u00e9tablissements d\u2019enseignement et de recherches artistiques, l\u2019op\u00e9ration <em>Jouable<\/em> vise \u00e0 soutenir et \u00e0 faire conna\u00eetre des travaux qui explorent l\u2019interactivit\u00e9 dans les arts num\u00e9riques. Entre 2001 et 2004 elle a programm\u00e9 trois expositions (Gen\u00e8ve, 2002 ; Kyoto, 2003 ; Paris 2004), de nombreux workshops et un colloque international centr\u00e9 sur \u00ab Art, jeu et interactivit\u00e9 \u00bb.<\/p>\n<p>&nbsp;<\/p>\n<p><a href=\"https:\/\/jlggb.net\/jlb\/wp-content\/uploads\/2021\/01\/jouable3-2004-plan-scaled.jpg\" data-rel=\"lightbox-image-0\" data-imagelightbox=\"0\" data-rl_title=\"\" data-rl_caption=\"\" title=\"\"><img loading=\"lazy\" decoding=\"async\" class=\"alignnone wp-image-2949\" src=\"https:\/\/jlggb.net\/jlb\/wp-content\/uploads\/2021\/01\/jouable3-2004-plan-scaled.jpg\" alt=\"\" width=\"640\" height=\"905\" srcset=\"https:\/\/jlggb.net\/jlb\/wp-content\/uploads\/2021\/01\/jouable3-2004-plan-scaled.jpg 1811w, https:\/\/jlggb.net\/jlb\/wp-content\/uploads\/2021\/01\/jouable3-2004-plan-212x300.jpg 212w, https:\/\/jlggb.net\/jlb\/wp-content\/uploads\/2021\/01\/jouable3-2004-plan-724x1024.jpg 724w, https:\/\/jlggb.net\/jlb\/wp-content\/uploads\/2021\/01\/jouable3-2004-plan-768x1086.jpg 768w, https:\/\/jlggb.net\/jlb\/wp-content\/uploads\/2021\/01\/jouable3-2004-plan-1087x1536.jpg 1087w, https:\/\/jlggb.net\/jlb\/wp-content\/uploads\/2021\/01\/jouable3-2004-plan-1449x2048.jpg 1449w, https:\/\/jlggb.net\/jlb\/wp-content\/uploads\/2021\/01\/jouable3-2004-plan-106x150.jpg 106w\" sizes=\"auto, (max-width: 640px) 100vw, 640px\" \/><\/a><\/p>\n","protected":false},"excerpt":{"rendered":"<p>(\u00c0 compl\u00e9ter) Fruit d\u2019une collaboration internationale entre des \u00e9tablissements d\u2019enseignement et de recherches artistiques, l\u2019op\u00e9ration Jouable vise \u00e0 soutenir et \u00e0 faire conna\u00eetre des travaux qui explorent l\u2019interactivit\u00e9 dans les arts num\u00e9riques. Entre 2001 et 2004 elle a programm\u00e9 trois expositions (Gen\u00e8ve, 2002 ; Kyoto, 2003 ; Paris 2004), de nombreux workshops et un colloque &hellip; <a href=\"https:\/\/jlggb.net\/jlb\/commissariat\/2002-2003-2004-jouable\/\" class=\"more-link\">Continuer la lecture de <span class=\"screen-reader-text\">2002-2003-2004 Jouable<\/span><\/a><\/p>\n","protected":false},"author":2,"featured_media":0,"parent":593,"menu_order":21,"comment_status":"closed","ping_status":"closed","template":"","meta":{"footnotes":""},"class_list":["post-618","page","type-page","status-publish","hentry"],"_links":{"self":[{"href":"https:\/\/jlggb.net\/jlb\/wp-json\/wp\/v2\/pages\/618","targetHints":{"allow":["GET"]}}],"collection":[{"href":"https:\/\/jlggb.net\/jlb\/wp-json\/wp\/v2\/pages"}],"about":[{"href":"https:\/\/jlggb.net\/jlb\/wp-json\/wp\/v2\/types\/page"}],"author":[{"embeddable":true,"href":"https:\/\/jlggb.net\/jlb\/wp-json\/wp\/v2\/users\/2"}],"replies":[{"embeddable":true,"href":"https:\/\/jlggb.net\/jlb\/wp-json\/wp\/v2\/comments?post=618"}],"version-history":[{"count":3,"href":"https:\/\/jlggb.net\/jlb\/wp-json\/wp\/v2\/pages\/618\/revisions"}],"predecessor-version":[{"id":2950,"href":"https:\/\/jlggb.net\/jlb\/wp-json\/wp\/v2\/pages\/618\/revisions\/2950"}],"up":[{"embeddable":true,"href":"https:\/\/jlggb.net\/jlb\/wp-json\/wp\/v2\/pages\/593"}],"wp:attachment":[{"href":"https:\/\/jlggb.net\/jlb\/wp-json\/wp\/v2\/media?parent=618"}],"curies":[{"name":"wp","href":"https:\/\/api.w.org\/{rel}","templated":true}]}}