{"id":604,"date":"2010-07-14T23:14:48","date_gmt":"2010-07-14T22:14:48","guid":{"rendered":"http:\/\/jlggb.net\/jlb\/?page_id=604"},"modified":"2021-01-23T10:32:05","modified_gmt":"2021-01-23T09:32:05","slug":"1994-artifices-3","status":"publish","type":"page","link":"https:\/\/jlggb.net\/jlb\/commissariat\/1994-artifices-3\/","title":{"rendered":"1994 Artifices 3"},"content":{"rendered":"<p>&nbsp;<\/p>\n<p><a href=\"https:\/\/jlggb.net\/jlb\/wp-content\/uploads\/2021\/01\/artifices-3-plan-scaled.jpg\" data-rel=\"lightbox-image-0\" data-imagelightbox=\"0\" data-rl_title=\"\" data-rl_caption=\"\" title=\"\"><img loading=\"lazy\" decoding=\"async\" class=\"alignnone wp-image-2939\" src=\"https:\/\/jlggb.net\/jlb\/wp-content\/uploads\/2021\/01\/artifices-3-plan-scaled.jpg\" alt=\"\" width=\"640\" height=\"905\" srcset=\"https:\/\/jlggb.net\/jlb\/wp-content\/uploads\/2021\/01\/artifices-3-plan-scaled.jpg 1811w, https:\/\/jlggb.net\/jlb\/wp-content\/uploads\/2021\/01\/artifices-3-plan-212x300.jpg 212w, https:\/\/jlggb.net\/jlb\/wp-content\/uploads\/2021\/01\/artifices-3-plan-724x1024.jpg 724w, https:\/\/jlggb.net\/jlb\/wp-content\/uploads\/2021\/01\/artifices-3-plan-768x1086.jpg 768w, https:\/\/jlggb.net\/jlb\/wp-content\/uploads\/2021\/01\/artifices-3-plan-1087x1536.jpg 1087w, https:\/\/jlggb.net\/jlb\/wp-content\/uploads\/2021\/01\/artifices-3-plan-1449x2048.jpg 1449w, https:\/\/jlggb.net\/jlb\/wp-content\/uploads\/2021\/01\/artifices-3-plan-106x150.jpg 106w\" sizes=\"auto, (max-width: 640px) 100vw, 640px\" \/><\/a><\/p>\n<p>SITE DE LA BIENNALE ARTIFICES<\/p>\n<p><a href=\"http:\/\/www.ciren.org\/artifice\/index.html\">http:\/\/www.ciren.org\/artifice\/index.html<\/a><\/p>\n<p>&nbsp;<\/p>\n<p>G\u00c9N\u00c9RIQUE DE ARTIFICES 3<\/p>\n<p>Production de la Ville de Saint-Denis, direction des Affaires culturelles<\/p>\n<p>Avec le soutien du minist\u00e8re de la Culture et de la Francophonie, d\u00e9l\u00e9gation aux Arts plastiques et du conseil g\u00e9n\u00e9ral de Seine-Saint-Denis<\/p>\n<p>Avec la participation du conseil r\u00e9gional d\u00b4\u00cele-de-France<\/p>\n<p>Avec le concours de l\u00b4Universit\u00e9 Paris 8<\/p>\n<p>Avec le partenariat privil\u00e9gi\u00e9 d\u00b4\u00c9lectricit\u00e9 de France<\/p>\n<p>Avec l\u00b4aide d\u00b4Apple France<\/p>\n<p>Avec le concours de Siemens<\/p>\n<p>Direction du projet : Anne Perrot<\/p>\n<p>Direction artistique de la biennale Artifices : Jean-Louis Boissier<\/p>\n<p>Commissaires : Jean-Louis Boissier, Anne-Marie Duguet<\/p>\n<p>\u00c9dition et documentation : Liliane Terrier<\/p>\n<p>Coordination de la production : Marjorie Micucci<br \/>\nPartenariat et coordination de la r\u00e9alisation technique : Claire Herlic<br \/>\nAction culturelle : Nathalie Lecroc<br \/>\nPromotion et formation : Jean-Marie Dallet<\/p>\n<p>Relations avec la presse : Yvette Sautour<\/p>\n<p>Sc\u00e9nographie et architecture : Int\u00e9gral Philippe D\u00e9lis et associ\u00e9s, B\u00e9atrice Selleron<br \/>\nConception graphique : Int\u00e9gral Ruedi Baur et associ\u00e9s, F\u00e9lix M\u00fcller<br \/>\nConstruction : ateliers municipaux de Saint-Denis<br \/>\nConseil technique : Christian Laroche<br \/>\nR\u00e9gie technique : Patrick Joseph<\/p>\n<p>Laboratoire : Jean-Marie Dallet, Liliane Terrier<\/p>\n<p>Biblioth\u00e8que : Fran\u00e7oise Agez, Jean-Louis Boissier<\/p>\n<p>Catalogue : Jean-Louis Boissier, Anne-Marie Duguet, Liliane Terrier<\/p>\n","protected":false},"excerpt":{"rendered":"<p>&nbsp; SITE DE LA BIENNALE ARTIFICES http:\/\/www.ciren.org\/artifice\/index.html &nbsp; G\u00c9N\u00c9RIQUE DE ARTIFICES 3 Production de la Ville de Saint-Denis, direction des Affaires culturelles Avec le soutien du minist\u00e8re de la Culture et de la Francophonie, d\u00e9l\u00e9gation aux Arts plastiques et du conseil g\u00e9n\u00e9ral de Seine-Saint-Denis Avec la participation du conseil r\u00e9gional d\u00b4\u00cele-de-France Avec le concours de &hellip; <a href=\"https:\/\/jlggb.net\/jlb\/commissariat\/1994-artifices-3\/\" class=\"more-link\">Continuer la lecture de <span class=\"screen-reader-text\">1994 Artifices 3<\/span><\/a><\/p>\n","protected":false},"author":2,"featured_media":0,"parent":593,"menu_order":15,"comment_status":"closed","ping_status":"closed","template":"","meta":{"footnotes":""},"class_list":["post-604","page","type-page","status-publish","hentry"],"_links":{"self":[{"href":"https:\/\/jlggb.net\/jlb\/wp-json\/wp\/v2\/pages\/604","targetHints":{"allow":["GET"]}}],"collection":[{"href":"https:\/\/jlggb.net\/jlb\/wp-json\/wp\/v2\/pages"}],"about":[{"href":"https:\/\/jlggb.net\/jlb\/wp-json\/wp\/v2\/types\/page"}],"author":[{"embeddable":true,"href":"https:\/\/jlggb.net\/jlb\/wp-json\/wp\/v2\/users\/2"}],"replies":[{"embeddable":true,"href":"https:\/\/jlggb.net\/jlb\/wp-json\/wp\/v2\/comments?post=604"}],"version-history":[{"count":7,"href":"https:\/\/jlggb.net\/jlb\/wp-json\/wp\/v2\/pages\/604\/revisions"}],"predecessor-version":[{"id":2943,"href":"https:\/\/jlggb.net\/jlb\/wp-json\/wp\/v2\/pages\/604\/revisions\/2943"}],"up":[{"embeddable":true,"href":"https:\/\/jlggb.net\/jlb\/wp-json\/wp\/v2\/pages\/593"}],"wp:attachment":[{"href":"https:\/\/jlggb.net\/jlb\/wp-json\/wp\/v2\/media?parent=604"}],"curies":[{"name":"wp","href":"https:\/\/api.w.org\/{rel}","templated":true}]}}