{"id":601,"date":"2010-07-14T23:13:26","date_gmt":"2010-07-14T22:13:26","guid":{"rendered":"http:\/\/jlggb.net\/jlb\/?page_id=601"},"modified":"2021-01-23T10:29:17","modified_gmt":"2021-01-23T09:29:17","slug":"1992-artifices-2","status":"publish","type":"page","link":"https:\/\/jlggb.net\/jlb\/commissariat\/1992-artifices-2\/","title":{"rendered":"1992 Artifices 2"},"content":{"rendered":"<p><a href=\"https:\/\/jlggb.net\/jlb\/wp-content\/uploads\/2021\/01\/artifices-2-plan-scaled.jpg\" data-rel=\"lightbox-image-0\" data-imagelightbox=\"0\" data-rl_title=\"\" data-rl_caption=\"\" title=\"\"><img loading=\"lazy\" decoding=\"async\" class=\"alignnone wp-image-2940\" src=\"https:\/\/jlggb.net\/jlb\/wp-content\/uploads\/2021\/01\/artifices-2-plan-scaled.jpg\" alt=\"\" width=\"640\" height=\"905\" srcset=\"https:\/\/jlggb.net\/jlb\/wp-content\/uploads\/2021\/01\/artifices-2-plan-scaled.jpg 1811w, https:\/\/jlggb.net\/jlb\/wp-content\/uploads\/2021\/01\/artifices-2-plan-212x300.jpg 212w, https:\/\/jlggb.net\/jlb\/wp-content\/uploads\/2021\/01\/artifices-2-plan-724x1024.jpg 724w, https:\/\/jlggb.net\/jlb\/wp-content\/uploads\/2021\/01\/artifices-2-plan-768x1086.jpg 768w, https:\/\/jlggb.net\/jlb\/wp-content\/uploads\/2021\/01\/artifices-2-plan-1087x1536.jpg 1087w, https:\/\/jlggb.net\/jlb\/wp-content\/uploads\/2021\/01\/artifices-2-plan-1449x2048.jpg 1449w, https:\/\/jlggb.net\/jlb\/wp-content\/uploads\/2021\/01\/artifices-2-plan-106x150.jpg 106w\" sizes=\"auto, (max-width: 640px) 100vw, 640px\" \/><\/a><\/p>\n<p><img loading=\"lazy\" decoding=\"async\" class=\"alignnone wp-image-2935 size-full\" src=\"https:\/\/jlggb.net\/jlb\/wp-content\/uploads\/2021\/01\/Artifices2-Gilardi.jpg\" alt=\"\" width=\"400\" height=\"267\" srcset=\"https:\/\/jlggb.net\/jlb\/wp-content\/uploads\/2021\/01\/Artifices2-Gilardi.jpg 400w, https:\/\/jlggb.net\/jlb\/wp-content\/uploads\/2021\/01\/Artifices2-Gilardi-300x200.jpg 300w, https:\/\/jlggb.net\/jlb\/wp-content\/uploads\/2021\/01\/Artifices2-Gilardi-150x100.jpg 150w\" sizes=\"auto, (max-width: 400px) 100vw, 400px\" \/><br \/>\nPiero Gilardi, <em>Nord vs. Sud<\/em>, Artifices 2, 1992 (photo JLB)<\/p>\n<p>G\u00c9N\u00c9RIQUE DE ARTIFICES 2<\/p>\n<p>R\u00e9alisation de la Ville de Saint-Denis, Direction des affaires culturelles,<br \/>\navec le soutien du Minist\u00e8re de l&rsquo;\u00c9ducation nationale et de la Culture, D\u00e9l\u00e9gation aux arts plastiques,<br \/>\navec la participation du Conseil g\u00e9n\u00e9ral de Seine Saint-Denis et du Conseil r\u00e9gional d&rsquo;Ile-de-France,<br \/>\navec le partenariat privil\u00e9gi\u00e9 d&rsquo;\u00c9lectricit\u00e9 de France,<br \/>\navec le concours de Gaz de France et de la soci\u00e9t\u00e9 E.A.G. Volume pour son apport en \u00e9quipement.<\/p>\n<p>Direction du projet : Anne Perrot<\/p>\n<p>Direction artistique : Jean-Louis Boissier<\/p>\n<p>Coordination de la production : Marjorie Micucci<br \/>\nCoordination de la r\u00e9alisation technique : Vincent Faure<br \/>\nGestion : Val\u00e9rie Bouet<br \/>\nSc\u00e9nographie, architecture : Atelier Philippe D\u00e9lis, B\u00e9atrice Selleron<br \/>\nConstruction : Ateliers municipaux de Saint-Denis et E.A.G. Volume<br \/>\nR\u00e9gie technique : Vahid Amidi<br \/>\nCommunication\/Presse : Yvette Sautour<br \/>\nConception graphique : Int\u00e9gral Concept, Ruedi Baur, F\u00e9lix Muller<br \/>\nAction culturelle : Jean-Marie Dallet<br \/>\nCatalogue\/Documentation : Liliane Terrier<\/p>\n<p>&nbsp;<\/p>\n<p>SITE DE LA BIENNALE ARTIFICES<\/p>\n<p><a href=\"http:\/\/www.ciren.org\/artifice\/index.html\">http:\/\/www.ciren.org\/artifice\/index.html<\/a><\/p>\n","protected":false},"excerpt":{"rendered":"<p>Piero Gilardi, Nord vs. Sud, Artifices 2, 1992 (photo JLB) G\u00c9N\u00c9RIQUE DE ARTIFICES 2 R\u00e9alisation de la Ville de Saint-Denis, Direction des affaires culturelles, avec le soutien du Minist\u00e8re de l&rsquo;\u00c9ducation nationale et de la Culture, D\u00e9l\u00e9gation aux arts plastiques, avec la participation du Conseil g\u00e9n\u00e9ral de Seine Saint-Denis et du Conseil r\u00e9gional d&rsquo;Ile-de-France, avec &hellip; <a href=\"https:\/\/jlggb.net\/jlb\/commissariat\/1992-artifices-2\/\" class=\"more-link\">Continuer la lecture de <span class=\"screen-reader-text\">1992 Artifices 2<\/span><\/a><\/p>\n","protected":false},"author":2,"featured_media":0,"parent":593,"menu_order":15,"comment_status":"closed","ping_status":"closed","template":"","meta":{"footnotes":""},"class_list":["post-601","page","type-page","status-publish","hentry"],"_links":{"self":[{"href":"https:\/\/jlggb.net\/jlb\/wp-json\/wp\/v2\/pages\/601","targetHints":{"allow":["GET"]}}],"collection":[{"href":"https:\/\/jlggb.net\/jlb\/wp-json\/wp\/v2\/pages"}],"about":[{"href":"https:\/\/jlggb.net\/jlb\/wp-json\/wp\/v2\/types\/page"}],"author":[{"embeddable":true,"href":"https:\/\/jlggb.net\/jlb\/wp-json\/wp\/v2\/users\/2"}],"replies":[{"embeddable":true,"href":"https:\/\/jlggb.net\/jlb\/wp-json\/wp\/v2\/comments?post=601"}],"version-history":[{"count":7,"href":"https:\/\/jlggb.net\/jlb\/wp-json\/wp\/v2\/pages\/601\/revisions"}],"predecessor-version":[{"id":2941,"href":"https:\/\/jlggb.net\/jlb\/wp-json\/wp\/v2\/pages\/601\/revisions\/2941"}],"up":[{"embeddable":true,"href":"https:\/\/jlggb.net\/jlb\/wp-json\/wp\/v2\/pages\/593"}],"wp:attachment":[{"href":"https:\/\/jlggb.net\/jlb\/wp-json\/wp\/v2\/media?parent=601"}],"curies":[{"name":"wp","href":"https:\/\/api.w.org\/{rel}","templated":true}]}}