{"id":59,"date":"2009-08-27T00:16:29","date_gmt":"2009-08-26T23:16:29","guid":{"rendered":"http:\/\/jlggb.net\/jlb\/?page_id=59"},"modified":"2025-04-16T22:35:01","modified_gmt":"2025-04-16T20:35:01","slug":"contact","status":"publish","type":"page","link":"https:\/\/jlggb.net\/jlb\/curiculum-vit%c3%a6\/contact\/","title":{"rendered":"Contact"},"content":{"rendered":"<p>Jean-Louis Boissier<br \/>\nChercheur en art<br \/>\nProfesseur \u00e9m\u00e9rite en esth\u00e9tique et art contemporain (depuis 2013)<br \/>\nFondateur de l&rsquo;\u00e9quipe de recherche \u00ab Esth\u00e9tique des nouveaux m\u00e9dias \u00bb<br \/>\nUniversit\u00e9 Paris 8<br \/>\n2 rue de la Libert\u00e9, 93526, Saint-Denis cedex, France<\/p>\n<p><a href=\"https:\/\/jlggb.net\/jlb\/wp-content\/uploads\/2025\/04\/transports-mail.png\" data-rel=\"lightbox-image-0\" data-imagelightbox=\"0\" data-rl_title=\"\" data-rl_caption=\"\" title=\"\"><img loading=\"lazy\" decoding=\"async\" class=\"alignnone wp-image-3519\" src=\"https:\/\/jlggb.net\/jlb\/wp-content\/uploads\/2025\/04\/transports-mail.png\" alt=\"\" width=\"373\" height=\"33\" srcset=\"https:\/\/jlggb.net\/jlb\/wp-content\/uploads\/2025\/04\/transports-mail.png 610w, https:\/\/jlggb.net\/jlb\/wp-content\/uploads\/2025\/04\/transports-mail-300x28.png 300w\" sizes=\"auto, (max-width: 373px) 100vw, 373px\" \/><\/a><\/p>\n<p>\u00a9 Jean-Louis Boissier &gt; Les documents pr\u00e9sents sur ce site ne peuvent pas \u00eatre utilis\u00e9s sans un accord \u00e0 demander \u00e0 l&rsquo;adresse ci-dessus.<\/p>\n","protected":false},"excerpt":{"rendered":"<p>Jean-Louis Boissier Chercheur en art Professeur \u00e9m\u00e9rite en esth\u00e9tique et art contemporain (depuis 2013) Fondateur de l&rsquo;\u00e9quipe de recherche \u00ab Esth\u00e9tique des nouveaux m\u00e9dias \u00bb Universit\u00e9 Paris 8 2 rue de la Libert\u00e9, 93526, Saint-Denis cedex, France \u00a9 Jean-Louis Boissier &gt; Les documents pr\u00e9sents sur ce site ne peuvent pas \u00eatre utilis\u00e9s sans un accord &hellip; <a href=\"https:\/\/jlggb.net\/jlb\/curiculum-vit%c3%a6\/contact\/\" class=\"more-link\">Continuer la lecture de <span class=\"screen-reader-text\">Contact<\/span><\/a><\/p>\n","protected":false},"author":2,"featured_media":0,"parent":558,"menu_order":3,"comment_status":"closed","ping_status":"closed","template":"","meta":{"footnotes":""},"class_list":["post-59","page","type-page","status-publish","hentry"],"_links":{"self":[{"href":"https:\/\/jlggb.net\/jlb\/wp-json\/wp\/v2\/pages\/59","targetHints":{"allow":["GET"]}}],"collection":[{"href":"https:\/\/jlggb.net\/jlb\/wp-json\/wp\/v2\/pages"}],"about":[{"href":"https:\/\/jlggb.net\/jlb\/wp-json\/wp\/v2\/types\/page"}],"author":[{"embeddable":true,"href":"https:\/\/jlggb.net\/jlb\/wp-json\/wp\/v2\/users\/2"}],"replies":[{"embeddable":true,"href":"https:\/\/jlggb.net\/jlb\/wp-json\/wp\/v2\/comments?post=59"}],"version-history":[{"count":7,"href":"https:\/\/jlggb.net\/jlb\/wp-json\/wp\/v2\/pages\/59\/revisions"}],"predecessor-version":[{"id":3521,"href":"https:\/\/jlggb.net\/jlb\/wp-json\/wp\/v2\/pages\/59\/revisions\/3521"}],"up":[{"embeddable":true,"href":"https:\/\/jlggb.net\/jlb\/wp-json\/wp\/v2\/pages\/558"}],"wp:attachment":[{"href":"https:\/\/jlggb.net\/jlb\/wp-json\/wp\/v2\/media?parent=59"}],"curies":[{"name":"wp","href":"https:\/\/api.w.org\/{rel}","templated":true}]}}