{"id":544,"date":"2010-04-20T18:43:45","date_gmt":"2010-04-20T17:43:45","guid":{"rendered":"http:\/\/jlggb.net\/jlb\/?page_id=544"},"modified":"2012-12-24T23:32:36","modified_gmt":"2012-12-24T23:32:36","slug":"2010-mode-demo","status":"publish","type":"page","link":"https:\/\/jlggb.net\/jlb\/commissariat\/2010-mode-demo\/","title":{"rendered":"2010 Mode : Demo"},"content":{"rendered":"<p>Commissariat d\u00e9l\u00e9gu\u00e9.<\/p>\n<p><a href=\"https:\/\/jlggb.net\/jlb\/wp-content\/uploads\/2010\/04\/mode-demo-06-05-2010.jpg\" data-rel=\"lightbox-image-0\" data-imagelightbox=\"0\" data-rl_title=\"\" data-rl_caption=\"\"><img loading=\"lazy\" decoding=\"async\" class=\"alignnone size-full wp-image-724\" title=\"\" src=\"https:\/\/jlggb.net\/jlb\/wp-content\/uploads\/2010\/04\/mode-demo-06-05-2010.jpg\" alt=\"\" width=\"643\" height=\"281\" srcset=\"https:\/\/jlggb.net\/jlb\/wp-content\/uploads\/2010\/04\/mode-demo-06-05-2010.jpg 1280w, https:\/\/jlggb.net\/jlb\/wp-content\/uploads\/2010\/04\/mode-demo-06-05-2010-300x131.jpg 300w, https:\/\/jlggb.net\/jlb\/wp-content\/uploads\/2010\/04\/mode-demo-06-05-2010-1024x448.jpg 1024w\" sizes=\"auto, (max-width: 643px) 100vw, 643px\" \/><\/a><br \/>\nExposition <em>MODE : DEMO<\/em> au CICG de Gen\u00e8ve pour la conf\u00e9rence Lift, con\u00e7ue par le Master Espace et communication et le Master Media Design de la HEAD-Gen\u00e8ve, 5-7 mai 2010.<\/p>\n<p>Voir : <a href=\"http:\/\/www.ednm.fr\/?page_id=1028\" target=\"_blank\">http:\/\/www.ednm.fr\/?page_id=1028<\/a><\/p>\n<p>\u00ab <em>MODE : DEMO<\/em>. Cr\u00e9ation et conversation \u00bb<\/p>\n<p>Lift10 inscrit son programme de conf\u00e9rences et de d\u00e9bats sous l&rsquo;enseigne du \u00ab\u00a0connected people\u00a0\u00bb. L\u2019exposition <em>MODE : DEMO<\/em> prend aussi cette question au s\u00e9rieux. La cr\u00e9ation s&rsquo;y trouve entra\u00een\u00e9e par les technologies innovantes, mais elle leur r\u00e9siste aussi, les d\u00e9cale, les met en perspective, en propose une exp\u00e9rience plut\u00f4t qu\u2019un commentaire ou une illustration. Si l&rsquo;exposition assume son r\u00f4le de divertissement, elle apporte, avec son ton propre, sa contribution \u00e0 l&rsquo;examen de la situation, ses propositions. Elle aurait pu n\u2019\u00eatre qu\u2019un Art Show. En jouant la <em>d\u00e9mo<\/em>, elle contourne la difficult\u00e9 de faire exister la cr\u00e9ation en dehors des lieux et des circonstances qui lui sont ordinairement d\u00e9di\u00e9es.<\/p>\n<p>Les propositions, si elles rel\u00e8vent globalement d\u2019un \u00ab\u00a0design relationnel \u00bb, si elles parviennent \u00e0 r\u00e9v\u00e9ler la po\u00e9sie propre \u00e0 de nouvelles proc\u00e9dures technologiques, tracent un territoire de recherche o\u00f9 l\u2019exp\u00e9rimentation associe artistes et public. La d\u00e9monstration englobe leurs diff\u00e9rents \u00e9tats : prototypes, projets conceptuels, exp\u00e9rimentations en cours ou r\u00e9alisation abouties. Elle constitue une sorte de suppl\u00e9ment qui peut \u00eatre per\u00e7u \u00e0 la fois comme une mise \u00e0 distance ironique et comme un acte d\u2019\u00e9change direct, de \u00ab\u00a0connexion \u00bb vivante. <em>MODE : DEMO<\/em> est une manifestation intensive, qui, fait remarquable, mobilise la pr\u00e9sence de tous ses auteurs pour un art renouvel\u00e9 de la conversation.<\/p>\n<p>Une table est le lieu de chacune des d\u00e9monstrations. Elle supporte un ordinateur qui en est comme la console de pilotage, un vid\u00e9oprojecteur, des enceintes, des webcams, des objets, si la proposition en comporte. C\u2019est donc ce dispositif, radicalement unifi\u00e9, qui met en forme la performance partag\u00e9e entre auteurs et visiteurs. Par le biais de la capture vid\u00e9o et de son affichage sur grand \u00e9cran, il articule l\u2019alternance de deux versions du \u00abmode-d\u00e9mo\u00bb : l\u2019\u00e9v\u00e9nement conversationnel live ou le d\u00e9roulement explicatif automatis\u00e9.<\/p>\n<p>Un tel passage assum\u00e9 et mis en sc\u00e8ne de la monstration \u00e0 la d\u00e9monstration, assorti de l\u2019assemblage en forme d\u2019exposition d\u2019un ensemble de d\u00e9monstrations, est une tentative de d\u00e9passement du \u00abdemo or die\u00bb, l\u2019assujettissement \u00e0 la d\u00e9mo qu\u2019observait d\u00e9j\u00e0, en 1997, Peter Lunenfeld au Media Lab du MIT (o\u00f9 il se substituait au \u00abpublish or perish\u00bb) et, plus g\u00e9n\u00e9ralement, dans les arts et le design des nouveaux m\u00e9dias. \u00c0 un titre ou \u00e0 un autre et dans des registres tr\u00e8s divers, toutes les pi\u00e8ces de <em>MODE : DEMO<\/em> sont interactives, qu\u2019elles invitent modestement \u00e0 la consultation et \u00e0 la conversation, qu\u2019elles soient de v\u00e9ritables instruments ou qu\u2019elles impliquent tout un jeu de manipulations. En ce sens elles induisent l\u2019autod\u00e9monstration, par leurs destinataires m\u00eames.<\/p>\n<p>Dans <em>d\u00e9montrer<\/em>, le pr\u00e9fixe <em>d\u00e9<\/em> marque une intensification, un ach\u00e8vement du <em>montrer<\/em>. Mais on est port\u00e9 aussi \u00e0 l\u2019entendre comme dans <em>d\u00e9monter<\/em> ou <em>d\u00e9construire<\/em>. Il y a une affinit\u00e9 entre art et d\u00e9monstration. Si la d\u00e9monstration fait appel \u00e0 la logique, son pouvoir troublant est aussi de donner \u00e0 saisir autrement que par un raisonnement articul\u00e9, c\u2019est-\u00e0-dire par une intuition v\u00e9cue. Elle est un apprentissage qui, de proche en proche, nous porte vers l\u00e0 o\u00f9 nous d\u00e9sirons aller.<\/p>\n<p>J.-L.B. (commissaire d\u00e9l\u00e9gu\u00e9)<\/p>\n<p>NOTE<br \/>\nPeter Lunenfeld is a professor in the Design | Media Arts department at UCLA. Peter Lunenfeld , <em>Snap to Grid: A User&rsquo;s Guide to Digital Arts, Media, and Cultures<\/em>, MIT Press, 2000 : \u00abThe demo has become an intrinsic part of artistic practice.\u00bb<\/p>\n<p><a href=\"https:\/\/jlggb.net\/jlb\/wp-content\/uploads\/2010\/04\/mobilizing-mode-d\u00e9mo-Gen\u00e8ve.jpg\" data-rel=\"lightbox-image-1\" data-imagelightbox=\"1\" data-rl_title=\"\" data-rl_caption=\"\"><img loading=\"lazy\" decoding=\"async\" class=\"alignnone size-full wp-image-784\" title=\"\" src=\"https:\/\/jlggb.net\/jlb\/wp-content\/uploads\/2010\/04\/mobilizing-mode-d\u00e9mo-Gen\u00e8ve.jpg\" alt=\"\" width=\"640\" height=\"480\" srcset=\"https:\/\/jlggb.net\/jlb\/wp-content\/uploads\/2010\/04\/mobilizing-mode-d\u00e9mo-Gen\u00e8ve.jpg 1280w, https:\/\/jlggb.net\/jlb\/wp-content\/uploads\/2010\/04\/mobilizing-mode-d\u00e9mo-Gen\u00e8ve-300x225.jpg 300w, https:\/\/jlggb.net\/jlb\/wp-content\/uploads\/2010\/04\/mobilizing-mode-d\u00e9mo-Gen\u00e8ve-1024x768.jpg 1024w\" sizes=\"auto, (max-width: 640px) 100vw, 640px\" \/><\/a><br \/>\nMayumi Okura, Arthur Violy, d\u00e9monstration de Mobilizing, programme de d\u00e9veloppement pour iPhone-iPad, Gen\u00e8ve, 6 mai 2010.<\/p>\n","protected":false},"excerpt":{"rendered":"<p>Commissariat d\u00e9l\u00e9gu\u00e9. Exposition MODE : DEMO au CICG de Gen\u00e8ve pour la conf\u00e9rence Lift, con\u00e7ue par le Master Espace et communication et le Master Media Design de la HEAD-Gen\u00e8ve, 5-7 mai 2010. Voir : http:\/\/www.ednm.fr\/?page_id=1028 \u00ab MODE : DEMO. Cr\u00e9ation et conversation \u00bb Lift10 inscrit son programme de conf\u00e9rences et de d\u00e9bats sous l&rsquo;enseigne du &hellip; <a href=\"https:\/\/jlggb.net\/jlb\/commissariat\/2010-mode-demo\/\" class=\"more-link\">Continuer la lecture de <span class=\"screen-reader-text\">2010 Mode : Demo<\/span><\/a><\/p>\n","protected":false},"author":2,"featured_media":0,"parent":593,"menu_order":24,"comment_status":"closed","ping_status":"closed","template":"","meta":{"footnotes":""},"class_list":["post-544","page","type-page","status-publish","hentry"],"_links":{"self":[{"href":"https:\/\/jlggb.net\/jlb\/wp-json\/wp\/v2\/pages\/544","targetHints":{"allow":["GET"]}}],"collection":[{"href":"https:\/\/jlggb.net\/jlb\/wp-json\/wp\/v2\/pages"}],"about":[{"href":"https:\/\/jlggb.net\/jlb\/wp-json\/wp\/v2\/types\/page"}],"author":[{"embeddable":true,"href":"https:\/\/jlggb.net\/jlb\/wp-json\/wp\/v2\/users\/2"}],"replies":[{"embeddable":true,"href":"https:\/\/jlggb.net\/jlb\/wp-json\/wp\/v2\/comments?post=544"}],"version-history":[{"count":0,"href":"https:\/\/jlggb.net\/jlb\/wp-json\/wp\/v2\/pages\/544\/revisions"}],"up":[{"embeddable":true,"href":"https:\/\/jlggb.net\/jlb\/wp-json\/wp\/v2\/pages\/593"}],"wp:attachment":[{"href":"https:\/\/jlggb.net\/jlb\/wp-json\/wp\/v2\/media?parent=544"}],"curies":[{"name":"wp","href":"https:\/\/api.w.org\/{rel}","templated":true}]}}