{"id":527,"date":"2010-03-01T00:46:50","date_gmt":"2010-03-01T00:46:50","guid":{"rendered":"http:\/\/jlggb.net\/jlb\/?page_id=527"},"modified":"2021-01-14T00:07:10","modified_gmt":"2021-01-13T23:07:10","slug":"expositions-collectives","status":"publish","type":"page","link":"https:\/\/jlggb.net\/jlb\/expositions-personnelles-et-collectives\/expositions-collectives\/","title":{"rendered":"1995 Biennale de Lyon"},"content":{"rendered":"<p><em>Le Monde<\/em><\/p>\n<p>Virtuellement beau<br \/>\nPar JEAN-PAUL FARGIER<br \/>\nPubli\u00e9 le 16 d\u00e9cembre 1995<\/p>\n<p>[extrait]<br \/>\nDans cet espace, deux lign\u00e9es se dessinent. Avec leurs t\u00eates de file des artistes ayant r\u00e9ussi une vraie oeuvre, \u00e0 la beaut\u00e9 \u00e9vidente : Jean-Louis Boissier, d&rsquo;un c\u00f4t\u00e9 ; de l&rsquo;autre, Laurent Mignonneau et Christa Sommerer.<\/p>\n<p>JEAN-LOUIS BOISSIER<br \/>\nBoissier, avec <em>Flora Petrinsularis<\/em>, a r\u00e9ussi dans le domaine de la gestion de stocks, le plus joli dispositif. Les femmes de Jean-Jacques Rousseau et les fleurs de son herbier, nous les feuilletons \u00e0 loisir en tournant les pages d&rsquo;un livre-menu, que lit une cam\u00e9ra post\u00e9e au-dessus. Nous d\u00e9cidons de fixer notre attention sur une page ? La voici sur l&rsquo;\u00e9cran. Un souvenir \u00e9rotique : nous entrons dans la sc\u00e8ne. Le texte (tel qu&rsquo;il est mis en page), les images (distribu\u00e9es par fragments), les sons (rares mais distingu\u00e9s) t\u00e9moignent d&rsquo;une r\u00e9alisation raffin\u00e9e. Nous naviguons dans ces informations en caressant une boule : \u00e0 travers elle, nous pouvons m\u00eame caresser les conqu\u00eates de Jean-Jacques. Arr\u00eat, ralenti, connexion.<\/p>\n","protected":false},"excerpt":{"rendered":"<p>Le Monde Virtuellement beau Par JEAN-PAUL FARGIER Publi\u00e9 le 16 d\u00e9cembre 1995 [extrait] Dans cet espace, deux lign\u00e9es se dessinent. Avec leurs t\u00eates de file des artistes ayant r\u00e9ussi une vraie oeuvre, \u00e0 la beaut\u00e9 \u00e9vidente : Jean-Louis Boissier, d&rsquo;un c\u00f4t\u00e9 ; de l&rsquo;autre, Laurent Mignonneau et Christa Sommerer. JEAN-LOUIS BOISSIER Boissier, avec Flora Petrinsularis, &hellip; <a href=\"https:\/\/jlggb.net\/jlb\/expositions-personnelles-et-collectives\/expositions-collectives\/\" class=\"more-link\">Continuer la lecture de <span class=\"screen-reader-text\">1995 Biennale de Lyon<\/span><\/a><\/p>\n","protected":false},"author":2,"featured_media":0,"parent":650,"menu_order":1995,"comment_status":"closed","ping_status":"closed","template":"","meta":{"footnotes":""},"class_list":["post-527","page","type-page","status-publish","hentry"],"_links":{"self":[{"href":"https:\/\/jlggb.net\/jlb\/wp-json\/wp\/v2\/pages\/527","targetHints":{"allow":["GET"]}}],"collection":[{"href":"https:\/\/jlggb.net\/jlb\/wp-json\/wp\/v2\/pages"}],"about":[{"href":"https:\/\/jlggb.net\/jlb\/wp-json\/wp\/v2\/types\/page"}],"author":[{"embeddable":true,"href":"https:\/\/jlggb.net\/jlb\/wp-json\/wp\/v2\/users\/2"}],"replies":[{"embeddable":true,"href":"https:\/\/jlggb.net\/jlb\/wp-json\/wp\/v2\/comments?post=527"}],"version-history":[{"count":5,"href":"https:\/\/jlggb.net\/jlb\/wp-json\/wp\/v2\/pages\/527\/revisions"}],"predecessor-version":[{"id":2851,"href":"https:\/\/jlggb.net\/jlb\/wp-json\/wp\/v2\/pages\/527\/revisions\/2851"}],"up":[{"embeddable":true,"href":"https:\/\/jlggb.net\/jlb\/wp-json\/wp\/v2\/pages\/650"}],"wp:attachment":[{"href":"https:\/\/jlggb.net\/jlb\/wp-json\/wp\/v2\/media?parent=527"}],"curies":[{"name":"wp","href":"https:\/\/api.w.org\/{rel}","templated":true}]}}