{"id":525,"date":"2010-03-01T00:46:10","date_gmt":"2010-03-01T00:46:10","guid":{"rendered":"http:\/\/jlggb.net\/jlb\/?page_id=525"},"modified":"2022-01-20T21:55:32","modified_gmt":"2022-01-20T20:55:32","slug":"expositions-personnelles","status":"publish","type":"page","link":"https:\/\/jlggb.net\/jlb\/expositions-personnelles-et-collectives\/expositions-personnelles\/","title":{"rendered":"1995 Programmes interactifs Credac Ivry"},"content":{"rendered":"<p>CREDAC\/Ivry-sur-Seine, exposition personnelle.<br \/>\nCommissaire : Madeleine Van Doren<br \/>\nCatalogue : <em>Programmes interactifs<\/em><\/p>\n<p><a href=\"https:\/\/jlggb.net\/jlb\/wp-content\/uploads\/2010\/03\/Flora_installation_1993-1995.jpg\" data-rel=\"lightbox-image-0\" data-imagelightbox=\"0\" data-rl_title=\"\" data-rl_caption=\"\" title=\"\"><img loading=\"lazy\" decoding=\"async\" class=\"alignnone wp-image-1842\" src=\"https:\/\/jlggb.net\/jlb\/wp-content\/uploads\/2010\/03\/Flora_installation_1993-1995.jpg\" alt=\"flora_installation_1993-1995\" width=\"640\" height=\"480\" srcset=\"https:\/\/jlggb.net\/jlb\/wp-content\/uploads\/2010\/03\/Flora_installation_1993-1995.jpg 1024w, https:\/\/jlggb.net\/jlb\/wp-content\/uploads\/2010\/03\/Flora_installation_1993-1995-300x225.jpg 300w, https:\/\/jlggb.net\/jlb\/wp-content\/uploads\/2010\/03\/Flora_installation_1993-1995-768x576.jpg 768w, https:\/\/jlggb.net\/jlb\/wp-content\/uploads\/2010\/03\/Flora_installation_1993-1995-150x113.jpg 150w\" sizes=\"auto, (max-width: 640px) 100vw, 640px\" \/><br \/>\n<\/a><em>Flora petrinsularis<\/em>, Installation.<\/p>\n<p><em>Le Monde<\/em><\/p>\n<p>A Ivry, les menus plaisirs et fausses confidences d&rsquo;un \u00e9trange collectionneur<\/p>\n<p>Par JEAN-PAUL FARGIER<\/p>\n<p>Publi\u00e9 le 23 f\u00e9vrier 1995 \u00e0 00h00 &#8211; Mis \u00e0 jour le 23 f\u00e9vrier 1995 \u00e0 00h00<\/p>\n<p>Jean-Louis Boissier, artiste-th\u00e9oricien des arts num\u00e9riques, expert en virtuel, collectionne les crayons \u00e0 papier depuis des ann\u00e9es. Il en a plusieurs milliers. Chacun d&rsquo;eux est r\u00e9pertori\u00e9 sur ordinateur, avec indication de la date et du lieu o\u00f9 il a \u00e9t\u00e9 achet\u00e9. Invit\u00e9 par le CREDAC d&rsquo;Ivry \u00e0 r\u00e9aliser une exposition personnelle, Boissier d\u00e9voile aujourd&rsquo;hui au public mille pi\u00e8ces de sa collection. Et, par l\u00e0, tout un pan de sa vie.<\/p>\n<p>Ce sont mille petits b\u00e2tons aux couleurs bigarr\u00e9es, souvent sem\u00e9s d&rsquo;inscriptions. Serr\u00e9s les uns contre les autres, plac\u00e9s \u00e0 plat sur une table, ils composent un vaste tableau prot\u00e9g\u00e9 par une vitre. On ne peut pas les toucher, mais on peut les interroger. Et, tels les bijoux indiscrets des contes licencieux du XVIII si\u00e8cle, ils nous livrent des d\u00e9tails qui sont comme autant de secrets.<\/p>\n<p>Pour \u00ab faire parler \u00bb un de ces crayons, dans l&rsquo;ordinateur pos\u00e9 sur une table voisine, il suffit d&rsquo;entrer un indice l&rsquo;identifiant (couleur, inscription, marque, type, date, pays, ville). L&rsquo;ordinateur crache aussit\u00f4t une fiche, indiquant par exemple que, ce jour-l\u00e0, l&rsquo;artiste venait d&rsquo;arriver \u00e0 Montr\u00e9al, en provenance de New York, et qu&rsquo;il \u00e9tait accompagn\u00e9 de M. D. Ces initiales vous intriguent et vous voulez les percer \u00e0 jour ? Vous voil\u00e0 pris au jeu.<\/p>\n<p>Pour en savoir plus sur cette myst\u00e9rieuse personne, et sur ce malin de Boissier, virtuose en fausses confidences, tapez d&rsquo;autres indices, qui convoquent d&rsquo;autres fiches. On peut ainsi faire le tour de la plan\u00e8te (Miami, Amsterdam, Venise, etc.), retrouvant M. D. \u00e0 chaque \u00e9tape. C&rsquo;est un vrai roman policier.<\/p>\n<p>Vous commencez \u00e0 comprendre comment Shimomura a pu pi\u00e9ger Mitnik, l&rsquo;ennemi \u00e9lectronique n 1 (<em>Le Monde<\/em> du 18 f\u00e9vrier). Vous voici devenu un espion de la vie de JLB, avec sa complicit\u00e9. Car<em> Tabula rasa<\/em>, ainsi se nomme cette installation, est d&rsquo;abord une fa\u00e7on l\u00e9g\u00e8re quoi de plus l\u00e9ger qu&rsquo;un crayon de tracer une autobiographie.<\/p>\n<p>On agit sur le tableau en manipulant une boule, qui s&rsquo;oriente comme un oeil<\/p>\n<p>Tout aussi l\u00e9ger et encore plus astucieux est <em>Globus oculi<\/em>, un dispositif donnant acc\u00e8s, sous pr\u00e9texte de d\u00e9finitions philosophiques, \u00e0 une douzaine de tableaux mouvants, compos\u00e9s de br\u00e8ves sc\u00e8nes intimes, famili\u00e8res (t\u00eat\u00e9e, douche, jeux d&rsquo;enfants). On agit sur le tableau en manipulant une boule, qui s&rsquo;oriente comme un oeil. Il est possible de fixer un moment, de revenir en arri\u00e8re, de jouer la boucle. Mais jamais d&rsquo;avoir la totalit\u00e9 du tableau. La mise en page, qui fragmente la sc\u00e8ne sur plusieurs mini-\u00e9crans, est construite de fa\u00e7on \u00e0 exciter la curiosit\u00e9, \u00e0 la mani\u00e8re de certaines descriptions litt\u00e9raires, tr\u00e8s allusives.<\/p>\n<p>Avec Boissier, pour la premi\u00e8re fois, les nouvelles technologies de saisie du r\u00e9el d\u00e9bouchent sur le romanesque. On entre, par divers proc\u00e9d\u00e9s, dans la vie d&rsquo;un autre. L&rsquo;\u00e9cran se lit comme un livre de fiction. Textes et images, \u00e9troitement m\u00eal\u00e9s, \u00e9voquent des exp\u00e9riences sign\u00e9es.<\/p>\n<p>De l\u00e0 l&rsquo;int\u00e9r\u00eat de Boissier pour Rousseau. Collectionneur de femmes, collectionneur de fleurs, c&rsquo;est un classificateur. Un pionnier de la fiche informatique en quelque sorte. Boissier a s\u00e9lectionn\u00e9 seize aventures amoureuses rapport\u00e9es dans <em>Les Confessions<\/em> et autant de plantes mentionn\u00e9es dans son projet d&rsquo;herbier intitul\u00e9 <em>Flora petrinsularis.<\/em> Le lecteur-spectateur p\u00e9n\u00e8tre dans une sorte d&rsquo;alc\u00f4ve, o\u00f9 se trouve un album. Une cam\u00e9ra, plac\u00e9e au dessus de lui, lit la page qu&rsquo;il s\u00e9lectionne (par exemple \u00ab Mademoiselle Goton \u00bb) et sur l&rsquo;\u00e9cran s&rsquo;affiche, d&rsquo;un c\u00f4t\u00e9, le texte rapportant l&rsquo;anecdote, de l&rsquo;autre, les images l&rsquo;illustrant. Quelques mots, tr\u00e8s peu d&rsquo;images : l&rsquo;art du f\u00e9tichisme m\u00eame.<\/p>\n<p>On p\u00e9n\u00e8tre ainsi dans l&rsquo;\u00e2me de Jean-Jacques en manipulant (toujours gr\u00e2ce \u00e0 une boule) la r\u00e9p\u00e9tition de signes fragmentaires. Tressautement des seins recouverts de cerises. Perles battantes sous un cou. Eventails coquins. Baguettes d&rsquo;un ch\u00e2timent. Gifles d\u00e9sir\u00e9es, cent fois recommenc\u00e9es. La technique des livres \u00e0 m\u00e9canisme, des images \u00e0 tirettes trouve ici une application subtile.<\/p>\n<p>D&rsquo;un c\u00f4t\u00e9, les femmes de Jean-Jacques ; de l&rsquo;autre, les crayons de Jean-Louis. Ici, <em>Les Confessions<\/em> de Rousseau&nbsp;; l\u00e0, les confidences de Boissier : deux propositions \u00ab&nbsp;interactives&nbsp;\u00bb pour entrer dans l&rsquo;intimit\u00e9 d&rsquo;un \u00eatre en fouillant le contenu d&rsquo;un disque dur. Entre encyclop\u00e9disme et menus plaisirs, c&rsquo;est le XVIII si\u00e8cle retrouv\u00e9 !<\/p>\n","protected":false},"excerpt":{"rendered":"<p>CREDAC\/Ivry-sur-Seine, exposition personnelle. Commissaire : Madeleine Van Doren Catalogue : Programmes interactifs Flora petrinsularis, Installation. Le Monde A Ivry, les menus plaisirs et fausses confidences d&rsquo;un \u00e9trange collectionneur Par JEAN-PAUL FARGIER Publi\u00e9 le 23 f\u00e9vrier 1995 \u00e0 00h00 &#8211; Mis \u00e0 jour le 23 f\u00e9vrier 1995 \u00e0 00h00 Jean-Louis Boissier, artiste-th\u00e9oricien des arts num\u00e9riques, expert &hellip; <a href=\"https:\/\/jlggb.net\/jlb\/expositions-personnelles-et-collectives\/expositions-personnelles\/\" class=\"more-link\">Continuer la lecture de <span class=\"screen-reader-text\">1995 Programmes interactifs Credac Ivry<\/span><\/a><\/p>\n","protected":false},"author":2,"featured_media":0,"parent":650,"menu_order":1995,"comment_status":"closed","ping_status":"closed","template":"","meta":{"footnotes":""},"class_list":["post-525","page","type-page","status-publish","hentry"],"_links":{"self":[{"href":"https:\/\/jlggb.net\/jlb\/wp-json\/wp\/v2\/pages\/525","targetHints":{"allow":["GET"]}}],"collection":[{"href":"https:\/\/jlggb.net\/jlb\/wp-json\/wp\/v2\/pages"}],"about":[{"href":"https:\/\/jlggb.net\/jlb\/wp-json\/wp\/v2\/types\/page"}],"author":[{"embeddable":true,"href":"https:\/\/jlggb.net\/jlb\/wp-json\/wp\/v2\/users\/2"}],"replies":[{"embeddable":true,"href":"https:\/\/jlggb.net\/jlb\/wp-json\/wp\/v2\/comments?post=525"}],"version-history":[{"count":11,"href":"https:\/\/jlggb.net\/jlb\/wp-json\/wp\/v2\/pages\/525\/revisions"}],"predecessor-version":[{"id":3084,"href":"https:\/\/jlggb.net\/jlb\/wp-json\/wp\/v2\/pages\/525\/revisions\/3084"}],"up":[{"embeddable":true,"href":"https:\/\/jlggb.net\/jlb\/wp-json\/wp\/v2\/pages\/650"}],"wp:attachment":[{"href":"https:\/\/jlggb.net\/jlb\/wp-json\/wp\/v2\/media?parent=525"}],"curies":[{"name":"wp","href":"https:\/\/api.w.org\/{rel}","templated":true}]}}