{"id":3858,"date":"2026-01-14T20:31:50","date_gmt":"2026-01-14T19:31:50","guid":{"rendered":"https:\/\/jlggb.net\/jlb\/?page_id=3858"},"modified":"2026-01-14T20:34:38","modified_gmt":"2026-01-14T19:34:38","slug":"1995-images-du-futur-montreal","status":"publish","type":"page","link":"https:\/\/jlggb.net\/jlb\/expositions-personnelles-et-collectives\/1995-images-du-futur-montreal\/","title":{"rendered":"1995 Images du futur Montr\u00e9al"},"content":{"rendered":"<p>Pr\u00e9sentation de l&rsquo;installation <em>Flora petrinsualris<\/em>, Cit\u00e9 des arts et des nouvelles technologies de Montr\u00e9al, \u00ab Images du futur 1995 \u00bb, commissaire : Herv\u00e9 Fisher.\u00a0<a href=\"https:\/\/www.fondation-langlois.org\/html\/f\/page.php?NumPage=342\">https:\/\/www.fondation-langlois.org\/html\/f\/page.php?NumPage=342<\/a><\/p>\n","protected":false},"excerpt":{"rendered":"<p>Pr\u00e9sentation de l&rsquo;installation Flora petrinsualris, Cit\u00e9 des arts et des nouvelles technologies de Montr\u00e9al, \u00ab Images du futur 1995 \u00bb, commissaire : Herv\u00e9 Fisher.\u00a0https:\/\/www.fondation-langlois.org\/html\/f\/page.php?NumPage=342<\/p>\n","protected":false},"author":2,"featured_media":0,"parent":650,"menu_order":0,"comment_status":"closed","ping_status":"closed","template":"","meta":{"footnotes":""},"class_list":["post-3858","page","type-page","status-publish","hentry"],"_links":{"self":[{"href":"https:\/\/jlggb.net\/jlb\/wp-json\/wp\/v2\/pages\/3858","targetHints":{"allow":["GET"]}}],"collection":[{"href":"https:\/\/jlggb.net\/jlb\/wp-json\/wp\/v2\/pages"}],"about":[{"href":"https:\/\/jlggb.net\/jlb\/wp-json\/wp\/v2\/types\/page"}],"author":[{"embeddable":true,"href":"https:\/\/jlggb.net\/jlb\/wp-json\/wp\/v2\/users\/2"}],"replies":[{"embeddable":true,"href":"https:\/\/jlggb.net\/jlb\/wp-json\/wp\/v2\/comments?post=3858"}],"version-history":[{"count":4,"href":"https:\/\/jlggb.net\/jlb\/wp-json\/wp\/v2\/pages\/3858\/revisions"}],"predecessor-version":[{"id":3862,"href":"https:\/\/jlggb.net\/jlb\/wp-json\/wp\/v2\/pages\/3858\/revisions\/3862"}],"up":[{"embeddable":true,"href":"https:\/\/jlggb.net\/jlb\/wp-json\/wp\/v2\/pages\/650"}],"wp:attachment":[{"href":"https:\/\/jlggb.net\/jlb\/wp-json\/wp\/v2\/media?parent=3858"}],"curies":[{"name":"wp","href":"https:\/\/api.w.org\/{rel}","templated":true}]}}