{"id":3702,"date":"2025-07-24T00:01:59","date_gmt":"2025-07-23T22:01:59","guid":{"rendered":"https:\/\/jlggb.net\/jlb\/?page_id=3702"},"modified":"2026-03-02T22:18:08","modified_gmt":"2026-03-02T21:18:08","slug":"1997-le-billet-circulaire","status":"publish","type":"page","link":"https:\/\/jlggb.net\/jlb\/travaux\/1997-le-billet-circulaire\/","title":{"rendered":"1997 Le Billet circulaire"},"content":{"rendered":"<p>Site web performatif<\/p>\n<p>R\u00e9alis\u00e9 dans le contexte du Laboratoire Labat, Universit\u00e9 Paris 8 et du Laboratoire Esth\u00e9tique de l&rsquo;interactivit\u00e9<\/p>\n<p>NOTE<\/p>\n<p>En avril 1776, (il a 64 ans, deux ans avant sa mort), Jean-Jacques Rousseau, apr\u00e8s avoir \u00e9chou\u00e9 \u00e0 d\u00e9poser le manuscrit de Rousseau Juge de Jean-Jacques, <em>Dialogues, <\/em>sur le grand autel de Notre-Dame, tente de surmonter l&rsquo;indiff\u00e9rence du public et de briser l&rsquo;encerclement hostile o\u00f9 il se voit en distribuant un billet, recopi\u00e9 en plusieurs exemplaires, \u00ab aux inconnus dont la physionomie (lui) plairait le plus \u00bb.<br \/>\nUn agent intelligent (l&rsquo;Agent R.) cherche, partout sur Internet, les noms d&rsquo;adresses \u00e9lectroniques dont la physionomie est \u00ab plaisante \u00bb. Il leur adresse le \u00ab billet circulaire \u00bb de Rousseau. Chaque destinataire peut alors acc\u00e9der \u00e0 une chanson qui l&rsquo;\u00e9claire sur l&rsquo;exp\u00e9diteur du billet : la romance \u00ab Tircis je n&rsquo; ose.. \u00bb que Rousseau a gard\u00e9 (imparfaitement) en m\u00e9moire, que lui chantait dans sa petite enfance sa tante Suzon.<br \/>\nAu lieu de solliciter des r\u00e9ponses, ce \u00e0 quoi pousse ordinairement le r\u00e9seau, \u00ab le billet circulaire \u00bb prend le r\u00e9seau comme espace al\u00e9atoire de potentialit\u00e9s d&rsquo;\u00e9coute, comme chambre d&rsquo;\u00e9cho pour un d\u00e9lire de culpabilit\u00e9 et de communication innocente.<br \/>\n\u2013 Lien vers une adresse Internet<\/p>\n","protected":false},"excerpt":{"rendered":"<p>Site web performatif R\u00e9alis\u00e9 dans le contexte du Laboratoire Labat, Universit\u00e9 Paris 8 et du Laboratoire Esth\u00e9tique de l&rsquo;interactivit\u00e9 NOTE En avril 1776, (il a 64 ans, deux ans avant sa mort), Jean-Jacques Rousseau, apr\u00e8s avoir \u00e9chou\u00e9 \u00e0 d\u00e9poser le manuscrit de Rousseau Juge de Jean-Jacques, Dialogues, sur le grand autel de Notre-Dame, tente de &hellip; <a href=\"https:\/\/jlggb.net\/jlb\/travaux\/1997-le-billet-circulaire\/\" class=\"more-link\">Continuer la lecture de <span class=\"screen-reader-text\">1997 Le Billet circulaire<\/span><\/a><\/p>\n","protected":false},"author":2,"featured_media":0,"parent":556,"menu_order":0,"comment_status":"closed","ping_status":"closed","template":"","meta":{"footnotes":""},"class_list":["post-3702","page","type-page","status-publish","hentry"],"_links":{"self":[{"href":"https:\/\/jlggb.net\/jlb\/wp-json\/wp\/v2\/pages\/3702","targetHints":{"allow":["GET"]}}],"collection":[{"href":"https:\/\/jlggb.net\/jlb\/wp-json\/wp\/v2\/pages"}],"about":[{"href":"https:\/\/jlggb.net\/jlb\/wp-json\/wp\/v2\/types\/page"}],"author":[{"embeddable":true,"href":"https:\/\/jlggb.net\/jlb\/wp-json\/wp\/v2\/users\/2"}],"replies":[{"embeddable":true,"href":"https:\/\/jlggb.net\/jlb\/wp-json\/wp\/v2\/comments?post=3702"}],"version-history":[{"count":7,"href":"https:\/\/jlggb.net\/jlb\/wp-json\/wp\/v2\/pages\/3702\/revisions"}],"predecessor-version":[{"id":3931,"href":"https:\/\/jlggb.net\/jlb\/wp-json\/wp\/v2\/pages\/3702\/revisions\/3931"}],"up":[{"embeddable":true,"href":"https:\/\/jlggb.net\/jlb\/wp-json\/wp\/v2\/pages\/556"}],"wp:attachment":[{"href":"https:\/\/jlggb.net\/jlb\/wp-json\/wp\/v2\/media?parent=3702"}],"curies":[{"name":"wp","href":"https:\/\/api.w.org\/{rel}","templated":true}]}}