{"id":3620,"date":"2025-06-12T00:41:29","date_gmt":"2025-06-11T22:41:29","guid":{"rendered":"https:\/\/jlggb.net\/jlb\/?page_id=3620"},"modified":"2025-06-12T00:46:36","modified_gmt":"2025-06-11T22:46:36","slug":"3620-2","status":"publish","type":"page","link":"https:\/\/jlggb.net\/jlb\/expositions-personnelles-et-collectives\/3620-2\/","title":{"rendered":"2023-2024 Les Immat\u00e9riaux Aper\u00e7us d\u2019une manifestation postmoderne"},"content":{"rendered":"<p>Juillet 2023 -janvier 2024<\/p>\n<p>Exposition <em>\u00ab Les Immat\u00e9riaux \u00bb Aper\u00e7us d\u2019une manifestation postmoderne<br \/>\n<\/em>Espace des Collections film, vid\u00e9o, son et \u0153uvres num\u00e9riques, Mus\u00e9e, niveau 4, Centre Pompidou \/ Mus\u00e9e national d&rsquo;art moderne<\/p>\n<p>Reconstitution de l\u2019installation vid\u00e9o interactive <em>Le Bus ou l\u2019Exercice de la d\u00e9couverte<\/em> de l\u2019exposition <em>Les Immat\u00e9riaux<\/em>, 1985, incluant une vitrine de documents, y compris le vid\u00e9odisque (laserdisc) et le floppy disk d\u2019origine.<\/p>\n<p>Voir :<a href=\"https:\/\/jlggb.net\/jlb\/?page_id=3616\"> https:\/\/jlggb.net\/jlb\/?page_id=3616<\/a><\/p>\n","protected":false},"excerpt":{"rendered":"<p>Juillet 2023 -janvier 2024 Exposition \u00ab Les Immat\u00e9riaux \u00bb Aper\u00e7us d\u2019une manifestation postmoderne Espace des Collections film, vid\u00e9o, son et \u0153uvres num\u00e9riques, Mus\u00e9e, niveau 4, Centre Pompidou \/ Mus\u00e9e national d&rsquo;art moderne Reconstitution de l\u2019installation vid\u00e9o interactive Le Bus ou l\u2019Exercice de la d\u00e9couverte de l\u2019exposition Les Immat\u00e9riaux, 1985, incluant une vitrine de documents, y &hellip; <a href=\"https:\/\/jlggb.net\/jlb\/expositions-personnelles-et-collectives\/3620-2\/\" class=\"more-link\">Continuer la lecture de <span class=\"screen-reader-text\">2023-2024 Les Immat\u00e9riaux Aper\u00e7us d\u2019une manifestation postmoderne<\/span><\/a><\/p>\n","protected":false},"author":2,"featured_media":0,"parent":650,"menu_order":0,"comment_status":"closed","ping_status":"closed","template":"","meta":{"footnotes":""},"class_list":["post-3620","page","type-page","status-publish","hentry"],"_links":{"self":[{"href":"https:\/\/jlggb.net\/jlb\/wp-json\/wp\/v2\/pages\/3620","targetHints":{"allow":["GET"]}}],"collection":[{"href":"https:\/\/jlggb.net\/jlb\/wp-json\/wp\/v2\/pages"}],"about":[{"href":"https:\/\/jlggb.net\/jlb\/wp-json\/wp\/v2\/types\/page"}],"author":[{"embeddable":true,"href":"https:\/\/jlggb.net\/jlb\/wp-json\/wp\/v2\/users\/2"}],"replies":[{"embeddable":true,"href":"https:\/\/jlggb.net\/jlb\/wp-json\/wp\/v2\/comments?post=3620"}],"version-history":[{"count":6,"href":"https:\/\/jlggb.net\/jlb\/wp-json\/wp\/v2\/pages\/3620\/revisions"}],"predecessor-version":[{"id":3626,"href":"https:\/\/jlggb.net\/jlb\/wp-json\/wp\/v2\/pages\/3620\/revisions\/3626"}],"up":[{"embeddable":true,"href":"https:\/\/jlggb.net\/jlb\/wp-json\/wp\/v2\/pages\/650"}],"wp:attachment":[{"href":"https:\/\/jlggb.net\/jlb\/wp-json\/wp\/v2\/media?parent=3620"}],"curies":[{"name":"wp","href":"https:\/\/api.w.org\/{rel}","templated":true}]}}