{"id":3598,"date":"2025-06-12T00:03:35","date_gmt":"2025-06-11T22:03:35","guid":{"rendered":"https:\/\/jlggb.net\/jlb\/?page_id=3598"},"modified":"2025-06-12T00:08:56","modified_gmt":"2025-06-11T22:08:56","slug":"2025-le-cas-soba-choko","status":"publish","type":"page","link":"https:\/\/jlggb.net\/jlb\/textes\/2025-le-cas-soba-choko\/","title":{"rendered":"2025 Le cas Soba Choko"},"content":{"rendered":"<p>Jean-Louis Boissier, \u00ab La collection \u00e0 l&rsquo;\u0153uvre. Le cas Soba Choko \u00bb<br \/>\n<i>LSD<\/i> n\u00b0 04 \u2013 <i>A manga issue<\/i><\/p>\n<p>Revue, Le Signe, Chaumont<br \/>\nEdit\u00e9 par Jean-Michel G\u00e9ridan.<br \/>\nTextes de \u00c9lodie Boyer, Eva Prouteau, <a href=\"https:\/\/www.lespressesdureel.com\/auteur.php?id=237\">Jean-Louis Boissier<\/a>, Jean-Michel G\u00e9ridan.<br \/>\nConception graphique : officeabc.<br \/>\nparu en mai 2025<br \/>\n\u00e9dition bilingue (fran\u00e7ais \/ anglais)<br \/>\n13,7 x 19,6 cm (broch\u00e9)<br \/>\n240 pages (152 ill.)<br \/>\n14.00 \u20ac<br \/>\nISBN\u00a0:\u00a0979-10-97389-30-7<br \/>\nEAN\u00a0:\u00a09791097389307<br \/>\n<a href=\"https:\/\/www.lespressesdureel.com\/ouvrage.php?id=12321&amp;menu=\">https:\/\/www.lespressesdureel.com\/ouvrage.php?id=12321&amp;menu=<\/a><\/p>\n<p><a href=\"https:\/\/jlggb.net\/jlb\/wp-content\/uploads\/2025\/06\/f.jpg\" data-rel=\"lightbox-image-0\" data-imagelightbox=\"0\" data-rl_title=\"\" data-rl_caption=\"\" title=\"\"><img loading=\"lazy\" decoding=\"async\" class=\"alignnone wp-image-3601\" src=\"https:\/\/jlggb.net\/jlb\/wp-content\/uploads\/2025\/06\/f.jpg\" alt=\"\" width=\"480\" height=\"697\" srcset=\"https:\/\/jlggb.net\/jlb\/wp-content\/uploads\/2025\/06\/f.jpg 1594w, https:\/\/jlggb.net\/jlb\/wp-content\/uploads\/2025\/06\/f-206x300.jpg 206w, https:\/\/jlggb.net\/jlb\/wp-content\/uploads\/2025\/06\/f-705x1024.jpg 705w, https:\/\/jlggb.net\/jlb\/wp-content\/uploads\/2025\/06\/f-768x1116.jpg 768w, https:\/\/jlggb.net\/jlb\/wp-content\/uploads\/2025\/06\/f-1057x1536.jpg 1057w, https:\/\/jlggb.net\/jlb\/wp-content\/uploads\/2025\/06\/f-1410x2048.jpg 1410w\" sizes=\"auto, (max-width: 480px) 100vw, 480px\" \/><\/a><\/p>\n","protected":false},"excerpt":{"rendered":"<p>Jean-Louis Boissier, \u00ab La collection \u00e0 l&rsquo;\u0153uvre. Le cas Soba Choko \u00bb LSD n\u00b0 04 \u2013 A manga issue Revue, Le Signe, Chaumont Edit\u00e9 par Jean-Michel G\u00e9ridan. Textes de \u00c9lodie Boyer, Eva Prouteau, Jean-Louis Boissier, Jean-Michel G\u00e9ridan. Conception graphique : officeabc. paru en mai 2025 \u00e9dition bilingue (fran\u00e7ais \/ anglais) 13,7 x 19,6 cm (broch\u00e9) &hellip; <a href=\"https:\/\/jlggb.net\/jlb\/textes\/2025-le-cas-soba-choko\/\" class=\"more-link\">Continuer la lecture de <span class=\"screen-reader-text\">2025 Le cas Soba Choko<\/span><\/a><\/p>\n","protected":false},"author":2,"featured_media":0,"parent":645,"menu_order":0,"comment_status":"closed","ping_status":"closed","template":"","meta":{"footnotes":""},"class_list":["post-3598","page","type-page","status-publish","hentry"],"_links":{"self":[{"href":"https:\/\/jlggb.net\/jlb\/wp-json\/wp\/v2\/pages\/3598","targetHints":{"allow":["GET"]}}],"collection":[{"href":"https:\/\/jlggb.net\/jlb\/wp-json\/wp\/v2\/pages"}],"about":[{"href":"https:\/\/jlggb.net\/jlb\/wp-json\/wp\/v2\/types\/page"}],"author":[{"embeddable":true,"href":"https:\/\/jlggb.net\/jlb\/wp-json\/wp\/v2\/users\/2"}],"replies":[{"embeddable":true,"href":"https:\/\/jlggb.net\/jlb\/wp-json\/wp\/v2\/comments?post=3598"}],"version-history":[{"count":5,"href":"https:\/\/jlggb.net\/jlb\/wp-json\/wp\/v2\/pages\/3598\/revisions"}],"predecessor-version":[{"id":3604,"href":"https:\/\/jlggb.net\/jlb\/wp-json\/wp\/v2\/pages\/3598\/revisions\/3604"}],"up":[{"embeddable":true,"href":"https:\/\/jlggb.net\/jlb\/wp-json\/wp\/v2\/pages\/645"}],"wp:attachment":[{"href":"https:\/\/jlggb.net\/jlb\/wp-json\/wp\/v2\/media?parent=3598"}],"curies":[{"name":"wp","href":"https:\/\/api.w.org\/{rel}","templated":true}]}}