{"id":3570,"date":"2025-06-08T23:06:34","date_gmt":"2025-06-08T21:06:34","guid":{"rendered":"https:\/\/jlggb.net\/jlb\/?page_id=3570"},"modified":"2025-06-08T23:14:21","modified_gmt":"2025-06-08T21:14:21","slug":"2024-recit-de-digital-soba-choko","status":"publish","type":"page","link":"https:\/\/jlggb.net\/jlb\/expositions-personnelles-et-collectives\/2024-recit-de-digital-soba-choko\/","title":{"rendered":"2025 Iamas Artist File #10 Gifu"},"content":{"rendered":"<p><a href=\"https:\/\/jlggb.net\/jlb\/wp-content\/uploads\/2025\/03\/vue_square_expo_00-scaled.jpg\" data-rel=\"lightbox-image-0\" data-imagelightbox=\"0\" data-rl_title=\"\" data-rl_caption=\"\" title=\"\"><img loading=\"lazy\" decoding=\"async\" class=\"alignnone size-full wp-image-3487\" src=\"https:\/\/jlggb.net\/jlb\/wp-content\/uploads\/2025\/03\/vue_square_expo_00-scaled.jpg\" alt=\"\" width=\"2560\" height=\"2560\" srcset=\"https:\/\/jlggb.net\/jlb\/wp-content\/uploads\/2025\/03\/vue_square_expo_00-scaled.jpg 2560w, https:\/\/jlggb.net\/jlb\/wp-content\/uploads\/2025\/03\/vue_square_expo_00-300x300.jpg 300w, https:\/\/jlggb.net\/jlb\/wp-content\/uploads\/2025\/03\/vue_square_expo_00-1024x1024.jpg 1024w, https:\/\/jlggb.net\/jlb\/wp-content\/uploads\/2025\/03\/vue_square_expo_00-150x150.jpg 150w, https:\/\/jlggb.net\/jlb\/wp-content\/uploads\/2025\/03\/vue_square_expo_00-768x768.jpg 768w, https:\/\/jlggb.net\/jlb\/wp-content\/uploads\/2025\/03\/vue_square_expo_00-1536x1536.jpg 1536w, https:\/\/jlggb.net\/jlb\/wp-content\/uploads\/2025\/03\/vue_square_expo_00-2048x2048.jpg 2048w\" sizes=\"auto, (max-width: 2560px) 100vw, 2560px\" \/><\/a><\/p>\n<p><a href=\"https:\/\/jlggb.net\/jlb\/wp-content\/uploads\/2025\/03\/expo_nancy_square_s06-scaled.jpg\" data-rel=\"lightbox-image-1\" data-imagelightbox=\"1\" data-rl_title=\"\" data-rl_caption=\"\" title=\"\"><img loading=\"lazy\" decoding=\"async\" class=\"alignnone size-full wp-image-3488\" src=\"https:\/\/jlggb.net\/jlb\/wp-content\/uploads\/2025\/03\/expo_nancy_square_s06-scaled.jpg\" alt=\"\" width=\"2560\" height=\"2560\" srcset=\"https:\/\/jlggb.net\/jlb\/wp-content\/uploads\/2025\/03\/expo_nancy_square_s06-scaled.jpg 2560w, https:\/\/jlggb.net\/jlb\/wp-content\/uploads\/2025\/03\/expo_nancy_square_s06-300x300.jpg 300w, https:\/\/jlggb.net\/jlb\/wp-content\/uploads\/2025\/03\/expo_nancy_square_s06-1024x1024.jpg 1024w, https:\/\/jlggb.net\/jlb\/wp-content\/uploads\/2025\/03\/expo_nancy_square_s06-150x150.jpg 150w, https:\/\/jlggb.net\/jlb\/wp-content\/uploads\/2025\/03\/expo_nancy_square_s06-768x768.jpg 768w, https:\/\/jlggb.net\/jlb\/wp-content\/uploads\/2025\/03\/expo_nancy_square_s06-1536x1536.jpg 1536w, https:\/\/jlggb.net\/jlb\/wp-content\/uploads\/2025\/03\/expo_nancy_square_s06-2048x2048.jpg 2048w\" sizes=\"auto, (max-width: 2560px) 100vw, 2560px\" \/><\/a> <\/p>\n<p>Mus\u00e9e d\u2019art contemporain de la pr\u00e9fecture de Gifu, Gifu, Japon, 10 janvier \u2014 9 mars 2025.<br \/>\nJean-Louis Boissier, <em>R\u00e9cit de (digital) Soba Choko<\/em>, 2024, installation en 24 chapitres (68 pi\u00e8ces de c\u00e9ramique, photographies, vid\u00e9os, textes) pour l\u2019exposition \u00ab IAMAS ARTIST FILE \uff0310 COCOON Thinking Ecology through Technics \u00bb. <\/p>\n<p>Commissaires : Miki Okubo, Institute of Advanced Media Arts and Sciences et Toko Toba, Mus\u00e9e d\u2019art contemporain de la pr\u00e9fecture de Gifu.<\/p>\n","protected":false},"excerpt":{"rendered":"<p>Mus\u00e9e d\u2019art contemporain de la pr\u00e9fecture de Gifu, Gifu, Japon, 10 janvier \u2014 9 mars 2025. Jean-Louis Boissier, R\u00e9cit de (digital) Soba Choko, 2024, installation en 24 chapitres (68 pi\u00e8ces de c\u00e9ramique, photographies, vid\u00e9os, textes) pour l\u2019exposition \u00ab IAMAS ARTIST FILE \uff0310 COCOON Thinking Ecology through Technics \u00bb. Commissaires : Miki Okubo, Institute of Advanced &hellip; <a href=\"https:\/\/jlggb.net\/jlb\/expositions-personnelles-et-collectives\/2024-recit-de-digital-soba-choko\/\" class=\"more-link\">Continuer la lecture de <span class=\"screen-reader-text\">2025 Iamas Artist File #10 Gifu<\/span><\/a><\/p>\n","protected":false},"author":2,"featured_media":0,"parent":650,"menu_order":0,"comment_status":"closed","ping_status":"closed","template":"","meta":{"footnotes":""},"class_list":["post-3570","page","type-page","status-publish","hentry"],"_links":{"self":[{"href":"https:\/\/jlggb.net\/jlb\/wp-json\/wp\/v2\/pages\/3570","targetHints":{"allow":["GET"]}}],"collection":[{"href":"https:\/\/jlggb.net\/jlb\/wp-json\/wp\/v2\/pages"}],"about":[{"href":"https:\/\/jlggb.net\/jlb\/wp-json\/wp\/v2\/types\/page"}],"author":[{"embeddable":true,"href":"https:\/\/jlggb.net\/jlb\/wp-json\/wp\/v2\/users\/2"}],"replies":[{"embeddable":true,"href":"https:\/\/jlggb.net\/jlb\/wp-json\/wp\/v2\/comments?post=3570"}],"version-history":[{"count":8,"href":"https:\/\/jlggb.net\/jlb\/wp-json\/wp\/v2\/pages\/3570\/revisions"}],"predecessor-version":[{"id":3578,"href":"https:\/\/jlggb.net\/jlb\/wp-json\/wp\/v2\/pages\/3570\/revisions\/3578"}],"up":[{"embeddable":true,"href":"https:\/\/jlggb.net\/jlb\/wp-json\/wp\/v2\/pages\/650"}],"wp:attachment":[{"href":"https:\/\/jlggb.net\/jlb\/wp-json\/wp\/v2\/media?parent=3570"}],"curies":[{"name":"wp","href":"https:\/\/api.w.org\/{rel}","templated":true}]}}