{"id":3492,"date":"2025-03-29T12:33:21","date_gmt":"2025-03-29T11:33:21","guid":{"rendered":"https:\/\/jlggb.net\/jlb\/?page_id=3492"},"modified":"2025-12-09T00:24:04","modified_gmt":"2025-12-08T23:24:04","slug":"2025-digital-soba-choko","status":"publish","type":"page","link":"https:\/\/jlggb.net\/jlb\/travaux\/2025-digital-soba-choko\/","title":{"rendered":"2025 (digital) Soba Choko au Japon"},"content":{"rendered":"<p><a href=\"https:\/\/jlggb.net\/jlb\/wp-content\/uploads\/2025\/03\/hashtag_jlb_iamas_square_hauteur_20250103-scaled.jpg\" data-rel=\"lightbox-image-0\" data-imagelightbox=\"0\" data-rl_title=\"\" data-rl_caption=\"\" title=\"\"><img loading=\"lazy\" decoding=\"async\" class=\"alignnone size-full wp-image-3501\" src=\"https:\/\/jlggb.net\/jlb\/wp-content\/uploads\/2025\/03\/hashtag_jlb_iamas_square_hauteur_20250103-scaled.jpg\" alt=\"\" width=\"2560\" height=\"2560\" srcset=\"https:\/\/jlggb.net\/jlb\/wp-content\/uploads\/2025\/03\/hashtag_jlb_iamas_square_hauteur_20250103-scaled.jpg 2560w, https:\/\/jlggb.net\/jlb\/wp-content\/uploads\/2025\/03\/hashtag_jlb_iamas_square_hauteur_20250103-300x300.jpg 300w, https:\/\/jlggb.net\/jlb\/wp-content\/uploads\/2025\/03\/hashtag_jlb_iamas_square_hauteur_20250103-1024x1024.jpg 1024w, https:\/\/jlggb.net\/jlb\/wp-content\/uploads\/2025\/03\/hashtag_jlb_iamas_square_hauteur_20250103-150x150.jpg 150w, https:\/\/jlggb.net\/jlb\/wp-content\/uploads\/2025\/03\/hashtag_jlb_iamas_square_hauteur_20250103-768x768.jpg 768w, https:\/\/jlggb.net\/jlb\/wp-content\/uploads\/2025\/03\/hashtag_jlb_iamas_square_hauteur_20250103-1536x1536.jpg 1536w, https:\/\/jlggb.net\/jlb\/wp-content\/uploads\/2025\/03\/hashtag_jlb_iamas_square_hauteur_20250103-2048x2048.jpg 2048w\" sizes=\"auto, (max-width: 2560px) 100vw, 2560px\" \/><\/a><br \/>\n<a href=\"https:\/\/jlggb.net\/jlb\/wp-content\/uploads\/2025\/03\/vue_square_expo_00-scaled.jpg\" data-rel=\"lightbox-image-1\" data-imagelightbox=\"1\" data-rl_title=\"\" data-rl_caption=\"\" title=\"\"><img loading=\"lazy\" decoding=\"async\" class=\"alignnone size-full wp-image-3487\" src=\"https:\/\/jlggb.net\/jlb\/wp-content\/uploads\/2025\/03\/vue_square_expo_00-scaled.jpg\" alt=\"\" width=\"2560\" height=\"2560\" srcset=\"https:\/\/jlggb.net\/jlb\/wp-content\/uploads\/2025\/03\/vue_square_expo_00-scaled.jpg 2560w, https:\/\/jlggb.net\/jlb\/wp-content\/uploads\/2025\/03\/vue_square_expo_00-300x300.jpg 300w, https:\/\/jlggb.net\/jlb\/wp-content\/uploads\/2025\/03\/vue_square_expo_00-1024x1024.jpg 1024w, https:\/\/jlggb.net\/jlb\/wp-content\/uploads\/2025\/03\/vue_square_expo_00-150x150.jpg 150w, https:\/\/jlggb.net\/jlb\/wp-content\/uploads\/2025\/03\/vue_square_expo_00-768x768.jpg 768w, https:\/\/jlggb.net\/jlb\/wp-content\/uploads\/2025\/03\/vue_square_expo_00-1536x1536.jpg 1536w, https:\/\/jlggb.net\/jlb\/wp-content\/uploads\/2025\/03\/vue_square_expo_00-2048x2048.jpg 2048w\" sizes=\"auto, (max-width: 2560px) 100vw, 2560px\" \/><\/a><br \/>\n<a href=\"https:\/\/jlggb.net\/jlb\/wp-content\/uploads\/2025\/03\/expo_nancy_square_s06-scaled.jpg\" data-rel=\"lightbox-image-2\" data-imagelightbox=\"2\" data-rl_title=\"\" data-rl_caption=\"\" title=\"\"><img loading=\"lazy\" decoding=\"async\" class=\"alignnone size-full wp-image-3488\" src=\"https:\/\/jlggb.net\/jlb\/wp-content\/uploads\/2025\/03\/expo_nancy_square_s06-scaled.jpg\" alt=\"\" width=\"2560\" height=\"2560\" srcset=\"https:\/\/jlggb.net\/jlb\/wp-content\/uploads\/2025\/03\/expo_nancy_square_s06-scaled.jpg 2560w, https:\/\/jlggb.net\/jlb\/wp-content\/uploads\/2025\/03\/expo_nancy_square_s06-300x300.jpg 300w, https:\/\/jlggb.net\/jlb\/wp-content\/uploads\/2025\/03\/expo_nancy_square_s06-1024x1024.jpg 1024w, https:\/\/jlggb.net\/jlb\/wp-content\/uploads\/2025\/03\/expo_nancy_square_s06-150x150.jpg 150w, https:\/\/jlggb.net\/jlb\/wp-content\/uploads\/2025\/03\/expo_nancy_square_s06-768x768.jpg 768w, https:\/\/jlggb.net\/jlb\/wp-content\/uploads\/2025\/03\/expo_nancy_square_s06-1536x1536.jpg 1536w, https:\/\/jlggb.net\/jlb\/wp-content\/uploads\/2025\/03\/expo_nancy_square_s06-2048x2048.jpg 2048w\" sizes=\"auto, (max-width: 2560px) 100vw, 2560px\" \/><\/a><\/p>\n<p>Jean-Louis Boissier, <em>R\u00e9cit de (digital) Soba Choko<\/em>, 2024, installation en 24 chapitres (68 pi\u00e8ces de c\u00e9ramique, photographies, vid\u00e9os, textes) pour l\u2019exposition \u00ab IAMAS ARTIST FILE \uff0310 COCOON Thinking Ecology through Technics \u00bb<\/p>\n<p>Commissaires :<br \/>\nMiki Okubo, Institute of Advanced Media Arts and Sciences<br \/>\nToko Toba, Mus\u00e9e d\u2019art contemporain de la pr\u00e9fecture de Gifu, Gifu, Japon<br \/>\n10 janvier \u2014 9 mars 2025<\/p>\n<p>T\u00e9l\u00e9charger le livret : <a href=\"http:\/\/jlggb.net\/collection\/wp-pdf\/recit(d)SC_1.04_jlggb.pdf\">http:\/\/jlggb.net\/collection\/wp-pdf\/recit(d)SC_1.04_jlggb.pdf<\/a><\/p>\n","protected":false},"excerpt":{"rendered":"<p>Jean-Louis Boissier, R\u00e9cit de (digital) Soba Choko, 2024, installation en 24 chapitres (68 pi\u00e8ces de c\u00e9ramique, photographies, vid\u00e9os, textes) pour l\u2019exposition \u00ab IAMAS ARTIST FILE \uff0310 COCOON Thinking Ecology through Technics \u00bb Commissaires : Miki Okubo, Institute of Advanced Media Arts and Sciences Toko Toba, Mus\u00e9e d\u2019art contemporain de la pr\u00e9fecture de Gifu, Gifu, Japon &hellip; <a href=\"https:\/\/jlggb.net\/jlb\/travaux\/2025-digital-soba-choko\/\" class=\"more-link\">Continuer la lecture de <span class=\"screen-reader-text\">2025 (digital) Soba Choko au Japon<\/span><\/a><\/p>\n","protected":false},"author":2,"featured_media":0,"parent":556,"menu_order":0,"comment_status":"closed","ping_status":"closed","template":"","meta":{"footnotes":""},"class_list":["post-3492","page","type-page","status-publish","hentry"],"_links":{"self":[{"href":"https:\/\/jlggb.net\/jlb\/wp-json\/wp\/v2\/pages\/3492","targetHints":{"allow":["GET"]}}],"collection":[{"href":"https:\/\/jlggb.net\/jlb\/wp-json\/wp\/v2\/pages"}],"about":[{"href":"https:\/\/jlggb.net\/jlb\/wp-json\/wp\/v2\/types\/page"}],"author":[{"embeddable":true,"href":"https:\/\/jlggb.net\/jlb\/wp-json\/wp\/v2\/users\/2"}],"replies":[{"embeddable":true,"href":"https:\/\/jlggb.net\/jlb\/wp-json\/wp\/v2\/comments?post=3492"}],"version-history":[{"count":13,"href":"https:\/\/jlggb.net\/jlb\/wp-json\/wp\/v2\/pages\/3492\/revisions"}],"predecessor-version":[{"id":3808,"href":"https:\/\/jlggb.net\/jlb\/wp-json\/wp\/v2\/pages\/3492\/revisions\/3808"}],"up":[{"embeddable":true,"href":"https:\/\/jlggb.net\/jlb\/wp-json\/wp\/v2\/pages\/556"}],"wp:attachment":[{"href":"https:\/\/jlggb.net\/jlb\/wp-json\/wp\/v2\/media?parent=3492"}],"curies":[{"name":"wp","href":"https:\/\/api.w.org\/{rel}","templated":true}]}}