{"id":3453,"date":"2024-07-23T17:07:38","date_gmt":"2024-07-23T15:07:38","guid":{"rendered":"http:\/\/jlggb.net\/jlb\/?page_id=3453"},"modified":"2026-03-25T11:16:52","modified_gmt":"2026-03-25T10:16:52","slug":"recherches","status":"publish","type":"page","link":"https:\/\/jlggb.net\/jlb\/curiculum-vit%c3%a6\/recherches\/","title":{"rendered":"Sites de recherches"},"content":{"rendered":"<h2>S\u00e9minaires des 18 et 25 mars 2026 \/ Paris 8<\/h2>\n<p>Liens et t\u00e9l\u00e9chargements de .pdf<\/p>\n<p><strong>1985 Les immat\u00e9riaux<\/strong><\/p>\n<p><a href=\"https:\/\/www.rvdv.net\/immateriaux\/\">https:\/\/www.rvdv.net\/immateriaux\/<\/a><\/p>\n<p><strong>1988 Pixim 88<\/strong><\/p>\n<p><a href=\"https:\/\/jlggb.net\/jlb\/?page_id=3636\">https:\/\/jlggb.net\/jlb\/?page_id=3636<\/a><\/p>\n<p><strong>1990 1992 1994 1996 Artifices \/ catalogue \/ sites historiques<\/strong><\/p>\n<p><a href=\"https:\/\/jlggb.net\/jlb\/wp-pdf\/Artifices_1.pdf\">https:\/\/jlggb.net\/jlb\/wp-pdf\/Artifices_1.pdf<\/a><\/p>\n<p><a href=\"https:\/\/jlggb.net\/jlb\/wp-pdf\/Artifices_2.pdf\">https:\/\/jlggb.net\/jlb\/wp-pdf\/Artifices_2.pdf<\/a><\/p>\n<p><a href=\"https:\/\/jlggb.net\/jlb\/wp-pdf\/Artifices_3.pdf\">https:\/\/jlggb.net\/jlb\/wp-pdf\/Artifices_3.pdf<\/a><\/p>\n<p><a href=\"https:\/\/jlggb.net\/jlb\/wp-pdf\/Artifices_4.pdf\">https:\/\/jlggb.net\/jlb\/wp-pdf\/Artifices_4.pdf<\/a><\/p>\n<p>SITE DE LA BIENNALE ARTIFICES<\/p>\n<p><a href=\"https:\/\/artsplastiques.univ-paris8.fr\/arplafr\/www.ciren.org\/artifice\/artifices_1\/index.html\" target=\"_blank\" rel=\"noopener\">https:\/\/artsplastiques.univ-paris8.fr\/arplafr\/www.ciren.org\/artifice\/artifices_1\/index.html<\/a><\/p>\n<p>&nbsp;<\/p>\n<p><strong>1998 L&rsquo;image n&rsquo;est pas seule<\/strong><\/p>\n<p><a href=\"https:\/\/jlggb.net\/jlb\/wp-pdf\/lips-catalogue-final.pdf\" target=\"_blank\" rel=\"noopener\">https:\/\/jlggb.net\/jlb\/wp-pdf\/lips-catalogue-final.pdf<\/a><\/p>\n<p><strong>1993-2000 Moments de Jean-Jacques Rousseau<\/strong><\/p>\n<p><a href=\"https:\/\/circonstances.net\/JJR\/\">https:\/\/circonstances.net\/JJR\/<\/a><\/p>\n<p><strong>1991 \u00ab La collection \u00e0 l\u2019\u0153uvre \u00bb<br \/>\n<\/strong>T\u00e9l\u00e9charger ce texte en pdf : <a href=\"https:\/\/jlggb.net\/jlb\/wp-pdf\/JLB_Collection.pdf\" target=\"_blank\" rel=\"noopener\">https:\/\/jlggb.net\/jlb\/wp-pdf\/JLB_Collection.pdf<\/a><\/p>\n<h2><\/h2>\n<h2><\/h2>\n<h2>Contributions \u00e0 des sites de recherches<\/h2>\n<p>Juillet 2024<\/p>\n<p>ATTENTION<br \/>\nCes sites ayant \u00e9t\u00e9 transf\u00e9r\u00e9s par la Recherche de l&rsquo;Universit\u00e9 Paris 8, un certain nombre de liens internes et externes doivent \u00eatre rectifi\u00e9s.<\/p>\n<p>Sur l&rsquo;Universit\u00e9 de Paris 8 &#8211; Vincennes :<br \/>\n<a href=\"https:\/\/www.rvdv.net\/vincennes\/\" target=\"_blank\" rel=\"noopener\">https:\/\/www.rvdv.net\/vincennes\/<\/a><\/p>\n<p><a href=\"https:\/\/artsplastiques.univ-paris8.fr\/arplafr\/\">https:\/\/artsplastiques.univ-paris8.fr\/<b>arpla.fr\/<\/b><\/a><\/p>\n<p><a href=\"https:\/\/artsplastiques.univ-paris8.fr\/arplafr\/www.ciren.org\/\">https:\/\/artsplastiques.univ-paris8.fr\/arplafr\/<b>www.ciren.org\/<\/b><\/a><\/p>\n<p><a href=\"https:\/\/artsplastiques.univ-paris8.fr\/arplafr\/www.ednm.fr\/\">https:\/\/artsplastiques.univ-paris8.fr\/arplafr\/<b>www.ednm.fr\/<\/b><\/a><\/p>\n<p><a href=\"https:\/\/artsplastiques.univ-paris8.fr\/arplafr\/www.vigilambule.net\/\">https:\/\/artsplastiques.univ-paris8.fr\/arplafr\/<b>www.vigilambule.net\/<\/b><\/a><\/p>\n","protected":false},"excerpt":{"rendered":"<p>S\u00e9minaires des 18 et 25 mars 2026 \/ Paris 8 Liens et t\u00e9l\u00e9chargements de .pdf 1985 Les immat\u00e9riaux https:\/\/www.rvdv.net\/immateriaux\/ 1988 Pixim 88 https:\/\/jlggb.net\/jlb\/?page_id=3636 1990 1992 1994 1996 Artifices \/ catalogue \/ sites historiques https:\/\/jlggb.net\/jlb\/wp-pdf\/Artifices_1.pdf https:\/\/jlggb.net\/jlb\/wp-pdf\/Artifices_2.pdf https:\/\/jlggb.net\/jlb\/wp-pdf\/Artifices_3.pdf https:\/\/jlggb.net\/jlb\/wp-pdf\/Artifices_4.pdf SITE DE LA BIENNALE ARTIFICES https:\/\/artsplastiques.univ-paris8.fr\/arplafr\/www.ciren.org\/artifice\/artifices_1\/index.html &nbsp; 1998 L&rsquo;image n&rsquo;est pas seule https:\/\/jlggb.net\/jlb\/wp-pdf\/lips-catalogue-final.pdf 1993-2000 Moments de Jean-Jacques Rousseau &hellip; <a href=\"https:\/\/jlggb.net\/jlb\/curiculum-vit%c3%a6\/recherches\/\" class=\"more-link\">Continuer la lecture de <span class=\"screen-reader-text\">Sites de recherches<\/span><\/a><\/p>\n","protected":false},"author":2,"featured_media":0,"parent":558,"menu_order":0,"comment_status":"closed","ping_status":"closed","template":"","meta":{"footnotes":""},"class_list":["post-3453","page","type-page","status-publish","hentry"],"_links":{"self":[{"href":"https:\/\/jlggb.net\/jlb\/wp-json\/wp\/v2\/pages\/3453","targetHints":{"allow":["GET"]}}],"collection":[{"href":"https:\/\/jlggb.net\/jlb\/wp-json\/wp\/v2\/pages"}],"about":[{"href":"https:\/\/jlggb.net\/jlb\/wp-json\/wp\/v2\/types\/page"}],"author":[{"embeddable":true,"href":"https:\/\/jlggb.net\/jlb\/wp-json\/wp\/v2\/users\/2"}],"replies":[{"embeddable":true,"href":"https:\/\/jlggb.net\/jlb\/wp-json\/wp\/v2\/comments?post=3453"}],"version-history":[{"count":21,"href":"https:\/\/jlggb.net\/jlb\/wp-json\/wp\/v2\/pages\/3453\/revisions"}],"predecessor-version":[{"id":3946,"href":"https:\/\/jlggb.net\/jlb\/wp-json\/wp\/v2\/pages\/3453\/revisions\/3946"}],"up":[{"embeddable":true,"href":"https:\/\/jlggb.net\/jlb\/wp-json\/wp\/v2\/pages\/558"}],"wp:attachment":[{"href":"https:\/\/jlggb.net\/jlb\/wp-json\/wp\/v2\/media?parent=3453"}],"curies":[{"name":"wp","href":"https:\/\/api.w.org\/{rel}","templated":true}]}}