{"id":3304,"date":"2023-10-29T09:32:44","date_gmt":"2023-10-29T08:32:44","guid":{"rendered":"http:\/\/jlggb.net\/jlb\/?page_id=3304"},"modified":"2023-10-29T09:42:28","modified_gmt":"2023-10-29T08:42:28","slug":"2016-le-bus-des-immateriaux","status":"publish","type":"page","link":"https:\/\/jlggb.net\/jlb\/textes\/2016-le-bus-des-immateriaux\/","title":{"rendered":"2016 Le Bus des Immat\u00e9riaux"},"content":{"rendered":"<p><a href=\"https:\/\/jlggb.net\/jlb\/wp-content\/uploads\/2018\/04\/EcM6-bus-stdenis-gris.jpg\" data-rel=\"lightbox-image-0\" data-imagelightbox=\"0\" data-rl_title=\"\" data-rl_caption=\"\" title=\"\"><img loading=\"lazy\" decoding=\"async\" class=\"alignnone wp-image-2330\" src=\"https:\/\/jlggb.net\/jlb\/wp-content\/uploads\/2018\/04\/EcM6-bus-stdenis-gris.jpg\" alt=\"\" width=\"640\" height=\"427\" srcset=\"https:\/\/jlggb.net\/jlb\/wp-content\/uploads\/2018\/04\/EcM6-bus-stdenis-gris.jpg 3600w, https:\/\/jlggb.net\/jlb\/wp-content\/uploads\/2018\/04\/EcM6-bus-stdenis-gris-300x200.jpg 300w, https:\/\/jlggb.net\/jlb\/wp-content\/uploads\/2018\/04\/EcM6-bus-stdenis-gris-768x512.jpg 768w, https:\/\/jlggb.net\/jlb\/wp-content\/uploads\/2018\/04\/EcM6-bus-stdenis-gris-1024x683.jpg 1024w, https:\/\/jlggb.net\/jlb\/wp-content\/uploads\/2018\/04\/EcM6-bus-stdenis-gris-150x100.jpg 150w\" sizes=\"auto, (max-width: 640px) 100vw, 640px\" \/><\/a><br \/>\nTexte adapt\u00e9 de l&rsquo;ouvrage <em>30 Years Les Immat\u00e9riaux<\/em>, publi\u00e9 en fran\u00e7ais dans <em>L&rsquo;\u00c9cran comme mobile<\/em>, Mamco, Gen\u00e8ve, 2016<br \/>\nVersion pdf : <a href=\"https:\/\/jlggb.net\/jlb\/wp-pdf\/JLB_EcM_LeBus.pdf\">https:\/\/jlggb.net\/jlb\/wp-pdf\/JLB_EcM_LeBus.pdf<\/a><\/p>\n","protected":false},"excerpt":{"rendered":"<p>Texte adapt\u00e9 de l&rsquo;ouvrage 30 Years Les Immat\u00e9riaux, publi\u00e9 en fran\u00e7ais dans L&rsquo;\u00c9cran comme mobile, Mamco, Gen\u00e8ve, 2016 Version pdf : https:\/\/jlggb.net\/jlb\/wp-pdf\/JLB_EcM_LeBus.pdf<\/p>\n","protected":false},"author":2,"featured_media":0,"parent":645,"menu_order":0,"comment_status":"closed","ping_status":"closed","template":"","meta":{"footnotes":""},"class_list":["post-3304","page","type-page","status-publish","hentry"],"_links":{"self":[{"href":"https:\/\/jlggb.net\/jlb\/wp-json\/wp\/v2\/pages\/3304","targetHints":{"allow":["GET"]}}],"collection":[{"href":"https:\/\/jlggb.net\/jlb\/wp-json\/wp\/v2\/pages"}],"about":[{"href":"https:\/\/jlggb.net\/jlb\/wp-json\/wp\/v2\/types\/page"}],"author":[{"embeddable":true,"href":"https:\/\/jlggb.net\/jlb\/wp-json\/wp\/v2\/users\/2"}],"replies":[{"embeddable":true,"href":"https:\/\/jlggb.net\/jlb\/wp-json\/wp\/v2\/comments?post=3304"}],"version-history":[{"count":8,"href":"https:\/\/jlggb.net\/jlb\/wp-json\/wp\/v2\/pages\/3304\/revisions"}],"predecessor-version":[{"id":3312,"href":"https:\/\/jlggb.net\/jlb\/wp-json\/wp\/v2\/pages\/3304\/revisions\/3312"}],"up":[{"embeddable":true,"href":"https:\/\/jlggb.net\/jlb\/wp-json\/wp\/v2\/pages\/645"}],"wp:attachment":[{"href":"https:\/\/jlggb.net\/jlb\/wp-json\/wp\/v2\/media?parent=3304"}],"curies":[{"name":"wp","href":"https:\/\/api.w.org\/{rel}","templated":true}]}}