{"id":3279,"date":"2023-07-15T10:22:06","date_gmt":"2023-07-15T08:22:06","guid":{"rendered":"http:\/\/jlggb.net\/jlb\/?page_id=3279"},"modified":"2023-07-15T10:43:10","modified_gmt":"2023-07-15T08:43:10","slug":"2015-retour-sur-le-cd-rom","status":"publish","type":"page","link":"https:\/\/jlggb.net\/jlb\/communications\/2015-retour-sur-le-cd-rom\/","title":{"rendered":"2015 Retour sur le CD-Rom"},"content":{"rendered":"<p>HyperCard : \u00ab\u00a0Go next card\u00a0\u00bb, Bob Stein.<\/p>\n<p>Conf\u00e9rence de Bob Stein (Voyager) et table ronde<br \/>\nDans le cadre de l&rsquo;exposition &lsquo;Welcome to the Future! The floppy cd-rom revolution&rsquo; (19 Mars &#8211; 26 Avril 2015), iMAL en collaboration avec Packed, PILEn et PointCulture organisent une conf\u00e9rence exceptionnelle de Bob Stein, un des acteurs majeurs des d\u00e9buts de l&rsquo;\u00e9dition \u00e9lectronique, fondateur de The Voyager Company et de l&rsquo;Institute for the Future of the Book.<br \/>\nLa conf\u00e9rence (en anglais) sera suivie d&rsquo;une table ronde et d\u00e9bat avec Etienne Mineur (\u00e9ditions volumiques), Pierre Lavoie (ex-Hyptique),  Eric Swenson (NEA), Jean-Louis Boissier et Yves Bernard (ex Magic Media, iMAL) anim\u00e9s par Emanuel Lorrain (Packed) et Morgane Batoz-Herges (PILen).<br \/>\n<a href=\"https:\/\/legacy.imal.org\/en\/node\/1471\" rel=\"noopener\" target=\"_blank\">https:\/\/legacy.imal.org\/en\/node\/1471<\/a><br \/>\niMal \/ Bruxelles<\/p>\n<p><a href=\"https:\/\/jlggb.net\/jlb\/wp-content\/uploads\/2023\/07\/imal_stein_2015-scaled.jpg\" data-rel=\"lightbox-image-0\" data-imagelightbox=\"0\" data-rl_title=\"\" data-rl_caption=\"\" title=\"\"><img loading=\"lazy\" decoding=\"async\" src=\"https:\/\/jlggb.net\/jlb\/wp-content\/uploads\/2023\/07\/imal_stein_2015-scaled.jpg\" alt=\"\" width=\"600\" height=\"450\" class=\"alignnone size-full wp-image-3282\" \/><\/a><br \/>\n<a href=\"https:\/\/jlggb.net\/jlb\/wp-content\/uploads\/2023\/07\/imal_stein_bernard_jlb_2015-scaled.jpg\" data-rel=\"lightbox-image-1\" data-imagelightbox=\"1\" data-rl_title=\"\" data-rl_caption=\"\" title=\"\"><img loading=\"lazy\" decoding=\"async\" src=\"https:\/\/jlggb.net\/jlb\/wp-content\/uploads\/2023\/07\/imal_stein_bernard_jlb_2015-scaled.jpg\" alt=\"\" width=\"600\" height=\"450\" class=\"alignnone size-full wp-image-3283\" \/><\/a><br \/>\nYves Bernard, Bob Stein<\/p>\n","protected":false},"excerpt":{"rendered":"<p>HyperCard : \u00ab\u00a0Go next card\u00a0\u00bb, Bob Stein. Conf\u00e9rence de Bob Stein (Voyager) et table ronde Dans le cadre de l&rsquo;exposition &lsquo;Welcome to the Future! The floppy cd-rom revolution&rsquo; (19 Mars &#8211; 26 Avril 2015), iMAL en collaboration avec Packed, PILEn et PointCulture organisent une conf\u00e9rence exceptionnelle de Bob Stein, un des acteurs majeurs des d\u00e9buts &hellip; <a href=\"https:\/\/jlggb.net\/jlb\/communications\/2015-retour-sur-le-cd-rom\/\" class=\"more-link\">Continuer la lecture de <span class=\"screen-reader-text\">2015 Retour sur le CD-Rom<\/span><\/a><\/p>\n","protected":false},"author":2,"featured_media":0,"parent":3268,"menu_order":0,"comment_status":"closed","ping_status":"closed","template":"","meta":{"footnotes":""},"class_list":["post-3279","page","type-page","status-publish","hentry"],"_links":{"self":[{"href":"https:\/\/jlggb.net\/jlb\/wp-json\/wp\/v2\/pages\/3279","targetHints":{"allow":["GET"]}}],"collection":[{"href":"https:\/\/jlggb.net\/jlb\/wp-json\/wp\/v2\/pages"}],"about":[{"href":"https:\/\/jlggb.net\/jlb\/wp-json\/wp\/v2\/types\/page"}],"author":[{"embeddable":true,"href":"https:\/\/jlggb.net\/jlb\/wp-json\/wp\/v2\/users\/2"}],"replies":[{"embeddable":true,"href":"https:\/\/jlggb.net\/jlb\/wp-json\/wp\/v2\/comments?post=3279"}],"version-history":[{"count":4,"href":"https:\/\/jlggb.net\/jlb\/wp-json\/wp\/v2\/pages\/3279\/revisions"}],"predecessor-version":[{"id":3285,"href":"https:\/\/jlggb.net\/jlb\/wp-json\/wp\/v2\/pages\/3279\/revisions\/3285"}],"up":[{"embeddable":true,"href":"https:\/\/jlggb.net\/jlb\/wp-json\/wp\/v2\/pages\/3268"}],"wp:attachment":[{"href":"https:\/\/jlggb.net\/jlb\/wp-json\/wp\/v2\/media?parent=3279"}],"curies":[{"name":"wp","href":"https:\/\/api.w.org\/{rel}","templated":true}]}}