{"id":3268,"date":"2023-07-11T23:03:03","date_gmt":"2023-07-11T21:03:03","guid":{"rendered":"http:\/\/jlggb.net\/jlb\/?page_id=3268"},"modified":"2025-12-25T23:09:36","modified_gmt":"2025-12-25T22:09:36","slug":"communications","status":"publish","type":"page","link":"https:\/\/jlggb.net\/jlb\/communications\/","title":{"rendered":"EXPOS\u00c9S COMMUNICATIONS (\u00e0 compl\u00e9ter)"},"content":{"rendered":"","protected":false},"excerpt":{"rendered":"","protected":false},"author":2,"featured_media":0,"parent":0,"menu_order":0,"comment_status":"closed","ping_status":"closed","template":"","meta":{"footnotes":""},"class_list":["post-3268","page","type-page","status-publish","hentry"],"_links":{"self":[{"href":"https:\/\/jlggb.net\/jlb\/wp-json\/wp\/v2\/pages\/3268","targetHints":{"allow":["GET"]}}],"collection":[{"href":"https:\/\/jlggb.net\/jlb\/wp-json\/wp\/v2\/pages"}],"about":[{"href":"https:\/\/jlggb.net\/jlb\/wp-json\/wp\/v2\/types\/page"}],"author":[{"embeddable":true,"href":"https:\/\/jlggb.net\/jlb\/wp-json\/wp\/v2\/users\/2"}],"replies":[{"embeddable":true,"href":"https:\/\/jlggb.net\/jlb\/wp-json\/wp\/v2\/comments?post=3268"}],"version-history":[{"count":3,"href":"https:\/\/jlggb.net\/jlb\/wp-json\/wp\/v2\/pages\/3268\/revisions"}],"predecessor-version":[{"id":3834,"href":"https:\/\/jlggb.net\/jlb\/wp-json\/wp\/v2\/pages\/3268\/revisions\/3834"}],"wp:attachment":[{"href":"https:\/\/jlggb.net\/jlb\/wp-json\/wp\/v2\/media?parent=3268"}],"curies":[{"name":"wp","href":"https:\/\/api.w.org\/{rel}","templated":true}]}}