{"id":3265,"date":"2023-07-11T23:00:50","date_gmt":"2023-07-11T21:00:50","guid":{"rendered":"http:\/\/jlggb.net\/jlb\/?page_id=3265"},"modified":"2025-07-04T00:19:44","modified_gmt":"2025-07-03T22:19:44","slug":"2002-lure","status":"publish","type":"page","link":"https:\/\/jlggb.net\/jlb\/communications\/2002-lure\/","title":{"rendered":"2002 Lure"},"content":{"rendered":"<p>Expos\u00e9 aux rencontres de Lure sur la dimension typographique du CD-Rom <em>Moments de Jean-Jacques Rousseau<\/em>, Gallimard, 2000.<\/p>\n<p>Comment un texte classique, \u00e9dit\u00e9 dans La Pl\u00e9iade, conna\u00eet un syst\u00e8me de lecture interactif , associ\u00e9 lui-m\u00eame \u00e0 des \u00ab estampes \u00bb interactives.<br \/>\nComment un grand \u00e9diteur entreprend une fa\u00e7on interactive de l&rsquo;essai.<\/p>\n<p><a href=\"https:\/\/chronologie.delure.org\/1996-2009\/2002-jubilations-typographiques\" target=\"_blank\" rel=\"noopener\">https:\/\/chronologie.delure.org\/1996-2009\/2002-jubilations-typographiques<\/a><\/p>\n","protected":false},"excerpt":{"rendered":"<p>Expos\u00e9 aux rencontres de Lure sur la dimension typographique du CD-Rom Moments de Jean-Jacques Rousseau, Gallimard, 2000. Comment un texte classique, \u00e9dit\u00e9 dans La Pl\u00e9iade, conna\u00eet un syst\u00e8me de lecture interactif , associ\u00e9 lui-m\u00eame \u00e0 des \u00ab estampes \u00bb interactives. Comment un grand \u00e9diteur entreprend une fa\u00e7on interactive de l&rsquo;essai. https:\/\/chronologie.delure.org\/1996-2009\/2002-jubilations-typographiques<\/p>\n","protected":false},"author":2,"featured_media":0,"parent":3268,"menu_order":0,"comment_status":"closed","ping_status":"closed","template":"","meta":{"footnotes":""},"class_list":["post-3265","page","type-page","status-publish","hentry"],"_links":{"self":[{"href":"https:\/\/jlggb.net\/jlb\/wp-json\/wp\/v2\/pages\/3265","targetHints":{"allow":["GET"]}}],"collection":[{"href":"https:\/\/jlggb.net\/jlb\/wp-json\/wp\/v2\/pages"}],"about":[{"href":"https:\/\/jlggb.net\/jlb\/wp-json\/wp\/v2\/types\/page"}],"author":[{"embeddable":true,"href":"https:\/\/jlggb.net\/jlb\/wp-json\/wp\/v2\/users\/2"}],"replies":[{"embeddable":true,"href":"https:\/\/jlggb.net\/jlb\/wp-json\/wp\/v2\/comments?post=3265"}],"version-history":[{"count":8,"href":"https:\/\/jlggb.net\/jlb\/wp-json\/wp\/v2\/pages\/3265\/revisions"}],"predecessor-version":[{"id":3663,"href":"https:\/\/jlggb.net\/jlb\/wp-json\/wp\/v2\/pages\/3265\/revisions\/3663"}],"up":[{"embeddable":true,"href":"https:\/\/jlggb.net\/jlb\/wp-json\/wp\/v2\/pages\/3268"}],"wp:attachment":[{"href":"https:\/\/jlggb.net\/jlb\/wp-json\/wp\/v2\/media?parent=3265"}],"curies":[{"name":"wp","href":"https:\/\/api.w.org\/{rel}","templated":true}]}}