{"id":302,"date":"2009-10-04T08:13:18","date_gmt":"2009-10-04T07:13:18","guid":{"rendered":"http:\/\/jlggb.net\/jlb\/?page_id=302"},"modified":"2023-04-16T13:14:49","modified_gmt":"2023-04-16T11:14:49","slug":"2001-la-morale-sensitive","status":"publish","type":"page","link":"https:\/\/jlggb.net\/jlb\/travaux\/2001-la-morale-sensitive\/","title":{"rendered":"1999-2001 La Morale sensitive"},"content":{"rendered":"<p>&nbsp;<\/p>\n<p><img loading=\"lazy\" decoding=\"async\" class=\"alignnone wp-image-3251\" src=\"https:\/\/jlggb.net\/jlb\/wp-content\/uploads\/2023\/04\/lamorale_jlb_zkm_2002_full.jpg\" alt=\"\" width=\"640\" height=\"480\" srcset=\"https:\/\/jlggb.net\/jlb\/wp-content\/uploads\/2023\/04\/lamorale_jlb_zkm_2002_full.jpg 2268w, https:\/\/jlggb.net\/jlb\/wp-content\/uploads\/2023\/04\/lamorale_jlb_zkm_2002_full-300x225.jpg 300w, https:\/\/jlggb.net\/jlb\/wp-content\/uploads\/2023\/04\/lamorale_jlb_zkm_2002_full-1024x768.jpg 1024w, https:\/\/jlggb.net\/jlb\/wp-content\/uploads\/2023\/04\/lamorale_jlb_zkm_2002_full-768x576.jpg 768w, https:\/\/jlggb.net\/jlb\/wp-content\/uploads\/2023\/04\/lamorale_jlb_zkm_2002_full-1536x1152.jpg 1536w, https:\/\/jlggb.net\/jlb\/wp-content\/uploads\/2023\/04\/lamorale_jlb_zkm_2002_full-2048x1536.jpg 2048w, https:\/\/jlggb.net\/jlb\/wp-content\/uploads\/2023\/04\/lamorale_jlb_zkm_2002_full-150x113.jpg 150w\" sizes=\"auto, (max-width: 640px) 100vw, 640px\" \/><br \/>\n<em>La Morale sensitive<\/em>, exposition Future Cinema, ZKM, Karlsruhe, 2002.<\/p>\n<p>Le projets <em>Moments de Jean-Jacques Rousseau<\/em> a donn\u00e9 lieu \u00e0 3 installations distinctes : <em>La deuxi\u00e8me Promenade<\/em>, 1998, <em>La Morale sensitive<\/em>, 1999, <em>Moments de Jean-Jacques Rousseau<\/em>, 2001-2008.<\/p>\n<p>Voir : <a href=\"https:\/\/jlggb.net\/jlb\/?page_id=21\" target=\"_self\" rel=\"noopener\">2000 <em>Moments de Jean-Jacques Rousseau<\/em><\/a>.<\/p>\n<p>FICHE G\u00c9N\u00c9RIQUE<br \/>\n<em>La Deuxi\u00e8me Promenade<\/em>, installation vid\u00e9o-interactive, 1998<br \/>\nVersion du Centre pour l\u2019image contemporaine, Saint-Gervais Gen\u00e8ve, 1999<br \/>\nConception et r\u00e9alisation : Jean-Louis Boissier.<br \/>\nProgrammation informatique : Jean-No\u00ebl Lafargue.<br \/>\nD\u00e9veloppement technique : Christian Laroche.<br \/>\nDesign du mobilier : Alain Cieutat, AHA.<br \/>\nProduction : Le Fresnoy, Studio national des arts contemporains, laboratoire Esth\u00e9tique de l\u2019interactivit\u00e9, Universit\u00e9 Paris 8, Association Transports, Centre pour l\u2019image contemporaine, Saint-Gervais Gen\u00e8ve<\/p>\n<p>FICHE G\u00c9N\u00c9RIQUE<em><br \/>\nLa Morale sensitive<\/em>, installation vid\u00e9o-interactive, 1999<br \/>\nVersion pour le Mus\u00e9e d\u2019Annecy, 2001<br \/>\nR\u00e9alisation : Jean-Louis Boissier.<br \/>\nConception : Jean-Louis Boissier et Liliane Terrier.<br \/>\nDirection de production : Andr\u00e9 Iten, Brigitte Chapuis.<br \/>\nProduction vid\u00e9o : Maren K\u00f6pp.<br \/>\nAssistant de r\u00e9alisation : Hajime Takeuchi.<br \/>\nProgrammation informatique : Jean-No\u00ebl Lafargue.<br \/>\nD\u00e9veloppement technique : Christian Laroche.<br \/>\nR\u00e9alisation typographique : Jean-Fran\u00e7ois Rey.<br \/>\nStagiaires : Christine Voto, Philippe Donadini, Thierry Guibert.<br \/>\nProduction : Centre pour l\u2019image contemporaine, Saint-Gervais Gen\u00e8ve.<\/p>\n<p>Installation acquise par la collection d&rsquo;art contemporain du Mus\u00e9e-Ch\u00e2teau d&rsquo;Annecy, 2002.<\/p>\n<p><a href=\"https:\/\/jlggb.net\/jlb\/wp-content\/uploads\/2009\/08\/MMTS_ICC_01r.jpg\" data-rel=\"lightbox-image-0\" data-imagelightbox=\"0\" data-rl_title=\"\" data-rl_caption=\"\"><img loading=\"lazy\" decoding=\"async\" title=\"\" src=\"https:\/\/jlggb.net\/jlb\/wp-content\/uploads\/2009\/08\/MMTS_ICC_01r.jpg\" alt=\"MMTS_ICC_01r\" width=\"640\" height=\"480\" \/><\/a><a href=\"https:\/\/jlggb.net\/jlb\/wp-content\/uploads\/2009\/08\/MMTS_ICC_04r.jpg\" data-rel=\"lightbox-image-1\" data-imagelightbox=\"1\" data-rl_title=\"\" data-rl_caption=\"\"><img loading=\"lazy\" decoding=\"async\" title=\"\" src=\"https:\/\/jlggb.net\/jlb\/wp-content\/uploads\/2009\/08\/MMTS_ICC_04r.jpg\" alt=\"MMTS_ICC_04r\" width=\"640\" height=\"480\" \/><\/a><br \/>\n<em>La Morale sensitive<\/em>, installation vid\u00e9o-interactive, 1999-2000. Version pour \u00ab Open Space \u00bb, ICC, Tokyo, 2008.<\/p>\n<p>ARGUMENT<\/p>\n<p>Moments sensitifs (Version nouvelle, 2008,\u00a0 de <em>La Morale sensitive<\/em>)<br \/>\nInstallation vid\u00e9o-interactive, 2000. Version 2008 pour l&rsquo;exposition<em> Open Space<\/em>, ICC, Tokyo.<\/p>\n<p>L\u2019installation reprend le dispositif de la premi\u00e8re version de la s\u00e9ries des installations con\u00e7ues autour du projet \u00ab Moments de Jean-Jacques Rousseau \u00bb. Le programme est constitu\u00e9 d\u2019une s\u00e9rie de s\u00e9quences, \u00ab tableaux vid\u00e9o-interactifs \u00bb, associant un court texte (citation de l\u2019un des ouvrages de Rousseau) sous forme de paragraphes \u00e0 feuilleter et un film anim\u00e9 d\u2019un mouvement panoramique restitu\u00e9 par un d\u00e9placement de l\u2019image dans la projection. Le spectateur (ou plut\u00f4t le lecteur) peut actionner ces s\u00e9quences textes-images d\u2019un geste de la main: cela simule \u00e0 la fois le fait de tourner les pages d\u2019un livre et le fait de d\u00e9placer la cam\u00e9ra pour d\u00e9couvrir une sc\u00e8ne ou un paysage.<\/p>\n<p>Le principe sp\u00e9cifique de l\u2019installation <em>Moments sensitifs<\/em> est de s\u00e9parer en deux projections les textes et les images. Les images sont projet\u00e9es sur une petite table d\u2019\u00e9cole. Le lecteur peut s\u2019asseoir devant sur une chaise. En d\u00e9pla\u00e7ant sa main sur la table, il entra\u00eene le d\u00e9placement des images vers la droite ou vers la gauche. Les textes qui d\u00e9filent eux aussi du fait de cette m\u00eame action sont projet\u00e9es sur un mur vertical que l\u2019on voit par une petite fen\u00eatre perc\u00e9e dans le mur o\u00f9 est appuy\u00e9e la table. Lorsque le lecteur cesse de d\u00e9placer les images, le texte change automatiquement, le nouveau texte amenant les nouvelles images qui lui sont associ\u00e9es. Ce montage se fait par l\u2019interm\u00e9diaire de mots-cl\u00e9s (ou shifters): dans la transition le texte commence \u00e0 s\u2019effacer en laissant des mots sur l\u2019\u00e9cran; puis l\u2019un de ces mots est choisi par le programme en fonction de divers param\u00e8tres, principalement l\u2019historique de ce que le lecteur a d\u00e9j\u00e0 vu. Ce mot figure aussi dans le texte qui va s\u2019afficher, il se d\u00e9place pour occuper la place qu\u2019il a dans le nouveau texte puis ce texte s\u2019affiche sur le mur en m\u00eame temps que les images sur la table. Ainsi, le lecteur per\u00e7oit que, s\u2019il peut agir sur les images (de cr\u00e9ation r\u00e9centes dans la forme de la vid\u00e9o), il doit laisser le texte des citations (\u00e9crit par Rousseau il y a plus de deux cent ans) d\u00e9cider de l\u2019encha\u00eenement.<\/p>\n<p>Le mot moment renvoie \u00e0 une id\u00e9e de Rousseau qui veut que l\u2019existence et les souvenirs qu\u2019on en a se construisent en fragments de temps associ\u00e9s \u00e0 des lieux, \u00e0 des circonstances et \u00e0 une image subjective. Il signifie aussi pour nous un certain type de s\u00e9quence vid\u00e9o boucl\u00e9e sur elle m\u00eame et que l\u2019on peut sans cesse r\u00e9p\u00e9ter. Le mot sensitive renvoie \u00e0 l\u2019id\u00e9e que Rousseau se fait de l\u2019apprentissage philosophique et moral fond\u00e9 sur les sensations. Il signifie aussi pour nous l\u2019accent mis sur la perception sensible de la r\u00e9alit\u00e9 que tend \u00e0 restituer la s\u00e9quence vid\u00e9ointeractive ainsi que la sensibilit\u00e9 du geste de consultation et de l\u2019interface.<\/p>\n<p>FICHE TECHNIQUE<\/p>\n<p>Langues : le programme est ou bien en fran\u00e7ais et anglais, ou bien en anglais et japonais. Lorsque l\u2019installation n\u2019est pas utilis\u00e9e, un \u00e9cran d\u2019accueil est projet\u00e9 qui permet au visiteur qui arrive de choisir<br \/>\nl\u2019une des deux langues.<\/p>\n<p>Mat\u00e9riel technique :<br \/>\n2 vid\u00e9o-projecteurs 1024 x 768<br \/>\n1 ordinateur Mac Mini ou G5 ou MacPro<br \/>\n2 haut-parleurs amplifi\u00e9s<br \/>\n1 cam\u00e9ra de surveillance FireWire<br \/>\n1 source IR<br \/>\nMat\u00e9riel pour l\u2019installation :<br \/>\n1 table d\u2019\u00e9colier d&rsquo;environ 50 cm x 70 cm (hauteur 73 cm)<br \/>\n1 chaise du m\u00eame type<br \/>\nConstruction de l\u2019installation :<br \/>\nUne alc\u00f4ve : 105 cm x 210 cm (int\u00e9rieur)<br \/>\nMurs : 16 cm d\u2019\u00e9paisseur<br \/>\nHauteur du plafond : 210 cm<br \/>\nFen\u00eatre de 70 cm de large et de 105 cm de haut, \u00e0 85 cm du so et \u00e0 20 cm du plafond<br \/>\nLes 2 projecteurs, l\u2019ordinateur, la camera, la source IR sont dans le plafond, au dessus de la table.<br \/>\nLes 2 haut-parleurs sont dans la partie inf\u00e9rieure du mur derri\u00e8re la table.<\/p>\n","protected":false},"excerpt":{"rendered":"<p>&nbsp; La Morale sensitive, exposition Future Cinema, ZKM, Karlsruhe, 2002. Le projets Moments de Jean-Jacques Rousseau a donn\u00e9 lieu \u00e0 3 installations distinctes : La deuxi\u00e8me Promenade, 1998, La Morale sensitive, 1999, Moments de Jean-Jacques Rousseau, 2001-2008. Voir : 2000 Moments de Jean-Jacques Rousseau. FICHE G\u00c9N\u00c9RIQUE La Deuxi\u00e8me Promenade, installation vid\u00e9o-interactive, 1998 Version du Centre &hellip; <a href=\"https:\/\/jlggb.net\/jlb\/travaux\/2001-la-morale-sensitive\/\" class=\"more-link\">Continuer la lecture de <span class=\"screen-reader-text\">1999-2001 La Morale sensitive<\/span><\/a><\/p>\n","protected":false},"author":2,"featured_media":0,"parent":556,"menu_order":20,"comment_status":"closed","ping_status":"closed","template":"","meta":{"footnotes":""},"class_list":["post-302","page","type-page","status-publish","hentry"],"_links":{"self":[{"href":"https:\/\/jlggb.net\/jlb\/wp-json\/wp\/v2\/pages\/302","targetHints":{"allow":["GET"]}}],"collection":[{"href":"https:\/\/jlggb.net\/jlb\/wp-json\/wp\/v2\/pages"}],"about":[{"href":"https:\/\/jlggb.net\/jlb\/wp-json\/wp\/v2\/types\/page"}],"author":[{"embeddable":true,"href":"https:\/\/jlggb.net\/jlb\/wp-json\/wp\/v2\/users\/2"}],"replies":[{"embeddable":true,"href":"https:\/\/jlggb.net\/jlb\/wp-json\/wp\/v2\/comments?post=302"}],"version-history":[{"count":3,"href":"https:\/\/jlggb.net\/jlb\/wp-json\/wp\/v2\/pages\/302\/revisions"}],"predecessor-version":[{"id":3254,"href":"https:\/\/jlggb.net\/jlb\/wp-json\/wp\/v2\/pages\/302\/revisions\/3254"}],"up":[{"embeddable":true,"href":"https:\/\/jlggb.net\/jlb\/wp-json\/wp\/v2\/pages\/556"}],"wp:attachment":[{"href":"https:\/\/jlggb.net\/jlb\/wp-json\/wp\/v2\/media?parent=302"}],"curies":[{"name":"wp","href":"https:\/\/api.w.org\/{rel}","templated":true}]}}