{"id":2857,"date":"2021-01-17T20:34:57","date_gmt":"2021-01-17T19:34:57","guid":{"rendered":"http:\/\/jlggb.net\/jlb\/?page_id=2857"},"modified":"2021-01-17T21:21:12","modified_gmt":"2021-01-17T20:21:12","slug":"1998-limage-nest-pas-seule","status":"publish","type":"page","link":"https:\/\/jlggb.net\/jlb\/livres\/1998-limage-nest-pas-seule\/","title":{"rendered":"1998 L&rsquo;Image n&rsquo;est pas seule"},"content":{"rendered":"<p><a href=\"https:\/\/jlggb.net\/jlb\/wp-content\/uploads\/2021\/01\/lips.jpg\" data-rel=\"lightbox-image-0\" data-imagelightbox=\"0\" data-rl_title=\"\" data-rl_caption=\"\" title=\"\"><img loading=\"lazy\" decoding=\"async\" class=\"alignnone wp-image-2859\" src=\"https:\/\/jlggb.net\/jlb\/wp-content\/uploads\/2021\/01\/lips.jpg\" alt=\"\" width=\"368\" height=\"480\" srcset=\"https:\/\/jlggb.net\/jlb\/wp-content\/uploads\/2021\/01\/lips.jpg 698w, https:\/\/jlggb.net\/jlb\/wp-content\/uploads\/2021\/01\/lips-230x300.jpg 230w, https:\/\/jlggb.net\/jlb\/wp-content\/uploads\/2021\/01\/lips-115x150.jpg 115w\" sizes=\"auto, (max-width: 368px) 100vw, 368px\" \/><\/a><\/p>\n<p>Jean-Louis Boissier, Liliane Terrier (sous la direction de)<br \/>\n<em>L&rsquo;Image n&rsquo;est pas seule<br \/>\n<\/em>Universit\u00e9 Paris 8<br \/>\nCatalogue\u00a0des travaux artistiques du laboratoire de recherche Esth\u00e9tique de l\u2019interactivit\u00e9<br \/>\n1998<\/p>\n<p><a href=\"https:\/\/jlggb.net\/jlb\/wp-pdf\/lips-catalogue-final.pdf\"><img loading=\"lazy\" decoding=\"async\" class=\"alignnone wp-image-2863\" src=\"https:\/\/jlggb.net\/jlb\/wp-content\/uploads\/2021\/01\/pdf.jpg\" alt=\"\" width=\"80\" height=\"80\" \/><\/a><br \/>\nT\u00e9l\u00e9charger en pdf : <a href=\"https:\/\/jlggb.net\/jlb\/wp-pdf\/lips-catalogue-final.pdf\" target=\"_blank\" rel=\"noopener\">https:\/\/jlggb.net\/jlb\/wp-pdf\/lips-catalogue-final.pdf<\/a><\/p>\n<p>CONTRIBUTIONS (situations en 1998)<br \/>\nFran\u00e7oise Agez, chercheur en arts plastiques<br \/>\nJean-Louis Boissier, professeur en arts plastiques, coresponsable<br \/>\ndu laboratoire Esth\u00e9tique de l\u2019interactivit\u00e9<br \/>\nJean-Marie Dallet, attach\u00e9 d\u2019enseignement et de recherche en arts plastiques<br \/>\nAndrea Davidson, chercheur en arts plastiques, chor\u00e9graphe<br \/>\nAline Giron, charg\u00e9e de cours en arts plastiques, r\u00e9alisatrice multim\u00e9dia<br \/>\nJ\u00e9r\u00f4me Glicenstein, PRAG en arts plastiques<br \/>\nMaren K\u00f6pp, attach\u00e9e d\u2019enseignement et de recherche en arts plastiques<br \/>\nJean-No\u00ebl Lafargue, charg\u00e9 de cours en arts plastiques<br \/>\nFabien Lagny, charg\u00e9 de cours en arts plastiques, r\u00e9alisateur multim\u00e9dia<br \/>\nChristian Laroche, enseignant \u00e0 l\u2019\u00c9cole des beaux-arts de Dijon<br \/>\nDouglas Edric Stanley, chercheur, charg\u00e9 de cours en arts plastiques<br \/>\nHajime Takeuchi, chercheur, charg\u00e9 de cours en arts plastiques<br \/>\nLiliane Terrier, ma\u00eetre de conf\u00e9rences en arts plastiques, coresponsable<br \/>\ndu laboratoire Esth\u00e9tique de l\u2019interactivit\u00e9<br \/>\nAndrea Urlberger, chercheur en arts plastiques<br \/>\nYe Xin, ma\u00eetre de conf\u00e9rences en arts plastiques<\/p>\n","protected":false},"excerpt":{"rendered":"<p>Jean-Louis Boissier, Liliane Terrier (sous la direction de) L&rsquo;Image n&rsquo;est pas seule Universit\u00e9 Paris 8 Catalogue\u00a0des travaux artistiques du laboratoire de recherche Esth\u00e9tique de l\u2019interactivit\u00e9 1998 T\u00e9l\u00e9charger en pdf : https:\/\/jlggb.net\/jlb\/wp-pdf\/lips-catalogue-final.pdf CONTRIBUTIONS (situations en 1998) Fran\u00e7oise Agez, chercheur en arts plastiques Jean-Louis Boissier, professeur en arts plastiques, coresponsable du laboratoire Esth\u00e9tique de l\u2019interactivit\u00e9 Jean-Marie Dallet, &hellip; <a href=\"https:\/\/jlggb.net\/jlb\/livres\/1998-limage-nest-pas-seule\/\" class=\"more-link\">Continuer la lecture de <span class=\"screen-reader-text\">1998 L&rsquo;Image n&rsquo;est pas seule<\/span><\/a><\/p>\n","protected":false},"author":2,"featured_media":0,"parent":637,"menu_order":0,"comment_status":"closed","ping_status":"closed","template":"","meta":{"footnotes":""},"class_list":["post-2857","page","type-page","status-publish","hentry"],"_links":{"self":[{"href":"https:\/\/jlggb.net\/jlb\/wp-json\/wp\/v2\/pages\/2857","targetHints":{"allow":["GET"]}}],"collection":[{"href":"https:\/\/jlggb.net\/jlb\/wp-json\/wp\/v2\/pages"}],"about":[{"href":"https:\/\/jlggb.net\/jlb\/wp-json\/wp\/v2\/types\/page"}],"author":[{"embeddable":true,"href":"https:\/\/jlggb.net\/jlb\/wp-json\/wp\/v2\/users\/2"}],"replies":[{"embeddable":true,"href":"https:\/\/jlggb.net\/jlb\/wp-json\/wp\/v2\/comments?post=2857"}],"version-history":[{"count":18,"href":"https:\/\/jlggb.net\/jlb\/wp-json\/wp\/v2\/pages\/2857\/revisions"}],"predecessor-version":[{"id":2880,"href":"https:\/\/jlggb.net\/jlb\/wp-json\/wp\/v2\/pages\/2857\/revisions\/2880"}],"up":[{"embeddable":true,"href":"https:\/\/jlggb.net\/jlb\/wp-json\/wp\/v2\/pages\/637"}],"wp:attachment":[{"href":"https:\/\/jlggb.net\/jlb\/wp-json\/wp\/v2\/media?parent=2857"}],"curies":[{"name":"wp","href":"https:\/\/api.w.org\/{rel}","templated":true}]}}