{"id":2750,"date":"2020-05-10T21:39:37","date_gmt":"2020-05-10T19:39:37","guid":{"rendered":"http:\/\/jlggb.net\/jlb\/?page_id=2750"},"modified":"2020-05-10T21:45:37","modified_gmt":"2020-05-10T19:45:37","slug":"2003-creer-du-sens","status":"publish","type":"page","link":"https:\/\/jlggb.net\/jlb\/expositions-personnelles-et-collectives\/2003-creer-du-sens\/","title":{"rendered":"2003 Cr\u00e9er du sens"},"content":{"rendered":"<p>Cr\u00e9er du sens \u00e0 l&rsquo;\u00e8re num\u00e9rique<br \/>\nUniversit\u00e9 Paris 8<br \/>\nSeptembre 2003<br \/>\nExposition, performances, ateliers, exp\u00e9rimentations artistiques<br \/>\nCommissariat : Martine Bour, Djeff Regottaz<br \/>\nProduction : laboratoire Ciren<br \/>\nCatalogue : 48 pages<br \/>\nPi\u00e8ce pr\u00e9sent\u00e9e : <em>Modus operandi<\/em>, 2003, installation vid\u00e9o interactive<br \/>\nVoir : <a href=\"https:\/\/jlggb.net\/jlb\/?page_id=163\">https:\/\/jlggb.net\/jlb\/?page_id=163<\/a><br \/>\n<a href=\"https:\/\/jlggb.net\/jlb\/wp-content\/uploads\/2020\/05\/modus-operandi-dessin1.jpg\" data-rel=\"lightbox-image-0\" data-imagelightbox=\"0\" data-rl_title=\"\" data-rl_caption=\"\" title=\"\"><img loading=\"lazy\" decoding=\"async\" src=\"https:\/\/jlggb.net\/jlb\/wp-content\/uploads\/2020\/05\/modus-operandi-dessin1.jpg\" alt=\"\" width=\"640\" height=\"480\" class=\"alignnone size-full wp-image-2755\" srcset=\"https:\/\/jlggb.net\/jlb\/wp-content\/uploads\/2020\/05\/modus-operandi-dessin1.jpg 640w, https:\/\/jlggb.net\/jlb\/wp-content\/uploads\/2020\/05\/modus-operandi-dessin1-300x225.jpg 300w, https:\/\/jlggb.net\/jlb\/wp-content\/uploads\/2020\/05\/modus-operandi-dessin1-150x113.jpg 150w\" sizes=\"auto, (max-width: 640px) 100vw, 640px\" \/><\/a><\/p>\n","protected":false},"excerpt":{"rendered":"<p>Cr\u00e9er du sens \u00e0 l&rsquo;\u00e8re num\u00e9rique Universit\u00e9 Paris 8 Septembre 2003 Exposition, performances, ateliers, exp\u00e9rimentations artistiques Commissariat : Martine Bour, Djeff Regottaz Production : laboratoire Ciren Catalogue : 48 pages Pi\u00e8ce pr\u00e9sent\u00e9e : Modus operandi, 2003, installation vid\u00e9o interactive Voir : https:\/\/jlggb.net\/jlb\/?page_id=163<\/p>\n","protected":false},"author":2,"featured_media":0,"parent":650,"menu_order":0,"comment_status":"closed","ping_status":"closed","template":"","meta":{"footnotes":""},"class_list":["post-2750","page","type-page","status-publish","hentry"],"_links":{"self":[{"href":"https:\/\/jlggb.net\/jlb\/wp-json\/wp\/v2\/pages\/2750","targetHints":{"allow":["GET"]}}],"collection":[{"href":"https:\/\/jlggb.net\/jlb\/wp-json\/wp\/v2\/pages"}],"about":[{"href":"https:\/\/jlggb.net\/jlb\/wp-json\/wp\/v2\/types\/page"}],"author":[{"embeddable":true,"href":"https:\/\/jlggb.net\/jlb\/wp-json\/wp\/v2\/users\/2"}],"replies":[{"embeddable":true,"href":"https:\/\/jlggb.net\/jlb\/wp-json\/wp\/v2\/comments?post=2750"}],"version-history":[{"count":5,"href":"https:\/\/jlggb.net\/jlb\/wp-json\/wp\/v2\/pages\/2750\/revisions"}],"predecessor-version":[{"id":2756,"href":"https:\/\/jlggb.net\/jlb\/wp-json\/wp\/v2\/pages\/2750\/revisions\/2756"}],"up":[{"embeddable":true,"href":"https:\/\/jlggb.net\/jlb\/wp-json\/wp\/v2\/pages\/650"}],"wp:attachment":[{"href":"https:\/\/jlggb.net\/jlb\/wp-json\/wp\/v2\/media?parent=2750"}],"curies":[{"name":"wp","href":"https:\/\/api.w.org\/{rel}","templated":true}]}}