{"id":2564,"date":"2019-03-09T00:38:21","date_gmt":"2019-03-08T23:38:21","guid":{"rendered":"http:\/\/jlggb.net\/jlb\/?page_id=2564"},"modified":"2021-02-01T14:03:01","modified_gmt":"2021-02-01T13:03:01","slug":"2015-vincennes-clipboard","status":"publish","type":"page","link":"https:\/\/jlggb.net\/jlb\/films\/2015-vincennes-clipboard\/","title":{"rendered":"2015 Vincennes Clipboard"},"content":{"rendered":"<p><a href=\"https:\/\/jlggb.net\/jlb\/wp-content\/uploads\/2021\/01\/clipboard-quatre-bois-2015.jpg\" data-rel=\"lightbox-image-0\" data-imagelightbox=\"0\" data-rl_title=\"\" data-rl_caption=\"\" title=\"\"><img loading=\"lazy\" decoding=\"async\" class=\"alignnone wp-image-2991\" src=\"https:\/\/jlggb.net\/jlb\/wp-content\/uploads\/2021\/01\/clipboard-quatre-bois-2015.jpg\" alt=\"\" width=\"640\" height=\"480\" srcset=\"https:\/\/jlggb.net\/jlb\/wp-content\/uploads\/2021\/01\/clipboard-quatre-bois-2015.jpg 2000w, https:\/\/jlggb.net\/jlb\/wp-content\/uploads\/2021\/01\/clipboard-quatre-bois-2015-300x225.jpg 300w, https:\/\/jlggb.net\/jlb\/wp-content\/uploads\/2021\/01\/clipboard-quatre-bois-2015-1024x768.jpg 1024w, https:\/\/jlggb.net\/jlb\/wp-content\/uploads\/2021\/01\/clipboard-quatre-bois-2015-768x576.jpg 768w, https:\/\/jlggb.net\/jlb\/wp-content\/uploads\/2021\/01\/clipboard-quatre-bois-2015-1536x1152.jpg 1536w, https:\/\/jlggb.net\/jlb\/wp-content\/uploads\/2021\/01\/clipboard-quatre-bois-2015-150x113.jpg 150w\" sizes=\"auto, (max-width: 640px) 100vw, 640px\" \/><\/a><br \/>\n<em>Vincennes Clipboard<\/em> ou <em>Les Vigilambules\/L&rsquo;Illumination de Vincennes<\/em>, 2015, film produit par une performance de quatre lectrices sur un parcours carr\u00e9 qui correspond \u00e0 l&#8217;emplacement du bassin-forum du Centre universitaire exp\u00e9rimental de Vincennes, 1968-1980. Conception et r\u00e9alisation : Jean-Louis Boissier et Liliane Terrier.<br \/>\nVoir <a href=\"https:\/\/jlggb.net\/jlb\/?page_id=1404\">https:\/\/jlggb.net\/jlb\/?page_id=1404<\/a><\/p>\n","protected":false},"excerpt":{"rendered":"<p>Vincennes Clipboard ou Les Vigilambules\/L&rsquo;Illumination de Vincennes, 2015, film produit par une performance de quatre lectrices sur un parcours carr\u00e9 qui correspond \u00e0 l&#8217;emplacement du bassin-forum du Centre universitaire exp\u00e9rimental de Vincennes, 1968-1980. Conception et r\u00e9alisation : Jean-Louis Boissier et Liliane Terrier. Voir https:\/\/jlggb.net\/jlb\/?page_id=1404<\/p>\n","protected":false},"author":2,"featured_media":0,"parent":587,"menu_order":0,"comment_status":"closed","ping_status":"closed","template":"","meta":{"footnotes":""},"class_list":["post-2564","page","type-page","status-publish","hentry"],"_links":{"self":[{"href":"https:\/\/jlggb.net\/jlb\/wp-json\/wp\/v2\/pages\/2564","targetHints":{"allow":["GET"]}}],"collection":[{"href":"https:\/\/jlggb.net\/jlb\/wp-json\/wp\/v2\/pages"}],"about":[{"href":"https:\/\/jlggb.net\/jlb\/wp-json\/wp\/v2\/types\/page"}],"author":[{"embeddable":true,"href":"https:\/\/jlggb.net\/jlb\/wp-json\/wp\/v2\/users\/2"}],"replies":[{"embeddable":true,"href":"https:\/\/jlggb.net\/jlb\/wp-json\/wp\/v2\/comments?post=2564"}],"version-history":[{"count":8,"href":"https:\/\/jlggb.net\/jlb\/wp-json\/wp\/v2\/pages\/2564\/revisions"}],"predecessor-version":[{"id":2994,"href":"https:\/\/jlggb.net\/jlb\/wp-json\/wp\/v2\/pages\/2564\/revisions\/2994"}],"up":[{"embeddable":true,"href":"https:\/\/jlggb.net\/jlb\/wp-json\/wp\/v2\/pages\/587"}],"wp:attachment":[{"href":"https:\/\/jlggb.net\/jlb\/wp-json\/wp\/v2\/media?parent=2564"}],"curies":[{"name":"wp","href":"https:\/\/api.w.org\/{rel}","templated":true}]}}