{"id":256,"date":"2009-10-03T19:01:51","date_gmt":"2009-10-03T18:01:51","guid":{"rendered":"http:\/\/jlggb.net\/jlb\/?page_id=256"},"modified":"2025-12-25T23:41:10","modified_gmt":"2025-12-25T22:41:10","slug":"1970-dimanche-au-bord-du-rhin","status":"publish","type":"page","link":"https:\/\/jlggb.net\/jlb\/films\/1970-dimanche-au-bord-du-rhin\/","title":{"rendered":"1970 Dimanche au bord du Rhin"},"content":{"rendered":"<p><em>Dimanche au bord du Rhin<\/em>, film 16mm couleurs sonore, 40mn<br \/>\nR\u00e9alisation : Jean-Louis Boissier<br \/>\nCostumes : Jean-Louis Boucher<br \/>\nProduction : GREC, 1970<br \/>\nImage : Jean-Louis Boissier<br \/>\nSon : Herv\u00e9 Berthelot<br \/>\nMontage : Jean-Louis Boissier<br \/>\nInterpr\u00e9tation : Evelyne Rudi, Eve de Cantelauve, Jean-Louis Boucher, Yann Le Bonniec, Fran\u00e7ois Marthouret<\/p>\n<p>\u00ab\u00a0Essai de film didactique. Un groupe d&rsquo;acteurs repr\u00e9sentant une \u00e9quipe de propagande sovi\u00e9tique de 1922 fournit aux passants des \u00e9l\u00e9ments politiques pour la visite d&rsquo;un parc historique sous un certain jour, le parc du pont du Rhin \u00e0 Strasbourg. \u00bb<\/p>\n<p><a href=\"http:\/\/jlggb.net\/blog2\/wp-content\/uploads\/2010\/04\/bord-du-rhin-1970-1280.jpg\" data-rel=\"lightbox-image-0\" data-imagelightbox=\"0\" data-rl_title=\"\" data-rl_caption=\"\"><img loading=\"lazy\" decoding=\"async\" class=\"alignnone wp-image-1651 size-full\" title=\"\" src=\"http:\/\/jlggb.net\/blog2\/wp-content\/uploads\/2010\/04\/bord-du-rhin-1970-1280.jpg\" alt=\"\" width=\"640\" height=\"480\" \/><\/a><\/p>\n<p><a href=\"https:\/\/jlggb.net\/jlb\/wp-content\/uploads\/2025\/12\/FD23_scenario_1970_jlggb.jpg\" data-rel=\"lightbox-image-1\" data-imagelightbox=\"1\" data-rl_title=\"\" data-rl_caption=\"\" title=\"\"><img loading=\"lazy\" decoding=\"async\" class=\"alignnone wp-image-3841\" src=\"https:\/\/jlggb.net\/jlb\/wp-content\/uploads\/2025\/12\/FD23_scenario_1970_jlggb.jpg\" alt=\"\" width=\"640\" height=\"420\" srcset=\"https:\/\/jlggb.net\/jlb\/wp-content\/uploads\/2025\/12\/FD23_scenario_1970_jlggb.jpg 1139w, https:\/\/jlggb.net\/jlb\/wp-content\/uploads\/2025\/12\/FD23_scenario_1970_jlggb-300x197.jpg 300w, https:\/\/jlggb.net\/jlb\/wp-content\/uploads\/2025\/12\/FD23_scenario_1970_jlggb-1024x672.jpg 1024w, https:\/\/jlggb.net\/jlb\/wp-content\/uploads\/2025\/12\/FD23_scenario_1970_jlggb-768x504.jpg 768w\" sizes=\"auto, (max-width: 640px) 100vw, 640px\" \/><\/a><\/p>\n<p><a href=\"https:\/\/jlggb.net\/jlb\/wp-content\/uploads\/2020\/03\/1970-rhin-detail-square.jpg\" data-rel=\"lightbox-image-2\" data-imagelightbox=\"2\" data-rl_title=\"\" data-rl_caption=\"\" title=\"\"><img loading=\"lazy\" decoding=\"async\" class=\"alignnone wp-image-2732\" src=\"https:\/\/jlggb.net\/jlb\/wp-content\/uploads\/2020\/03\/1970-rhin-detail-square.jpg\" alt=\"\" width=\"640\" height=\"640\" srcset=\"https:\/\/jlggb.net\/jlb\/wp-content\/uploads\/2020\/03\/1970-rhin-detail-square.jpg 3200w, https:\/\/jlggb.net\/jlb\/wp-content\/uploads\/2020\/03\/1970-rhin-detail-square-150x150.jpg 150w, https:\/\/jlggb.net\/jlb\/wp-content\/uploads\/2020\/03\/1970-rhin-detail-square-300x300.jpg 300w, https:\/\/jlggb.net\/jlb\/wp-content\/uploads\/2020\/03\/1970-rhin-detail-square-768x768.jpg 768w, https:\/\/jlggb.net\/jlb\/wp-content\/uploads\/2020\/03\/1970-rhin-detail-square-1024x1024.jpg 1024w\" sizes=\"auto, (max-width: 640px) 100vw, 640px\" \/><\/a><br \/>\nMardi 30 mars 2010, 23h30. 40 ans apr\u00e8s le tournage du film <em>Dimanche au bord du Rhin<\/em> (\u00ab film didactique N\u00b023 \u00bb), des documents sont sortis et reproduits. Une photo de rep\u00e9rage datant de l&rsquo;automne 1969 (avec Jean-Louis Boucher d\u00e9corateur et acteur dans ce film), la brochure de \u00ab Notes th\u00e9oriques \u00bb contenant un dessin original du dispositif qui appara\u00eet dans les s\u00e9quences des \u00ab discours \u00bb.\u00a0 Produit par le GREC (Groupe de recherches et d&rsquo;\u00e9tudes cin\u00e9matographiques), le film a \u00e9t\u00e9 tourn\u00e9 les 28, 29 et 30 mars 1970 \u00e0 Strasbourg et mont\u00e9 avant l&rsquo;\u00e9t\u00e9 1970. Le film existe toujours sous forme de copie de travail double bande, mais on ne sait pas dans quel \u00e9tat. Il n&rsquo;a pas \u00e9t\u00e9 projet\u00e9 depuis 1971.<br \/>\nFragments de photogrammes de la copie de travail. \u00c9tat en mars 2020, couleurs d\u00e9grad\u00e9es, 50 ans apr\u00e8s le tournage. Les cinq personnages.<br \/>\n(Archives JLggB)<\/p>\n<p>EXTRAIT DES NOTES<\/p>\n<p>Fd\/23 (au bord du Rhin)<\/p>\n<p>Film 16 mm en couleurs (Eastmancolor) sonore de 40 mn.<br \/>\nPropos g\u00e9n\u00e9ral du film :<br \/>\n\u2014 produire une analyse historique d&rsquo;un lieu donn\u00e9 (parc du Rhin)<br \/>\n\u2014 \u00eatre l&rsquo;instrument d&rsquo;une action critique interpr\u00e9t\u00e9e<br \/>\n\u2014 produire un enregistrement de cette action actuelle<br \/>\n\u2014 fournir des moyens d&rsquo;analyse de cette action enregistr\u00e9e<br \/>\n\u2014 produire une critique de lui-m\u00eame<\/p>\n","protected":false},"excerpt":{"rendered":"<p>Dimanche au bord du Rhin, film 16mm couleurs sonore, 40mn R\u00e9alisation : Jean-Louis Boissier Costumes : Jean-Louis Boucher Production : GREC, 1970 Image : Jean-Louis Boissier Son : Herv\u00e9 Berthelot Montage : Jean-Louis Boissier Interpr\u00e9tation : Evelyne Rudi, Eve de Cantelauve, Jean-Louis Boucher, Yann Le Bonniec, Fran\u00e7ois Marthouret \u00ab\u00a0Essai de film didactique. Un groupe d&rsquo;acteurs &hellip; <a href=\"https:\/\/jlggb.net\/jlb\/films\/1970-dimanche-au-bord-du-rhin\/\" class=\"more-link\">Continuer la lecture de <span class=\"screen-reader-text\">1970 Dimanche au bord du Rhin<\/span><\/a><\/p>\n","protected":false},"author":2,"featured_media":0,"parent":587,"menu_order":3,"comment_status":"closed","ping_status":"closed","template":"","meta":{"footnotes":""},"class_list":["post-256","page","type-page","status-publish","hentry"],"_links":{"self":[{"href":"https:\/\/jlggb.net\/jlb\/wp-json\/wp\/v2\/pages\/256","targetHints":{"allow":["GET"]}}],"collection":[{"href":"https:\/\/jlggb.net\/jlb\/wp-json\/wp\/v2\/pages"}],"about":[{"href":"https:\/\/jlggb.net\/jlb\/wp-json\/wp\/v2\/types\/page"}],"author":[{"embeddable":true,"href":"https:\/\/jlggb.net\/jlb\/wp-json\/wp\/v2\/users\/2"}],"replies":[{"embeddable":true,"href":"https:\/\/jlggb.net\/jlb\/wp-json\/wp\/v2\/comments?post=256"}],"version-history":[{"count":12,"href":"https:\/\/jlggb.net\/jlb\/wp-json\/wp\/v2\/pages\/256\/revisions"}],"predecessor-version":[{"id":3844,"href":"https:\/\/jlggb.net\/jlb\/wp-json\/wp\/v2\/pages\/256\/revisions\/3844"}],"up":[{"embeddable":true,"href":"https:\/\/jlggb.net\/jlb\/wp-json\/wp\/v2\/pages\/587"}],"wp:attachment":[{"href":"https:\/\/jlggb.net\/jlb\/wp-json\/wp\/v2\/media?parent=256"}],"curies":[{"name":"wp","href":"https:\/\/api.w.org\/{rel}","templated":true}]}}