{"id":2557,"date":"2019-03-08T15:59:17","date_gmt":"2019-03-08T14:59:17","guid":{"rendered":"http:\/\/jlggb.net\/jlb\/?page_id=2557"},"modified":"2024-07-23T17:22:16","modified_gmt":"2024-07-23T15:22:16","slug":"habiliation-a-diriger-les-recherches","status":"publish","type":"page","link":"https:\/\/jlggb.net\/jlb\/curiculum-vit%c3%a6\/habiliation-a-diriger-les-recherches\/","title":{"rendered":"1994 Habilitation \u00e0 diriger des recherches"},"content":{"rendered":"<p><em>\u00c9l\u00e9ments d&rsquo;une esth\u00e9tique de la saisie<\/em>, <i>du photographique au num\u00e9rique et \u00e0 l&rsquo;interactif, <\/i>1994, Universit\u00e9 Paris 8.<br \/>\nJury : Raymond Bellour, Anne Cauquelin, Edmond Couchot, Anne-Marie Duguet, Frank Popper.<\/p>\n<p>De 1995 \u00e0 2020, une trentaine de th\u00e8ses de doctorat sont soutenues \u00e0 l&rsquo;Universit\u00e9 Paris 8 sous sa direction.<\/p>\n<p><a href=\"https:\/\/jlggb.net\/jlb\/wp-content\/uploads\/2024\/07\/WAGON-BERNARD-ZEITZ.jpg\" data-rel=\"lightbox-image-0\" data-imagelightbox=\"0\" data-rl_title=\"\" data-rl_caption=\"\" title=\"\"><img loading=\"lazy\" decoding=\"async\" class=\"alignnone size-full wp-image-3455\" src=\"https:\/\/jlggb.net\/jlb\/wp-content\/uploads\/2024\/07\/WAGON-BERNARD-ZEITZ.jpg\" alt=\"\" width=\"800\" height=\"1000\" srcset=\"https:\/\/jlggb.net\/jlb\/wp-content\/uploads\/2024\/07\/WAGON-BERNARD-ZEITZ.jpg 800w, https:\/\/jlggb.net\/jlb\/wp-content\/uploads\/2024\/07\/WAGON-BERNARD-ZEITZ-240x300.jpg 240w, https:\/\/jlggb.net\/jlb\/wp-content\/uploads\/2024\/07\/WAGON-BERNARD-ZEITZ-768x960.jpg 768w\" sizes=\"auto, (max-width: 800px) 100vw, 800px\" \/><\/a><br \/>\nGwenola Wagon, professeure \u00e0 l&rsquo;Universit\u00e9 Paris 1, Caroline Bernard, professeure \u00e0 l&rsquo;ENSP Arles, Anne Zeitz, professeure \u00e0 l&rsquo;Universit\u00e9 Rennes\u00a02. Arles, 2017.<\/p>\n","protected":false},"excerpt":{"rendered":"<p>\u00c9l\u00e9ments d&rsquo;une esth\u00e9tique de la saisie, du photographique au num\u00e9rique et \u00e0 l&rsquo;interactif, 1994, Universit\u00e9 Paris 8. Jury : Raymond Bellour, Anne Cauquelin, Edmond Couchot, Anne-Marie Duguet, Frank Popper. De 1995 \u00e0 2020, une trentaine de th\u00e8ses de doctorat sont soutenues \u00e0 l&rsquo;Universit\u00e9 Paris 8 sous sa direction. Gwenola Wagon, professeure \u00e0 l&rsquo;Universit\u00e9 Paris 1, &hellip; <a href=\"https:\/\/jlggb.net\/jlb\/curiculum-vit%c3%a6\/habiliation-a-diriger-les-recherches\/\" class=\"more-link\">Continuer la lecture de <span class=\"screen-reader-text\">1994 Habilitation \u00e0 diriger des recherches<\/span><\/a><\/p>\n","protected":false},"author":2,"featured_media":0,"parent":558,"menu_order":0,"comment_status":"closed","ping_status":"closed","template":"","meta":{"footnotes":""},"class_list":["post-2557","page","type-page","status-publish","hentry"],"_links":{"self":[{"href":"https:\/\/jlggb.net\/jlb\/wp-json\/wp\/v2\/pages\/2557","targetHints":{"allow":["GET"]}}],"collection":[{"href":"https:\/\/jlggb.net\/jlb\/wp-json\/wp\/v2\/pages"}],"about":[{"href":"https:\/\/jlggb.net\/jlb\/wp-json\/wp\/v2\/types\/page"}],"author":[{"embeddable":true,"href":"https:\/\/jlggb.net\/jlb\/wp-json\/wp\/v2\/users\/2"}],"replies":[{"embeddable":true,"href":"https:\/\/jlggb.net\/jlb\/wp-json\/wp\/v2\/comments?post=2557"}],"version-history":[{"count":13,"href":"https:\/\/jlggb.net\/jlb\/wp-json\/wp\/v2\/pages\/2557\/revisions"}],"predecessor-version":[{"id":3462,"href":"https:\/\/jlggb.net\/jlb\/wp-json\/wp\/v2\/pages\/2557\/revisions\/3462"}],"up":[{"embeddable":true,"href":"https:\/\/jlggb.net\/jlb\/wp-json\/wp\/v2\/pages\/558"}],"wp:attachment":[{"href":"https:\/\/jlggb.net\/jlb\/wp-json\/wp\/v2\/media?parent=2557"}],"curies":[{"name":"wp","href":"https:\/\/api.w.org\/{rel}","templated":true}]}}