{"id":2553,"date":"2019-03-08T15:53:18","date_gmt":"2019-03-08T14:53:18","guid":{"rendered":"http:\/\/jlggb.net\/jlb\/?page_id=2553"},"modified":"2022-12-25T20:17:02","modified_gmt":"2022-12-25T19:17:02","slug":"these-de-3e-cycle","status":"publish","type":"page","link":"https:\/\/jlggb.net\/jlb\/curiculum-vit%c3%a6\/these-de-3e-cycle\/","title":{"rendered":"1979 Doctorat"},"content":{"rendered":"<p>Th\u00e8se de 3e cycle<em><br \/>\nLa question de l&rsquo;h\u00e9ritage dans les arts plastiques en Chine<\/em>, 1972-1979, Universit\u00e9 Paris 8, sous la direction de Frank Popper.<br \/>\nExemplaire conserv\u00e9 \u00e0 la Biblioth\u00e8que Nationale.<\/p>\n<p><a href=\"https:\/\/jlggb.net\/jlb\/wp-content\/uploads\/2019\/03\/jlb-1971-gris-retouch-web.jpg\" data-rel=\"lightbox-image-0\" data-imagelightbox=\"0\" data-rl_title=\"\" data-rl_caption=\"\" title=\"\"><img loading=\"lazy\" decoding=\"async\" class=\"alignnone wp-image-2555\" src=\"https:\/\/jlggb.net\/jlb\/wp-content\/uploads\/2019\/03\/jlb-1971-gris-retouch-web.jpg\" alt=\"\" width=\"640\" height=\"503\" srcset=\"https:\/\/jlggb.net\/jlb\/wp-content\/uploads\/2019\/03\/jlb-1971-gris-retouch-web.jpg 3052w, https:\/\/jlggb.net\/jlb\/wp-content\/uploads\/2019\/03\/jlb-1971-gris-retouch-web-300x236.jpg 300w, https:\/\/jlggb.net\/jlb\/wp-content\/uploads\/2019\/03\/jlb-1971-gris-retouch-web-768x604.jpg 768w, https:\/\/jlggb.net\/jlb\/wp-content\/uploads\/2019\/03\/jlb-1971-gris-retouch-web-1024x805.jpg 1024w, https:\/\/jlggb.net\/jlb\/wp-content\/uploads\/2019\/03\/jlb-1971-gris-retouch-web-150x118.jpg 150w\" sizes=\"auto, (max-width: 640px) 100vw, 640px\" \/><\/a><br \/>\n\u00c9criture, Paris 12e. Polaroid par Liliane Terrier, 1972<\/p>\n<p>PROLONGEMENTS DE LA RECHERCHE SUR LES ARTS POPULAIRES ET BEAUX-ARTS DE CHINE, SUR LES \u00c9CHANGES ARTISTIQUES ENTRE FRANCE ET CHINE ANN\u00c9ES 80 (\u00e0 compl\u00e9ter).<\/p>\n<p><a href=\"https:\/\/jlggb.net\/jlb\/wp-content\/uploads\/2021\/01\/jlggb-zao-boi-for-300-scaled.jpg\" data-rel=\"lightbox-image-1\" data-imagelightbox=\"1\" data-rl_title=\"\" data-rl_caption=\"\" title=\"\"><img loading=\"lazy\" decoding=\"async\" class=\"alignnone wp-image-2906\" src=\"https:\/\/jlggb.net\/jlb\/wp-content\/uploads\/2021\/01\/jlggb-zao-boi-for-300-scaled.jpg\" alt=\"\" width=\"640\" height=\"427\" srcset=\"https:\/\/jlggb.net\/jlb\/wp-content\/uploads\/2021\/01\/jlggb-zao-boi-for-300-scaled.jpg 2560w, https:\/\/jlggb.net\/jlb\/wp-content\/uploads\/2021\/01\/jlggb-zao-boi-for-300-300x200.jpg 300w, https:\/\/jlggb.net\/jlb\/wp-content\/uploads\/2021\/01\/jlggb-zao-boi-for-300-1024x683.jpg 1024w, https:\/\/jlggb.net\/jlb\/wp-content\/uploads\/2021\/01\/jlggb-zao-boi-for-300-768x512.jpg 768w, https:\/\/jlggb.net\/jlb\/wp-content\/uploads\/2021\/01\/jlggb-zao-boi-for-300-1536x1024.jpg 1536w, https:\/\/jlggb.net\/jlb\/wp-content\/uploads\/2021\/01\/jlggb-zao-boi-for-300-2048x1365.jpg 2048w, https:\/\/jlggb.net\/jlb\/wp-content\/uploads\/2021\/01\/jlggb-zao-boi-for-300-150x100.jpg 150w\" sizes=\"auto, (max-width: 640px) 100vw, 640px\" \/><\/a><br \/>\nParis, mai 1984, pr\u00e9paration d&rsquo;un concours de dessins d&rsquo;enfants avec Zao Wouki et Jean-Claude Forest, Ye Xin, (photo par lui), JLB, et aussi\u00a0Claire Bret\u00e9cher, membres du jury.<\/p>\n","protected":false},"excerpt":{"rendered":"<p>Th\u00e8se de 3e cycle La question de l&rsquo;h\u00e9ritage dans les arts plastiques en Chine, 1972-1979, Universit\u00e9 Paris 8, sous la direction de Frank Popper. Exemplaire conserv\u00e9 \u00e0 la Biblioth\u00e8que Nationale. \u00c9criture, Paris 12e. Polaroid par Liliane Terrier, 1972 PROLONGEMENTS DE LA RECHERCHE SUR LES ARTS POPULAIRES ET BEAUX-ARTS DE CHINE, SUR LES \u00c9CHANGES ARTISTIQUES ENTRE &hellip; <a href=\"https:\/\/jlggb.net\/jlb\/curiculum-vit%c3%a6\/these-de-3e-cycle\/\" class=\"more-link\">Continuer la lecture de <span class=\"screen-reader-text\">1979 Doctorat<\/span><\/a><\/p>\n","protected":false},"author":2,"featured_media":0,"parent":558,"menu_order":0,"comment_status":"closed","ping_status":"closed","template":"","meta":{"footnotes":""},"class_list":["post-2553","page","type-page","status-publish","hentry"],"_links":{"self":[{"href":"https:\/\/jlggb.net\/jlb\/wp-json\/wp\/v2\/pages\/2553","targetHints":{"allow":["GET"]}}],"collection":[{"href":"https:\/\/jlggb.net\/jlb\/wp-json\/wp\/v2\/pages"}],"about":[{"href":"https:\/\/jlggb.net\/jlb\/wp-json\/wp\/v2\/types\/page"}],"author":[{"embeddable":true,"href":"https:\/\/jlggb.net\/jlb\/wp-json\/wp\/v2\/users\/2"}],"replies":[{"embeddable":true,"href":"https:\/\/jlggb.net\/jlb\/wp-json\/wp\/v2\/comments?post=2553"}],"version-history":[{"count":13,"href":"https:\/\/jlggb.net\/jlb\/wp-json\/wp\/v2\/pages\/2553\/revisions"}],"predecessor-version":[{"id":3141,"href":"https:\/\/jlggb.net\/jlb\/wp-json\/wp\/v2\/pages\/2553\/revisions\/3141"}],"up":[{"embeddable":true,"href":"https:\/\/jlggb.net\/jlb\/wp-json\/wp\/v2\/pages\/558"}],"wp:attachment":[{"href":"https:\/\/jlggb.net\/jlb\/wp-json\/wp\/v2\/media?parent=2553"}],"curies":[{"name":"wp","href":"https:\/\/api.w.org\/{rel}","templated":true}]}}