{"id":247,"date":"2009-10-03T18:55:39","date_gmt":"2009-10-03T17:55:39","guid":{"rendered":"http:\/\/jlggb.net\/jlb\/?page_id=247"},"modified":"2010-07-14T23:03:48","modified_gmt":"2010-07-14T22:03:48","slug":"2005-le-shifter-comme-utopie","status":"publish","type":"page","link":"https:\/\/jlggb.net\/jlb\/films\/2005-le-shifter-comme-utopie\/","title":{"rendered":"2005 Le shifter comme utopie"},"content":{"rendered":"<p>R\u00e9alisation :<br \/>\n<em>Le Shifter comme utopie<\/em>, vid\u00e9o de 6mn, DV, DVD, 2005<\/p>\n<p>Essai sur l&rsquo;usage du t\u00e9l\u00e9phone portable \u00e0 partir du texte de Roland Barthes \u00ab Le shifter comme utopie \u00bb, <em>Roland Barthes par lui-m\u00eame<\/em>, Seuil, 1975.<\/p>\n","protected":false},"excerpt":{"rendered":"<p>R\u00e9alisation : Le Shifter comme utopie, vid\u00e9o de 6mn, DV, DVD, 2005 Essai sur l&rsquo;usage du t\u00e9l\u00e9phone portable \u00e0 partir du texte de Roland Barthes \u00ab Le shifter comme utopie \u00bb, Roland Barthes par lui-m\u00eame, Seuil, 1975.<\/p>\n","protected":false},"author":2,"featured_media":0,"parent":587,"menu_order":8,"comment_status":"closed","ping_status":"closed","template":"","meta":{"footnotes":""},"class_list":["post-247","page","type-page","status-publish","hentry"],"_links":{"self":[{"href":"https:\/\/jlggb.net\/jlb\/wp-json\/wp\/v2\/pages\/247","targetHints":{"allow":["GET"]}}],"collection":[{"href":"https:\/\/jlggb.net\/jlb\/wp-json\/wp\/v2\/pages"}],"about":[{"href":"https:\/\/jlggb.net\/jlb\/wp-json\/wp\/v2\/types\/page"}],"author":[{"embeddable":true,"href":"https:\/\/jlggb.net\/jlb\/wp-json\/wp\/v2\/users\/2"}],"replies":[{"embeddable":true,"href":"https:\/\/jlggb.net\/jlb\/wp-json\/wp\/v2\/comments?post=247"}],"version-history":[{"count":0,"href":"https:\/\/jlggb.net\/jlb\/wp-json\/wp\/v2\/pages\/247\/revisions"}],"up":[{"embeddable":true,"href":"https:\/\/jlggb.net\/jlb\/wp-json\/wp\/v2\/pages\/587"}],"wp:attachment":[{"href":"https:\/\/jlggb.net\/jlb\/wp-json\/wp\/v2\/media?parent=247"}],"curies":[{"name":"wp","href":"https:\/\/api.w.org\/{rel}","templated":true}]}}