{"id":2452,"date":"2018-11-02T01:47:05","date_gmt":"2018-11-02T00:47:05","guid":{"rendered":"http:\/\/jlggb.net\/jlb\/?page_id=2452"},"modified":"2018-11-02T01:51:30","modified_gmt":"2018-11-02T00:51:30","slug":"2018-symposium-ix-montreal","status":"publish","type":"page","link":"https:\/\/jlggb.net\/jlb\/expositions-personnelles-et-collectives\/2018-symposium-ix-montreal\/","title":{"rendered":"2018 Symposium iX Montr\u00e9al"},"content":{"rendered":"<p>Symposium iX (l\u2019eXp\u00e9rience Immersive), \u00ab\u00a0La conqu\u00eate du R\u00e9el\u00a0\u00bb, Luc Courchesne commissaire, du 29 mai au 2 juin 2018, SAT\/Soci\u00e9t\u00e9 des arts technologiques, Montr\u00e9al.<\/p>\n<p>Exposition du dispositif <em>Papyrus Rudiments<\/em> dans\u00a0sa version en r\u00e9alit\u00e9 augment\u00e9e.<br \/>\nVoir :<a href=\"https:\/\/jlggb.net\/jlb\/?page_id=2374\">\u00a0https:\/\/jlggb.net\/jlb\/?page_id=2374<\/a><\/p>\n","protected":false},"excerpt":{"rendered":"<p>Symposium iX (l\u2019eXp\u00e9rience Immersive), \u00ab\u00a0La conqu\u00eate du R\u00e9el\u00a0\u00bb, Luc Courchesne commissaire, du 29 mai au 2 juin 2018, SAT\/Soci\u00e9t\u00e9 des arts technologiques, Montr\u00e9al. Exposition du dispositif Papyrus Rudiments dans\u00a0sa version en r\u00e9alit\u00e9 augment\u00e9e. Voir :\u00a0https:\/\/jlggb.net\/jlb\/?page_id=2374<\/p>\n","protected":false},"author":2,"featured_media":0,"parent":650,"menu_order":0,"comment_status":"closed","ping_status":"closed","template":"","meta":{"footnotes":""},"class_list":["post-2452","page","type-page","status-publish","hentry"],"_links":{"self":[{"href":"https:\/\/jlggb.net\/jlb\/wp-json\/wp\/v2\/pages\/2452","targetHints":{"allow":["GET"]}}],"collection":[{"href":"https:\/\/jlggb.net\/jlb\/wp-json\/wp\/v2\/pages"}],"about":[{"href":"https:\/\/jlggb.net\/jlb\/wp-json\/wp\/v2\/types\/page"}],"author":[{"embeddable":true,"href":"https:\/\/jlggb.net\/jlb\/wp-json\/wp\/v2\/users\/2"}],"replies":[{"embeddable":true,"href":"https:\/\/jlggb.net\/jlb\/wp-json\/wp\/v2\/comments?post=2452"}],"version-history":[{"count":5,"href":"https:\/\/jlggb.net\/jlb\/wp-json\/wp\/v2\/pages\/2452\/revisions"}],"predecessor-version":[{"id":2457,"href":"https:\/\/jlggb.net\/jlb\/wp-json\/wp\/v2\/pages\/2452\/revisions\/2457"}],"up":[{"embeddable":true,"href":"https:\/\/jlggb.net\/jlb\/wp-json\/wp\/v2\/pages\/650"}],"wp:attachment":[{"href":"https:\/\/jlggb.net\/jlb\/wp-json\/wp\/v2\/media?parent=2452"}],"curies":[{"name":"wp","href":"https:\/\/api.w.org\/{rel}","templated":true}]}}