{"id":2398,"date":"2018-09-23T23:36:39","date_gmt":"2018-09-23T21:36:39","guid":{"rendered":"http:\/\/jlggb.net\/jlb\/?page_id=2398"},"modified":"2018-09-23T23:45:40","modified_gmt":"2018-09-23T21:45:40","slug":"2017-de-la-participation-a-linteractivite-frank-popper","status":"publish","type":"page","link":"https:\/\/jlggb.net\/jlb\/textes\/2017-de-la-participation-a-linteractivite-frank-popper\/","title":{"rendered":"2017 De la participation \u00e0 l&rsquo;interactivit\u00e9. Frank Popper"},"content":{"rendered":"<p><a href=\"https:\/\/jlggb.net\/jlb\/wp-content\/uploads\/2018\/09\/9782343122038r.jpg\" data-rel=\"lightbox-image-0\" data-imagelightbox=\"0\" data-rl_title=\"\" data-rl_caption=\"\" title=\"\"><img loading=\"lazy\" decoding=\"async\" class=\"alignnone wp-image-2401\" src=\"https:\/\/jlggb.net\/jlb\/wp-content\/uploads\/2018\/09\/9782343122038r.jpg\" alt=\"\" width=\"320\" height=\"520\" \/><\/a><br \/>\n<em>De l&rsquo;art cin\u00e9tique \u00e0 l&rsquo;art num\u00e9rique. Hommage \u00e0 Frank Popper<\/em>, sous la direction de Fran\u00e7oise Py, L&rsquo;Harmattan, 232 pages, 2017<br \/>\nTexte JLB : \u00ab\u00a0De la participation \u00e0 l\u2019interactivit\u00e9 : une suite de bifurcations \u00bb<\/p>\n","protected":false},"excerpt":{"rendered":"<p>De l&rsquo;art cin\u00e9tique \u00e0 l&rsquo;art num\u00e9rique. Hommage \u00e0 Frank Popper, sous la direction de Fran\u00e7oise Py, L&rsquo;Harmattan, 232 pages, 2017 Texte JLB : \u00ab\u00a0De la participation \u00e0 l\u2019interactivit\u00e9 : une suite de bifurcations \u00bb<\/p>\n","protected":false},"author":2,"featured_media":0,"parent":645,"menu_order":0,"comment_status":"closed","ping_status":"closed","template":"","meta":{"footnotes":""},"class_list":["post-2398","page","type-page","status-publish","hentry"],"_links":{"self":[{"href":"https:\/\/jlggb.net\/jlb\/wp-json\/wp\/v2\/pages\/2398","targetHints":{"allow":["GET"]}}],"collection":[{"href":"https:\/\/jlggb.net\/jlb\/wp-json\/wp\/v2\/pages"}],"about":[{"href":"https:\/\/jlggb.net\/jlb\/wp-json\/wp\/v2\/types\/page"}],"author":[{"embeddable":true,"href":"https:\/\/jlggb.net\/jlb\/wp-json\/wp\/v2\/users\/2"}],"replies":[{"embeddable":true,"href":"https:\/\/jlggb.net\/jlb\/wp-json\/wp\/v2\/comments?post=2398"}],"version-history":[{"count":5,"href":"https:\/\/jlggb.net\/jlb\/wp-json\/wp\/v2\/pages\/2398\/revisions"}],"predecessor-version":[{"id":2404,"href":"https:\/\/jlggb.net\/jlb\/wp-json\/wp\/v2\/pages\/2398\/revisions\/2404"}],"up":[{"embeddable":true,"href":"https:\/\/jlggb.net\/jlb\/wp-json\/wp\/v2\/pages\/645"}],"wp:attachment":[{"href":"https:\/\/jlggb.net\/jlb\/wp-json\/wp\/v2\/media?parent=2398"}],"curies":[{"name":"wp","href":"https:\/\/api.w.org\/{rel}","templated":true}]}}