{"id":238,"date":"2009-10-03T18:31:34","date_gmt":"2009-10-03T17:31:34","guid":{"rendered":"http:\/\/jlggb.net\/jlb\/?page_id=238"},"modified":"2025-06-11T23:31:26","modified_gmt":"2025-06-11T21:31:26","slug":"1990-artifices-1","status":"publish","type":"page","link":"https:\/\/jlggb.net\/jlb\/commissariat\/1990-artifices-1\/","title":{"rendered":"1990 Artifices 1"},"content":{"rendered":"<p>Commissariat : exposition <em>Artifices, Art \u00e0 l\u2019ordinateur, invention, simulation<\/em>, Salle de la L\u00e9gion d\u2019honneur, Saint-Denis, du 4 au 31 octobre 1990<\/p>\n<p><a href=\"https:\/\/jlggb.net\/jlb\/wp-content\/uploads\/2021\/01\/artifices-1-plan-scaled.jpg\" data-rel=\"lightbox-image-0\" data-imagelightbox=\"0\" data-rl_title=\"\" data-rl_caption=\"\" title=\"\"><img loading=\"lazy\" decoding=\"async\" class=\"alignnone wp-image-2938\" src=\"https:\/\/jlggb.net\/jlb\/wp-content\/uploads\/2021\/01\/artifices-1-plan-scaled.jpg\" alt=\"\" width=\"640\" height=\"905\" srcset=\"https:\/\/jlggb.net\/jlb\/wp-content\/uploads\/2021\/01\/artifices-1-plan-scaled.jpg 1811w, https:\/\/jlggb.net\/jlb\/wp-content\/uploads\/2021\/01\/artifices-1-plan-212x300.jpg 212w, https:\/\/jlggb.net\/jlb\/wp-content\/uploads\/2021\/01\/artifices-1-plan-724x1024.jpg 724w, https:\/\/jlggb.net\/jlb\/wp-content\/uploads\/2021\/01\/artifices-1-plan-768x1086.jpg 768w, https:\/\/jlggb.net\/jlb\/wp-content\/uploads\/2021\/01\/artifices-1-plan-1087x1536.jpg 1087w, https:\/\/jlggb.net\/jlb\/wp-content\/uploads\/2021\/01\/artifices-1-plan-1449x2048.jpg 1449w, https:\/\/jlggb.net\/jlb\/wp-content\/uploads\/2021\/01\/artifices-1-plan-106x150.jpg 106w\" sizes=\"auto, (max-width: 640px) 100vw, 640px\" \/><\/a><\/p>\n<p><a href=\"https:\/\/jlggb.net\/jlb\/wp-content\/uploads\/2009\/10\/artifices-1.jpg\" data-rel=\"lightbox-image-1\" data-imagelightbox=\"1\" data-rl_title=\"\" data-rl_caption=\"\"><img loading=\"lazy\" decoding=\"async\" class=\"alignnone size-full wp-image-239\" title=\"\" src=\"https:\/\/jlggb.net\/jlb\/wp-content\/uploads\/2009\/10\/artifices-1.jpg\" alt=\"artifices-1\" width=\"640\" height=\"427\" srcset=\"https:\/\/jlggb.net\/jlb\/wp-content\/uploads\/2009\/10\/artifices-1.jpg 1024w, https:\/\/jlggb.net\/jlb\/wp-content\/uploads\/2009\/10\/artifices-1-300x200.jpg 300w\" sizes=\"auto, (max-width: 640px) 100vw, 640px\" \/><\/a><br \/>\nArtifices, Saint-Denis, Salle de la L\u00e9gion d&rsquo;Honneur, 1990. [Photo JLB]<\/p>\n<p>&nbsp;<\/p>\n<p>G\u00c9N\u00c9RIQUE DE ARTIFICES 1<\/p>\n<p>R\u00e9alisation de la Ville de Saint-Denis, Direction des Affaires Culturelles,<br \/>\nen coproduction avec l&rsquo;Universit\u00e9 Paris 8, Arts et Technologies de l&rsquo;Image et le Conseil G\u00e9n\u00e9ral de Seine Saint-Denis,<br \/>\navec le soutien, du Minist\u00e8re de la Culture et de la Communication, D\u00e9l\u00e9gation aux Arts Plastiques et du Conseil R\u00e9gional d&rsquo;Ile-de-France,<br \/>\navec le concours, du Centre Culturel Communal de Saint-Denis, de l&rsquo;association Ars Technica et de la Fondation 93.<\/p>\n<p>Ma\u00eetres d&rsquo;oeuvre : Ville de Saint-Denis, Direction des Affaires Culturelles, Anne Perrot, directrice, Universit\u00e9 Paris 8, Arts et Technologies de l&rsquo;Image, Edmond Couchot, directeur.<\/p>\n<p>Commissaires : Jean-Louis Boissier, avec Pierre Courcelles.<\/p>\n<p>Coordination : Anne Perrot, Marjorie Micucci.<\/p>\n<p>Sc\u00e9nographie : Jean-Louis Boissier.<br \/>\nArchitecture : Philippe D\u00e9lis, Jean-Paul Augry.<br \/>\nConstruction : Ateliers Municipaux de Saint-Denis.<br \/>\nR\u00e9gie technique : Jacques-Yves Renaud.<\/p>\n<p>Catalogue : Jean-Louis Boissier, Liliane Terrier.<\/p>\n<p>Communication\/presse : Yvette Sautour.<\/p>\n<p>SITE DE LA BIENNALE ARTIFICES<\/p>\n<p><a href=\"https:\/\/artsplastiques.univ-paris8.fr\/arplafr\/www.ciren.org\/artifice\/artifices_1\/index.html\" target=\"_blank\">https:\/\/artsplastiques.univ-paris8.fr\/arplafr\/www.ciren.org\/artifice\/artifices_1\/index.html<\/a><\/p>\n","protected":false},"excerpt":{"rendered":"<p>Commissariat : exposition Artifices, Art \u00e0 l\u2019ordinateur, invention, simulation, Salle de la L\u00e9gion d\u2019honneur, Saint-Denis, du 4 au 31 octobre 1990 Artifices, Saint-Denis, Salle de la L\u00e9gion d&rsquo;Honneur, 1990. [Photo JLB] &nbsp; G\u00c9N\u00c9RIQUE DE ARTIFICES 1 R\u00e9alisation de la Ville de Saint-Denis, Direction des Affaires Culturelles, en coproduction avec l&rsquo;Universit\u00e9 Paris 8, Arts et Technologies &hellip; <a href=\"https:\/\/jlggb.net\/jlb\/commissariat\/1990-artifices-1\/\" class=\"more-link\">Continuer la lecture de <span class=\"screen-reader-text\">1990 Artifices 1<\/span><\/a><\/p>\n","protected":false},"author":2,"featured_media":0,"parent":593,"menu_order":13,"comment_status":"closed","ping_status":"closed","template":"","meta":{"footnotes":""},"class_list":["post-238","page","type-page","status-publish","hentry"],"_links":{"self":[{"href":"https:\/\/jlggb.net\/jlb\/wp-json\/wp\/v2\/pages\/238","targetHints":{"allow":["GET"]}}],"collection":[{"href":"https:\/\/jlggb.net\/jlb\/wp-json\/wp\/v2\/pages"}],"about":[{"href":"https:\/\/jlggb.net\/jlb\/wp-json\/wp\/v2\/types\/page"}],"author":[{"embeddable":true,"href":"https:\/\/jlggb.net\/jlb\/wp-json\/wp\/v2\/users\/2"}],"replies":[{"embeddable":true,"href":"https:\/\/jlggb.net\/jlb\/wp-json\/wp\/v2\/comments?post=238"}],"version-history":[{"count":13,"href":"https:\/\/jlggb.net\/jlb\/wp-json\/wp\/v2\/pages\/238\/revisions"}],"predecessor-version":[{"id":3589,"href":"https:\/\/jlggb.net\/jlb\/wp-json\/wp\/v2\/pages\/238\/revisions\/3589"}],"up":[{"embeddable":true,"href":"https:\/\/jlggb.net\/jlb\/wp-json\/wp\/v2\/pages\/593"}],"wp:attachment":[{"href":"https:\/\/jlggb.net\/jlb\/wp-json\/wp\/v2\/media?parent=238"}],"curies":[{"name":"wp","href":"https:\/\/api.w.org\/{rel}","templated":true}]}}