{"id":2374,"date":"2018-05-27T23:57:47","date_gmt":"2018-05-27T21:57:47","guid":{"rendered":"http:\/\/jlggb.net\/jlb\/?page_id=2374"},"modified":"2022-05-10T18:25:13","modified_gmt":"2022-05-10T16:25:13","slug":"2018-papyrus-rudiments-ar","status":"publish","type":"page","link":"https:\/\/jlggb.net\/jlb\/travaux\/2018-papyrus-rudiments-ar\/","title":{"rendered":"2018 Papyrus rudiments AR"},"content":{"rendered":"<p><a href=\"https:\/\/jlggb.net\/jlb\/wp-content\/uploads\/2018\/06\/papyrus_rudiments_sat_20180531.jpg\" data-rel=\"lightbox-image-0\" data-imagelightbox=\"0\" data-rl_title=\"\" data-rl_caption=\"\" title=\"\"><img loading=\"lazy\" decoding=\"async\" class=\"alignnone wp-image-2384\" src=\"https:\/\/jlggb.net\/jlb\/wp-content\/uploads\/2018\/06\/papyrus_rudiments_sat_20180531.jpg\" alt=\"\" width=\"640\" height=\"480\" srcset=\"https:\/\/jlggb.net\/jlb\/wp-content\/uploads\/2018\/06\/papyrus_rudiments_sat_20180531.jpg 2400w, https:\/\/jlggb.net\/jlb\/wp-content\/uploads\/2018\/06\/papyrus_rudiments_sat_20180531-300x225.jpg 300w, https:\/\/jlggb.net\/jlb\/wp-content\/uploads\/2018\/06\/papyrus_rudiments_sat_20180531-768x576.jpg 768w, https:\/\/jlggb.net\/jlb\/wp-content\/uploads\/2018\/06\/papyrus_rudiments_sat_20180531-1024x768.jpg 1024w, https:\/\/jlggb.net\/jlb\/wp-content\/uploads\/2018\/06\/papyrus_rudiments_sat_20180531-150x113.jpg 150w\" sizes=\"auto, (max-width: 640px) 100vw, 640px\" \/><\/a><br \/>\nSur une invitation de Luc Courchesne, dans l&rsquo;exposition <em>iX Immersion-Experience<\/em> de la SAT \u2014 Soci\u00e9t\u00e9 des arts technologiques de Montr\u00e9al \u2014 le dispositif <em>Papyrus Rudiments<\/em> est expos\u00e9 du 29 mai au 2 juin.<br \/>\n<span style=\"color: #ffffff;\">\u2014<\/span><br \/>\n<a href=\"https:\/\/jlggb.net\/jlb\/wp-content\/uploads\/2018\/05\/papyrus-abaque-ar-iX-jlggb.jpg\" data-rel=\"lightbox-image-1\" data-imagelightbox=\"1\" data-rl_title=\"\" data-rl_caption=\"\" title=\"\"><img loading=\"lazy\" decoding=\"async\" class=\"alignnone wp-image-2370\" src=\"https:\/\/jlggb.net\/jlb\/wp-content\/uploads\/2018\/05\/papyrus-abaque-ar-iX-jlggb.jpg\" alt=\"\" width=\"427\" height=\"640\" srcset=\"https:\/\/jlggb.net\/jlb\/wp-content\/uploads\/2018\/05\/papyrus-abaque-ar-iX-jlggb.jpg 1600w, https:\/\/jlggb.net\/jlb\/wp-content\/uploads\/2018\/05\/papyrus-abaque-ar-iX-jlggb-200x300.jpg 200w, https:\/\/jlggb.net\/jlb\/wp-content\/uploads\/2018\/05\/papyrus-abaque-ar-iX-jlggb-768x1152.jpg 768w, https:\/\/jlggb.net\/jlb\/wp-content\/uploads\/2018\/05\/papyrus-abaque-ar-iX-jlggb-683x1024.jpg 683w, https:\/\/jlggb.net\/jlb\/wp-content\/uploads\/2018\/05\/papyrus-abaque-ar-iX-jlggb-100x150.jpg 100w\" sizes=\"auto, (max-width: 427px) 100vw, 427px\" \/><\/a><br \/>\n<em>Papyrus Rudiments<\/em> AR 2018. Premi\u00e8re page du clipboard imprim\u00e9 donnant acc\u00e8s aux films de reconnaissance de ces signes dans les papyrus.<\/p>\n<div style=\"padding:56.25% 0 0 0;position:relative;\"><iframe src=\"https:\/\/player.vimeo.com\/video\/272121036?h=1e65d5e006&amp;badge=0&amp;autopause=0&amp;player_id=0&amp;app_id=58479\" frameborder=\"0\" allow=\"autoplay; fullscreen; picture-in-picture\" allowfullscreen style=\"position:absolute;top:0;left:0;width:100%;height:100%;\" title=\"papyrus_pp_T\"><\/iframe><\/div>\n<p><script src=\"https:\/\/player.vimeo.com\/api\/player.js\"><\/script><br \/>\nExemple d&rsquo;une vid\u00e9o vue en r\u00e9alit\u00e9 augment\u00e9e.<\/p>\n<p>Symposium iX (l\u2019eXp\u00e9rience Immersive), \u00ab\u00a0La conqu\u00eate du R\u00e9el\u00a0\u00bb du 29 mai au 2 juin 2018, Soci\u00e9t\u00e9 des arts technologiques, Montr\u00e9al<br \/>\nProgramme : <a href=\"http:\/\/ix.sat.qc.ca\/2018\/programmation-grille?language=fr\" target=\"_blank\" rel=\"noopener\">http:\/\/ix.sat.qc.ca\/2018\/programmation-grille?language=fr<\/a><br \/>\nVersion 2018 avec r\u00e9alit\u00e9 augment\u00e9e de <em>Papyrus Rudiments<br \/>\n<\/em>Conception et r\u00e9alisation : Jean-Louis Boissier<br \/>\nProduction : \u00c9cole nationale sup\u00e9rieure de la photographie, Arles, laboratoire de recherche de Caroline Bernard, avec le concours du Labex Arts-H2H et de l&rsquo;association Transports, Paris<br \/>\nD\u00e9veloppement : Matthieu Cherubini et Takehisa Mashimo.<\/p>\n<p>Argument<br \/>\nLes papyrus comportent des signes qui rel\u00e8vent de leurs apparences mais qui renvoient plus fondamentalement \u00e0 leurs architectures, \u00e0 leurs croissances, \u00e0 leurs comportements, \u00e0 leurs \u00e9changes. Ce sont des signes qui g\u00e9om\u00e9trisent des relations : rencontres, croisements, s\u00e9parations, bifurcations, r\u00e9p\u00e9titions, sym\u00e9tries, etc. Ces pictogrammes d\u2019articulations relationnelles sont per\u00e7us sp\u00e9cifiquement par le cerveau o\u00f9 ils instaurent un syst\u00e8me d\u2019intellection, un langage de signes non verbal, tendant vers une \u00e9criture. Une application de capture photographique donne \u00e0 exercer la reconnaissance de ces syst\u00e8mes et \u00e0 en collecter des \u00e9l\u00e9ments qui peuvent s\u2019inscrire en forme de livres de lecture pour l\u2019apprentissage de ces rudiments. Cette proposition exp\u00e9rimentale et embl\u00e9matique a conduit \u00e0 concevoir une cam\u00e9ra dont le d\u00e9clenchement est subordonn\u00e9 \u00e0 la reconnaissance de signes graphiques et \u00e0 d\u00e9velopper une application compatible avec des smartphones performants mais standards. Ce dispositif et sa probl\u00e9matique sont ainsi propos\u00e9s dans un esprit d\u2019investigation artistique, analytique et critique d\u2019une intelligence artificielle situ\u00e9e \u00e0 la rencontre immersive de l\u2019actuel et du virtuel.<\/p>\n","protected":false},"excerpt":{"rendered":"<p>Sur une invitation de Luc Courchesne, dans l&rsquo;exposition iX Immersion-Experience de la SAT \u2014 Soci\u00e9t\u00e9 des arts technologiques de Montr\u00e9al \u2014 le dispositif Papyrus Rudiments est expos\u00e9 du 29 mai au 2 juin. \u2014 Papyrus Rudiments AR 2018. Premi\u00e8re page du clipboard imprim\u00e9 donnant acc\u00e8s aux films de reconnaissance de ces signes dans les papyrus. &hellip; <a href=\"https:\/\/jlggb.net\/jlb\/travaux\/2018-papyrus-rudiments-ar\/\" class=\"more-link\">Continuer la lecture de <span class=\"screen-reader-text\">2018 Papyrus rudiments AR<\/span><\/a><\/p>\n","protected":false},"author":2,"featured_media":0,"parent":556,"menu_order":0,"comment_status":"closed","ping_status":"closed","template":"","meta":{"footnotes":""},"class_list":["post-2374","page","type-page","status-publish","hentry"],"_links":{"self":[{"href":"https:\/\/jlggb.net\/jlb\/wp-json\/wp\/v2\/pages\/2374","targetHints":{"allow":["GET"]}}],"collection":[{"href":"https:\/\/jlggb.net\/jlb\/wp-json\/wp\/v2\/pages"}],"about":[{"href":"https:\/\/jlggb.net\/jlb\/wp-json\/wp\/v2\/types\/page"}],"author":[{"embeddable":true,"href":"https:\/\/jlggb.net\/jlb\/wp-json\/wp\/v2\/users\/2"}],"replies":[{"embeddable":true,"href":"https:\/\/jlggb.net\/jlb\/wp-json\/wp\/v2\/comments?post=2374"}],"version-history":[{"count":8,"href":"https:\/\/jlggb.net\/jlb\/wp-json\/wp\/v2\/pages\/2374\/revisions"}],"predecessor-version":[{"id":3120,"href":"https:\/\/jlggb.net\/jlb\/wp-json\/wp\/v2\/pages\/2374\/revisions\/3120"}],"up":[{"embeddable":true,"href":"https:\/\/jlggb.net\/jlb\/wp-json\/wp\/v2\/pages\/556"}],"wp:attachment":[{"href":"https:\/\/jlggb.net\/jlb\/wp-json\/wp\/v2\/media?parent=2374"}],"curies":[{"name":"wp","href":"https:\/\/api.w.org\/{rel}","templated":true}]}}