{"id":2273,"date":"2018-02-12T00:13:40","date_gmt":"2018-02-11T23:13:40","guid":{"rendered":"http:\/\/jlggb.net\/jlb\/?page_id=2273"},"modified":"2018-02-12T00:16:12","modified_gmt":"2018-02-11T23:16:12","slug":"2016-linteractif-en-mots","status":"publish","type":"page","link":"https:\/\/jlggb.net\/jlb\/textes\/2016-linteractif-en-mots\/","title":{"rendered":"2016 L\u2019Interactif en mots"},"content":{"rendered":"<p><a href=\"https:\/\/jlggb.net\/jlb\/wp-content\/uploads\/2018\/02\/images-interactives-2016.jpg\" data-rel=\"lightbox-image-0\" data-imagelightbox=\"0\" data-rl_title=\"\" data-rl_caption=\"\" title=\"\"><img loading=\"lazy\" decoding=\"async\" class=\"alignnone wp-image-2276\" src=\"https:\/\/jlggb.net\/jlb\/wp-content\/uploads\/2018\/02\/images-interactives-2016.jpg\" alt=\"\" width=\"300\" height=\"420\" srcset=\"https:\/\/jlggb.net\/jlb\/wp-content\/uploads\/2018\/02\/images-interactives-2016.jpg 571w, https:\/\/jlggb.net\/jlb\/wp-content\/uploads\/2018\/02\/images-interactives-2016-214x300.jpg 214w, https:\/\/jlggb.net\/jlb\/wp-content\/uploads\/2018\/02\/images-interactives-2016-107x150.jpg 107w\" sizes=\"auto, (max-width: 300px) 100vw, 300px\" \/><\/a><\/p>\n<p>Jean-Louis Boissier, \u00ab\u00a0L\u2019Interactif en mots \u00bb, in Jean-Paul Fourmentraux (ed.), <em>Images interactives, art contemporain, recherche et cr\u00e9ation num\u00e9rique<\/em>, La Lettre vol\u00e9e, Bruxelles, 2016, 264 pages.<\/p>\n","protected":false},"excerpt":{"rendered":"<p>Jean-Louis Boissier, \u00ab\u00a0L\u2019Interactif en mots \u00bb, in Jean-Paul Fourmentraux (ed.), Images interactives, art contemporain, recherche et cr\u00e9ation num\u00e9rique, La Lettre vol\u00e9e, Bruxelles, 2016, 264 pages.<\/p>\n","protected":false},"author":2,"featured_media":0,"parent":645,"menu_order":0,"comment_status":"closed","ping_status":"closed","template":"","meta":{"footnotes":""},"class_list":["post-2273","page","type-page","status-publish","hentry"],"_links":{"self":[{"href":"https:\/\/jlggb.net\/jlb\/wp-json\/wp\/v2\/pages\/2273","targetHints":{"allow":["GET"]}}],"collection":[{"href":"https:\/\/jlggb.net\/jlb\/wp-json\/wp\/v2\/pages"}],"about":[{"href":"https:\/\/jlggb.net\/jlb\/wp-json\/wp\/v2\/types\/page"}],"author":[{"embeddable":true,"href":"https:\/\/jlggb.net\/jlb\/wp-json\/wp\/v2\/users\/2"}],"replies":[{"embeddable":true,"href":"https:\/\/jlggb.net\/jlb\/wp-json\/wp\/v2\/comments?post=2273"}],"version-history":[{"count":3,"href":"https:\/\/jlggb.net\/jlb\/wp-json\/wp\/v2\/pages\/2273\/revisions"}],"predecessor-version":[{"id":2277,"href":"https:\/\/jlggb.net\/jlb\/wp-json\/wp\/v2\/pages\/2273\/revisions\/2277"}],"up":[{"embeddable":true,"href":"https:\/\/jlggb.net\/jlb\/wp-json\/wp\/v2\/pages\/645"}],"wp:attachment":[{"href":"https:\/\/jlggb.net\/jlb\/wp-json\/wp\/v2\/media?parent=2273"}],"curies":[{"name":"wp","href":"https:\/\/api.w.org\/{rel}","templated":true}]}}