{"id":2207,"date":"2018-01-03T23:14:33","date_gmt":"2018-01-03T22:14:33","guid":{"rendered":"http:\/\/jlggb.net\/jlb\/?page_id=2207"},"modified":"2023-08-10T17:45:43","modified_gmt":"2023-08-10T15:45:43","slug":"haunted-by-algorithms","status":"publish","type":"page","link":"https:\/\/jlggb.net\/jlb\/expositions-personnelles-et-collectives\/haunted-by-algorithms\/","title":{"rendered":"2017 Haunted by Algorithms"},"content":{"rendered":"<p>Haunted by Algorithms<br \/>\nGalerie Ygrec,\u00a082, Avenue Denfert-Rochereau,\u00a0B\u00e2timent Lelong, Les Grands Voisins,\u00a075014 Paris.\u00a021 janvier 2017 \u2013 5 mars 2017<br \/>\nConception, commissariat, coordination : Jeff Guess et Gwenola Wagon<br \/>\nParticipants : A Constructed World, Jean-Louis Boissier, Astrid de la Chapelle, Antoine Chapon et Nicolas Gourault, St\u00e9phane Degoutin, fleuryfontaine, Nicolas Giret, Jeff Guess, Martin Howse, Lou-Maria Le Brusq, Nicolas Maigret et Maria Roszkowska, Arnaud Mirman, Clara Pacotte, Olivier Perriquet, Julien Pr\u00e9vieux, S\u00e9bastien R\u00e9my, rybn.org, Gauthier Tassart, Gwenola Wagon<br \/>\nVoir :\u00a0<a href=\"https:\/\/www.cnap.fr\/haunted-algorithms\" rel=\"noopener\" target=\"_blank\">https:\/\/www.cnap.fr\/haunted-algorithms<\/a><\/p>\n<p><a href=\"https:\/\/jlggb.net\/jlb\/wp-content\/uploads\/2017\/01\/papyrus-ygrec-jlb-20170120.jpg\" data-rel=\"lightbox-image-0\" data-imagelightbox=\"0\" data-rl_title=\"\" data-rl_caption=\"\" title=\"\"><img loading=\"lazy\" decoding=\"async\" class=\"alignnone wp-image-2078\" src=\"https:\/\/jlggb.net\/jlb\/wp-content\/uploads\/2017\/01\/papyrus-ygrec-jlb-20170120.jpg\" alt=\"\" width=\"640\" height=\"480\" srcset=\"https:\/\/jlggb.net\/jlb\/wp-content\/uploads\/2017\/01\/papyrus-ygrec-jlb-20170120.jpg 2000w, https:\/\/jlggb.net\/jlb\/wp-content\/uploads\/2017\/01\/papyrus-ygrec-jlb-20170120-300x225.jpg 300w, https:\/\/jlggb.net\/jlb\/wp-content\/uploads\/2017\/01\/papyrus-ygrec-jlb-20170120-768x576.jpg 768w, https:\/\/jlggb.net\/jlb\/wp-content\/uploads\/2017\/01\/papyrus-ygrec-jlb-20170120-1024x768.jpg 1024w, https:\/\/jlggb.net\/jlb\/wp-content\/uploads\/2017\/01\/papyrus-ygrec-jlb-20170120-150x113.jpg 150w\" sizes=\"auto, (max-width: 640px) 100vw, 640px\" \/><\/a><br \/>\nJean-Louis Boissier, <em>Papyrus rudiment<\/em>, installation, 2017. Voir : <a href=\"https:\/\/jlggb.net\/jlb\/?page_id=2049\">https:\/\/jlggb.net\/jlb\/?page_id=2049<\/a><\/p>\n","protected":false},"excerpt":{"rendered":"<p>Haunted by Algorithms Galerie Ygrec,\u00a082, Avenue Denfert-Rochereau,\u00a0B\u00e2timent Lelong, Les Grands Voisins,\u00a075014 Paris.\u00a021 janvier 2017 \u2013 5 mars 2017 Conception, commissariat, coordination : Jeff Guess et Gwenola Wagon Participants : A Constructed World, Jean-Louis Boissier, Astrid de la Chapelle, Antoine Chapon et Nicolas Gourault, St\u00e9phane Degoutin, fleuryfontaine, Nicolas Giret, Jeff Guess, Martin Howse, Lou-Maria Le Brusq, &hellip; <a href=\"https:\/\/jlggb.net\/jlb\/expositions-personnelles-et-collectives\/haunted-by-algorithms\/\" class=\"more-link\">Continuer la lecture de <span class=\"screen-reader-text\">2017 Haunted by Algorithms<\/span><\/a><\/p>\n","protected":false},"author":2,"featured_media":0,"parent":650,"menu_order":0,"comment_status":"closed","ping_status":"closed","template":"","meta":{"footnotes":""},"class_list":["post-2207","page","type-page","status-publish","hentry"],"_links":{"self":[{"href":"https:\/\/jlggb.net\/jlb\/wp-json\/wp\/v2\/pages\/2207","targetHints":{"allow":["GET"]}}],"collection":[{"href":"https:\/\/jlggb.net\/jlb\/wp-json\/wp\/v2\/pages"}],"about":[{"href":"https:\/\/jlggb.net\/jlb\/wp-json\/wp\/v2\/types\/page"}],"author":[{"embeddable":true,"href":"https:\/\/jlggb.net\/jlb\/wp-json\/wp\/v2\/users\/2"}],"replies":[{"embeddable":true,"href":"https:\/\/jlggb.net\/jlb\/wp-json\/wp\/v2\/comments?post=2207"}],"version-history":[{"count":14,"href":"https:\/\/jlggb.net\/jlb\/wp-json\/wp\/v2\/pages\/2207\/revisions"}],"predecessor-version":[{"id":3292,"href":"https:\/\/jlggb.net\/jlb\/wp-json\/wp\/v2\/pages\/2207\/revisions\/3292"}],"up":[{"embeddable":true,"href":"https:\/\/jlggb.net\/jlb\/wp-json\/wp\/v2\/pages\/650"}],"wp:attachment":[{"href":"https:\/\/jlggb.net\/jlb\/wp-json\/wp\/v2\/media?parent=2207"}],"curies":[{"name":"wp","href":"https:\/\/api.w.org\/{rel}","templated":true}]}}