{"id":2049,"date":"2017-01-20T21:35:15","date_gmt":"2017-01-20T20:35:15","guid":{"rendered":"http:\/\/jlggb.net\/jlb\/?page_id=2049"},"modified":"2023-08-10T17:46:39","modified_gmt":"2023-08-10T15:46:39","slug":"2017-papyrus-rudiments","status":"publish","type":"page","link":"https:\/\/jlggb.net\/jlb\/travaux\/2017-papyrus-rudiments\/","title":{"rendered":"2017 Papyrus rudiments"},"content":{"rendered":"<p><a href=\"https:\/\/jlggb.net\/jlb\/wp-content\/uploads\/2017\/01\/papyrus-ygrec-jlb-20170120.jpg\" data-rel=\"lightbox-image-0\" data-imagelightbox=\"0\" data-rl_title=\"\" data-rl_caption=\"\" title=\"\"><img loading=\"lazy\" decoding=\"async\" class=\"alignnone size-full wp-image-2058\" src=\"https:\/\/jlggb.net\/jlb\/wp-content\/uploads\/2017\/01\/papyrus-ygrec-jlb-20170120.jpg\" alt=\"\" width=\"640\" height=\"480\" \/><\/a><br \/>\n<em>Papyrus rudiments<\/em><br \/>\nReconnaissance de signes, 2017<br \/>\nPremi\u00e8re pr\u00e9sentation dans l&rsquo;exposition <em>Haunted by Algorythms<\/em>, Jeff Guess et Gwenola Wagon commissaires, galerie Ygrec, Les Grands Voisins, Paris, 21 janvier \u2014 5 mars 2017.<\/p>\n<p>Voir :\u00a0<a href=\"https:\/\/www.cnap.fr\/haunted-algorithms\" rel=\"noopener\" target=\"_blank\">https:\/\/www.cnap.fr\/haunted-algorithms<\/a><\/p>\n<p>Application #Ubiquit\u00e9* de reconnaissance de signes selon un \u00ab\u00a0alphabet\u00a0\u00bb sp\u00e9cifique associ\u00e9e \u00e0 la prise de vues.<br \/>\nEnsemble de papyrus sur une table devant un mur blanc \u00e9clair\u00e9.<br \/>\nClipboard pr\u00e9sentant 12 calques imprim\u00e9s de groupes de signes reconnus dans les papyrus pr\u00e9sents.<\/p>\n<p>Les papyrus comportent des signes qui rel\u00e8vent de leurs apparences mais qui renvoient plus fondamentalement \u00e0 leurs architectures, \u00e0 leurs croissances, \u00e0 leurs comportements, \u00e0 leurs \u00e9changes. Ces signes d<em>\u2019articulations relationnelles<\/em> sont per\u00e7us sp\u00e9cifiquement par le cerveau o\u00f9 ils instaurent des syst\u00e8mes d\u2019intellection distincts des langues, tout en contribuant aux \u00e9critures. L\u2019application #Ubiquit\u00e9 donne \u00e0 exercer la reconnaissance et la collecte de ce code de fa\u00e7on \u00e0 r\u00e9v\u00e9ler les rudiments d&rsquo;un infra langage graphique et \u00e0 les inscrire sous la forme d&rsquo;un volume de notes.<\/p>\n<p>* Application #Ubiquit\u00e9 con\u00e7ue par Matthieu Cherubini pour l\u2019op\u00e9ration \u00ab\u00a0Ubiquit\u00e9 Reconnaissance des formes\u00a0\u00bb, exp\u00e9rimentations, expositions, workshops, Laboratoire Prospectives de l\u2019image, Caroline Bernard, \u00c9cole nationale sup\u00e9rieure de la photographie, Arles.<\/p>\n","protected":false},"excerpt":{"rendered":"<p>Papyrus rudiments Reconnaissance de signes, 2017 Premi\u00e8re pr\u00e9sentation dans l&rsquo;exposition Haunted by Algorythms, Jeff Guess et Gwenola Wagon commissaires, galerie Ygrec, Les Grands Voisins, Paris, 21 janvier \u2014 5 mars 2017. Voir :\u00a0https:\/\/www.cnap.fr\/haunted-algorithms Application #Ubiquit\u00e9* de reconnaissance de signes selon un \u00ab\u00a0alphabet\u00a0\u00bb sp\u00e9cifique associ\u00e9e \u00e0 la prise de vues. Ensemble de papyrus sur une table &hellip; <a href=\"https:\/\/jlggb.net\/jlb\/travaux\/2017-papyrus-rudiments\/\" class=\"more-link\">Continuer la lecture de <span class=\"screen-reader-text\">2017 Papyrus rudiments<\/span><\/a><\/p>\n","protected":false},"author":2,"featured_media":0,"parent":556,"menu_order":0,"comment_status":"closed","ping_status":"closed","template":"","meta":{"footnotes":""},"class_list":["post-2049","page","type-page","status-publish","hentry"],"_links":{"self":[{"href":"https:\/\/jlggb.net\/jlb\/wp-json\/wp\/v2\/pages\/2049","targetHints":{"allow":["GET"]}}],"collection":[{"href":"https:\/\/jlggb.net\/jlb\/wp-json\/wp\/v2\/pages"}],"about":[{"href":"https:\/\/jlggb.net\/jlb\/wp-json\/wp\/v2\/types\/page"}],"author":[{"embeddable":true,"href":"https:\/\/jlggb.net\/jlb\/wp-json\/wp\/v2\/users\/2"}],"replies":[{"embeddable":true,"href":"https:\/\/jlggb.net\/jlb\/wp-json\/wp\/v2\/comments?post=2049"}],"version-history":[{"count":12,"href":"https:\/\/jlggb.net\/jlb\/wp-json\/wp\/v2\/pages\/2049\/revisions"}],"predecessor-version":[{"id":3293,"href":"https:\/\/jlggb.net\/jlb\/wp-json\/wp\/v2\/pages\/2049\/revisions\/3293"}],"up":[{"embeddable":true,"href":"https:\/\/jlggb.net\/jlb\/wp-json\/wp\/v2\/pages\/556"}],"wp:attachment":[{"href":"https:\/\/jlggb.net\/jlb\/wp-json\/wp\/v2\/media?parent=2049"}],"curies":[{"name":"wp","href":"https:\/\/api.w.org\/{rel}","templated":true}]}}