{"id":2,"date":"2009-08-20T17:25:29","date_gmt":"2009-08-20T15:25:29","guid":{"rendered":"http:\/\/jlggb.net\/jlb\/?page_id=2"},"modified":"2025-04-17T00:07:02","modified_gmt":"2025-04-16T22:07:02","slug":"a-propos","status":"publish","type":"page","link":"https:\/\/jlggb.net\/jlb\/livres\/a-propos\/","title":{"rendered":"2004-2009 La Relation comme forme"},"content":{"rendered":"<p><img loading=\"lazy\" decoding=\"async\" class=\"alignnone size-full wp-image-56\" title=\"RcF2_couv_640\" src=\"https:\/\/jlggb.net\/jlb\/wp-content\/uploads\/2009\/08\/RcF2_couv_640.jpg\" alt=\"RcF2_couv_640\" width=\"340\" height=\"480\" srcset=\"https:\/\/jlggb.net\/jlb\/wp-content\/uploads\/2009\/08\/RcF2_couv_640.jpg 640w, https:\/\/jlggb.net\/jlb\/wp-content\/uploads\/2009\/08\/RcF2_couv_640-212x300.jpg 212w\" sizes=\"auto, (max-width: 340px) 100vw, 340px\" \/><\/p><\/blockquote>\n<h4>Jean-Louis Boissier<br \/>\n<em>La Relation comme forme. L\u2019Interactivit\u00e9 en art<\/em><\/h4>\n<p>2009, \u00e9dition fran\u00e7aise, 17 x 24 cm (broch\u00e9), 336 pages (24 ill. n&amp;b), 25 \u20ac<br \/>\nISBN : 978-2-84066-277-8<br \/>\nEAN : 9782840662778<br \/>\nNouvelle \u00e9dition augment\u00e9e du livre paru au Mamco en 2004 (ISBN 978-2-940159-31-4), accompagn\u00e9 du CD-Rom : \u00ab Essais interactifs \u00bb de Jean-Louis Boissier; programmation : Jean-No\u00ebl Lafargue.<br \/>\nMaquette de Ho-Sook Kang.<\/p>\n<p>Sommaire du livre :<br \/>\nIntroduction : La relation comme forme<br \/>\n\u00c0 propos du vid\u00e9odisque <em>Le Bus, ou l&rsquo;Exercice de la d\u00e9couverte<\/em><br \/>\nDramaturgie de l&rsquo;interactivit\u00e9<br \/>\nPour que poussent les images<br \/>\nLe logiciel comme r\u00eaverie<br \/>\n<em>Artifices<\/em><br \/>\nLa collection \u00e0 l&rsquo;\u0153uvre <a href=\"..\/?page_id=486\" target=\"_self\">&gt; voir la notice dans TEXTES<\/a><br \/>\nMachines \u00e0 communiquer faites \u0153uvres<br \/>\nVertus des mondes born\u00e9s<br \/>\nNotes sur l&rsquo;esth\u00e9tique du virtuel<br \/>\nUne esth\u00e9tique de la saisie<br \/>\nProgrammes interactifs<br \/>\nDes arts dans la logique de leur technique<br \/>\nLe CD-ROM de la 3e Biennale d&rsquo;art contemporain de Lyon<br \/>\nL&rsquo;image n&rsquo;est pas seule<br \/>\nLe moment interactif <a href=\"https:\/\/jlggb.net\/jlb\/?page_id=486\" target=\"_self\">&gt; voir la notice dans TEXTES<\/a><br \/>\nL&rsquo;image-relation<br \/>\nLa perspective relationnelle<br \/>\nLes arts interactifs s&rsquo;exposent-ils ?<br \/>\nListe des illustrations<br \/>\n<a href=\"https:\/\/jlggb.net\/jlb\/wp-content\/uploads\/2009\/08\/ei-cdrom.jpg\" data-rel=\"lightbox-image-0\" data-imagelightbox=\"0\" data-rl_title=\"\" data-rl_caption=\"\"><img loading=\"lazy\" decoding=\"async\" class=\"alignnone size-full wp-image-197\" title=\"\" src=\"https:\/\/jlggb.net\/jlb\/wp-content\/uploads\/2009\/08\/ei-cdrom.jpg\" alt=\"ei-cdrom\" width=\"300\" height=\"300\" srcset=\"https:\/\/jlggb.net\/jlb\/wp-content\/uploads\/2009\/08\/ei-cdrom.jpg 468w, https:\/\/jlggb.net\/jlb\/wp-content\/uploads\/2009\/08\/ei-cdrom-150x150.jpg 150w, https:\/\/jlggb.net\/jlb\/wp-content\/uploads\/2009\/08\/ei-cdrom-300x300.jpg 300w\" sizes=\"auto, (max-width: 300px) 100vw, 300px\" \/><\/a><\/p><\/blockquote>\n<p>CD-Rom \u00ab Essais interactifs \u00bb comprenant :<br \/>\n<em>Album sans fin<\/em>, 1989<br \/>\n<em>Globus oculi<\/em>, 1992-1993<br \/>\n<em>Flora petrinsularis<\/em>, 1993-1994<br \/>\n<em>Mutatis mutandis<\/em>, 1995<br \/>\n<em>Bifurcation<\/em>, 1996<br \/>\n<em>Autoportrait<\/em>, 1999<br \/>\n<em>La Morale sensitive<\/em>, 1999-2001<br \/>\n<em>Dozographie<\/em>, 2000<br \/>\n<em>Le Petit Manuel interactif<\/em>, 2001<br \/>\n<em>Acrostiche<\/em>, 2001<br \/>\n<em>Modus operandi<\/em>, 2002-2003<br \/>\n<em>Les Perspecteurs<\/em>, 2004<\/p>\n<p><a href=\"http:\/\/www.lespressesdureel.com\/ouvrage.php?id=1407&amp;menu=\" target=\"_blank\" rel=\"noopener\">Voir le descriptif sur le site des Presses du r\u00e9el<\/a><br \/>\nL\u2019\u00e9dition augment\u00e9e, Presses du R\u00e9el, 2009<\/p>\n<p>Conservant le m\u00eame principe de laisser les textes tels qu\u2019ils ont \u00e9t\u00e9 initialement r\u00e9dig\u00e9s et publi\u00e9s, cette seconde \u00e9dition de <em>La Relation comme forme. L\u2019Interactivit\u00e9 en art<\/em>, reprend la totalit\u00e9 de ceux de l\u2019\u00e9dition de 2004, \u00e0 l\u2019exception de \u00ab\u00a0La perspective interactive\u00a0\u00bb, auquel un nouveau texte, \u00ab\u00a0La perspective relationnelle\u00a0\u00bb, se substitue. Plus compl\u00e8te et d\u00e9velopp\u00e9e autour d\u2019une proposition artistique \u2014 <em>Les Perspecteurs<\/em> \u2014, cette \u00e9tude tend \u00e0 affirmer une fois encore la dimension exp\u00e9rimentale des travaux sp\u00e9cifiquement r\u00e9alis\u00e9s au cours d\u2019une vingtaine d\u2019ann\u00e9es de recherche. Un autre texte vient en suppl\u00e9ment, issu de plusieurs conf\u00e9rences, qui porte finalement sur la question : \u00ab\u00a0Les arts interactifs s\u2019exposent-ils ?\u00a0\u00bb.<\/p>\n<p>Ainsi se conclut un cycle, par deux mouvements, celui qui ouvre vers l\u2019art contemporain tout en gardant au premier plan le processus performatif et relationnel, celui qui rapproche de la complexit\u00e9 du num\u00e9rique pour rep\u00e9rer, dans l\u2019ensemble de ses intrications aux r\u00e9alit\u00e9s contemporaines, ses effets esth\u00e9tiques.<\/p>\n<p>Ce livre a b\u00e9n\u00e9fici\u00e9 d\u2019une triple chance. Celle d\u2019\u00eatre publi\u00e9, celle de l\u2019\u00eatre dans la collection du Mamco, celle d\u2019\u00eatre de la sorte rattach\u00e9 au plus int\u00e9ressant de l\u2019art contemporain. Car il n\u2019\u00e9tait pas dit qu\u2019un ouvrage ax\u00e9 \u00e0 ce point sur les nouvelles technologies dans l\u2019art puisse trouver une place aux \u00e9ditions du Mamco. La conjonction des projets \u00e9ditoriaux en mati\u00e8re de th\u00e9orie de la cr\u00e9ation de l\u2019Universit\u00e9 Paris 8, de la Haute \u00e9cole d\u2019art et de design de Gen\u00e8ve et du Centre pour l\u2019image contemporaine de Gen\u00e8ve, qui avait \u00e9t\u00e9 d\u00e9cisive, se renouvelle fid\u00e8lement. Mes remerciements vont vers ces instances et se m\u00ealent \u00e0 la gratitude exprim\u00e9e \u00e0 Christian Bernard et Fran\u00e7oise Ninghetto comme \u00e0 Ho-Sook Kang, qui s\u2019est g\u00e9n\u00e9reusement mobilis\u00e9e pour faire exister ce livre.<\/p>\n<p>J.-L.B.<\/p>\n","protected":false},"excerpt":{"rendered":"<p>Jean-Louis Boissier La Relation comme forme. L\u2019Interactivit\u00e9 en art 2009, \u00e9dition fran\u00e7aise, 17 x 24 cm (broch\u00e9), 336 pages (24 ill. n&amp;b), 25 \u20ac ISBN : 978-2-84066-277-8 EAN : 9782840662778 Nouvelle \u00e9dition augment\u00e9e du livre paru au Mamco en 2004 (ISBN 978-2-940159-31-4), accompagn\u00e9 du CD-Rom : \u00ab Essais interactifs \u00bb de Jean-Louis Boissier; programmation : &hellip; <a href=\"https:\/\/jlggb.net\/jlb\/livres\/a-propos\/\" class=\"more-link\">Continuer la lecture de <span class=\"screen-reader-text\">2004-2009 La Relation comme forme<\/span><\/a><\/p>\n","protected":false},"author":2,"featured_media":0,"parent":637,"menu_order":6,"comment_status":"closed","ping_status":"closed","template":"","meta":{"footnotes":""},"class_list":["post-2","page","type-page","status-publish","hentry"],"_links":{"self":[{"href":"https:\/\/jlggb.net\/jlb\/wp-json\/wp\/v2\/pages\/2","targetHints":{"allow":["GET"]}}],"collection":[{"href":"https:\/\/jlggb.net\/jlb\/wp-json\/wp\/v2\/pages"}],"about":[{"href":"https:\/\/jlggb.net\/jlb\/wp-json\/wp\/v2\/types\/page"}],"author":[{"embeddable":true,"href":"https:\/\/jlggb.net\/jlb\/wp-json\/wp\/v2\/users\/2"}],"replies":[{"embeddable":true,"href":"https:\/\/jlggb.net\/jlb\/wp-json\/wp\/v2\/comments?post=2"}],"version-history":[{"count":1,"href":"https:\/\/jlggb.net\/jlb\/wp-json\/wp\/v2\/pages\/2\/revisions"}],"predecessor-version":[{"id":3528,"href":"https:\/\/jlggb.net\/jlb\/wp-json\/wp\/v2\/pages\/2\/revisions\/3528"}],"up":[{"embeddable":true,"href":"https:\/\/jlggb.net\/jlb\/wp-json\/wp\/v2\/pages\/637"}],"wp:attachment":[{"href":"https:\/\/jlggb.net\/jlb\/wp-json\/wp\/v2\/media?parent=2"}],"curies":[{"name":"wp","href":"https:\/\/api.w.org\/{rel}","templated":true}]}}