{"id":1977,"date":"2016-12-06T13:01:20","date_gmt":"2016-12-06T12:01:20","guid":{"rendered":"http:\/\/jlggb.net\/jlb\/?page_id=1977"},"modified":"2017-01-20T21:32:55","modified_gmt":"2017-01-20T20:32:55","slug":"2002-digitrt-cite-des-sciences","status":"publish","type":"page","link":"https:\/\/jlggb.net\/jlb\/commissariat\/2002-digitrt-cite-des-sciences\/","title":{"rendered":"2002 Digit@rt Cit\u00e9 des sciences"},"content":{"rendered":"<p>Digit@rt, Villette-Num\u00e9rique, Cit\u00e9 des sciences, 2002.<br \/>\n(\u00c0 compl\u00e9ter)<\/p>\n","protected":false},"excerpt":{"rendered":"<p>Digit@rt, Villette-Num\u00e9rique, Cit\u00e9 des sciences, 2002. (\u00c0 compl\u00e9ter)<\/p>\n","protected":false},"author":2,"featured_media":0,"parent":593,"menu_order":0,"comment_status":"closed","ping_status":"closed","template":"","meta":{"footnotes":""},"class_list":["post-1977","page","type-page","status-publish","hentry"],"_links":{"self":[{"href":"https:\/\/jlggb.net\/jlb\/wp-json\/wp\/v2\/pages\/1977","targetHints":{"allow":["GET"]}}],"collection":[{"href":"https:\/\/jlggb.net\/jlb\/wp-json\/wp\/v2\/pages"}],"about":[{"href":"https:\/\/jlggb.net\/jlb\/wp-json\/wp\/v2\/types\/page"}],"author":[{"embeddable":true,"href":"https:\/\/jlggb.net\/jlb\/wp-json\/wp\/v2\/users\/2"}],"replies":[{"embeddable":true,"href":"https:\/\/jlggb.net\/jlb\/wp-json\/wp\/v2\/comments?post=1977"}],"version-history":[{"count":2,"href":"https:\/\/jlggb.net\/jlb\/wp-json\/wp\/v2\/pages\/1977\/revisions"}],"predecessor-version":[{"id":2044,"href":"https:\/\/jlggb.net\/jlb\/wp-json\/wp\/v2\/pages\/1977\/revisions\/2044"}],"up":[{"embeddable":true,"href":"https:\/\/jlggb.net\/jlb\/wp-json\/wp\/v2\/pages\/593"}],"wp:attachment":[{"href":"https:\/\/jlggb.net\/jlb\/wp-json\/wp\/v2\/media?parent=1977"}],"curies":[{"name":"wp","href":"https:\/\/api.w.org\/{rel}","templated":true}]}}