{"id":1908,"date":"2016-12-06T00:39:05","date_gmt":"2016-12-05T23:39:05","guid":{"rendered":"http:\/\/jlggb.net\/jlb\/?page_id=1908"},"modified":"2018-02-11T23:35:11","modified_gmt":"2018-02-11T22:35:11","slug":"2015-30-years-les-immateriaux","status":"publish","type":"page","link":"https:\/\/jlggb.net\/jlb\/textes\/2015-30-years-les-immateriaux\/","title":{"rendered":"2015 30 Years Les Immat\u00e9riaux"},"content":{"rendered":"<p>Livre en anglais paru en 2015, Andreas Broeckmann et Yuk Hui \u00e9diteurs.<br \/>\nTexte de Jean-Louis Boissier sur l\u2019installation interactive avec vid\u00e9odisque <em>Le Bus<\/em>, 1984-1985.<\/p>\n<p><a href=\"http:\/\/meson.press\/books\/30-years-after-les-immateriaux\/\">http:\/\/meson.press\/books\/30-years-after-les-immateriaux\/<\/a><\/p>\n<p>Version pdf \u00e0 t\u00e9l\u00e9charger :<br \/>\n<a href=\"http:\/\/meson.press\/wp-content\/uploads\/2015\/03\/9783957960313-30-Years-Les-Immateriaux.pdf\">http:\/\/meson.press\/wp-content\/uploads\/2015\/03\/9783957960313-30-Years-Les-Immateriaux.pdf<\/a><\/p>\n<p><img loading=\"lazy\" decoding=\"async\" class=\"alignnone size-full wp-image-1909\" src=\"https:\/\/jlggb.net\/jlb\/wp-content\/uploads\/2016\/12\/30_years.jpg\" alt=\"30_years\" width=\"333\" height=\"499\" srcset=\"https:\/\/jlggb.net\/jlb\/wp-content\/uploads\/2016\/12\/30_years.jpg 333w, https:\/\/jlggb.net\/jlb\/wp-content\/uploads\/2016\/12\/30_years-200x300.jpg 200w, https:\/\/jlggb.net\/jlb\/wp-content\/uploads\/2016\/12\/30_years-100x150.jpg 100w\" sizes=\"auto, (max-width: 333px) 100vw, 333px\" \/><\/p>\n","protected":false},"excerpt":{"rendered":"<p>Livre en anglais paru en 2015, Andreas Broeckmann et Yuk Hui \u00e9diteurs. Texte de Jean-Louis Boissier sur l\u2019installation interactive avec vid\u00e9odisque Le Bus, 1984-1985. http:\/\/meson.press\/books\/30-years-after-les-immateriaux\/ Version pdf \u00e0 t\u00e9l\u00e9charger : http:\/\/meson.press\/wp-content\/uploads\/2015\/03\/9783957960313-30-Years-Les-Immateriaux.pdf<\/p>\n","protected":false},"author":2,"featured_media":0,"parent":645,"menu_order":0,"comment_status":"closed","ping_status":"closed","template":"","meta":{"footnotes":""},"class_list":["post-1908","page","type-page","status-publish","hentry"],"_links":{"self":[{"href":"https:\/\/jlggb.net\/jlb\/wp-json\/wp\/v2\/pages\/1908","targetHints":{"allow":["GET"]}}],"collection":[{"href":"https:\/\/jlggb.net\/jlb\/wp-json\/wp\/v2\/pages"}],"about":[{"href":"https:\/\/jlggb.net\/jlb\/wp-json\/wp\/v2\/types\/page"}],"author":[{"embeddable":true,"href":"https:\/\/jlggb.net\/jlb\/wp-json\/wp\/v2\/users\/2"}],"replies":[{"embeddable":true,"href":"https:\/\/jlggb.net\/jlb\/wp-json\/wp\/v2\/comments?post=1908"}],"version-history":[{"count":2,"href":"https:\/\/jlggb.net\/jlb\/wp-json\/wp\/v2\/pages\/1908\/revisions"}],"predecessor-version":[{"id":2272,"href":"https:\/\/jlggb.net\/jlb\/wp-json\/wp\/v2\/pages\/1908\/revisions\/2272"}],"up":[{"embeddable":true,"href":"https:\/\/jlggb.net\/jlb\/wp-json\/wp\/v2\/pages\/645"}],"wp:attachment":[{"href":"https:\/\/jlggb.net\/jlb\/wp-json\/wp\/v2\/media?parent=1908"}],"curies":[{"name":"wp","href":"https:\/\/api.w.org\/{rel}","templated":true}]}}