{"id":167,"date":"2009-09-09T23:20:28","date_gmt":"2009-09-09T22:20:28","guid":{"rendered":"http:\/\/jlggb.net\/jlb\/?page_id=167"},"modified":"2012-04-09T10:27:07","modified_gmt":"2012-04-09T09:27:07","slug":"2001-le-petit-manuel-interactif","status":"publish","type":"page","link":"https:\/\/jlggb.net\/jlb\/travaux\/2001-le-petit-manuel-interactif\/","title":{"rendered":"2001 Le Petit Manuel interactif"},"content":{"rendered":"<p><em>Le Petit Manuel interactif<\/em>, installation vid\u00e9o-interactive, 2001.<\/p>\n<p><em>Le Petit Manuel interactif<\/em> est une installation interactive vid\u00e9o-num\u00e9rique con\u00e7ue pour l&rsquo;exposition permanente \u00ab Images \u00bb de la Cit\u00e9 des sciences et de l&rsquo;industrie en 2001. Elle s&rsquo;inscrit dans une recherche exp\u00e9rimentale et th\u00e9orique autour des notions de \u00ab cin\u00e9ma interactif \u00bb et d&rsquo;\u00ab image-relation \u00bb. Chacun des douze tableaux qui la composent met en sc\u00e8ne des relations interactives emprunt\u00e9es \u00e0 des situations courantes ayant lieu sur une table et rec\u00e8le un mod\u00e8le logique d&rsquo;interactions soulign\u00e9 par un sch\u00e9ma graphique anim\u00e9. Elle vise \u00e0 mettre en place un syst\u00e8me de notation, et donc d&rsquo;\u00e9criture, propre \u00e0 la vid\u00e9o interactive.<\/p>\n<p>SYNOPSIS<br \/>\n<em>Le Petit Manuel interactif<\/em> est une installation hyperm\u00e9dia p\u00e9dagogique, po\u00e9tique et ludique ayant trait \u00e0 l&rsquo;image vid\u00e9o-interactive.<br \/>\nCe programme est compos\u00e9 d&rsquo;une s\u00e9rie de 12 tableaux vid\u00e9o-interactifs. Ces tableaux sont situ\u00e9s dans quatre lieux mais appartenant \u00e0 la m\u00eame table.<br \/>\nChaque lieu est caract\u00e9ris\u00e9 par un objet commun \u00e0 chaque tableau, par la trace laiss\u00e9e par l&rsquo;un des tableaux, par une ambiance lumineuse et sonore.<br \/>\nLes images sont projet\u00e9es sur une table de 75 x 100 cm divis\u00e9e en trois zones sensibles.<br \/>\nLa manipulation se fait exclusivement par d\u00e9signation \u2014 par la main de l&rsquo;utilisateur \u2014 de l&rsquo;une des trois zones.<br \/>\nLes interactions provoquent des mutations dans l&rsquo;image et notamment la translation horizontale de cette image d&rsquo;un bord \u00e0 l&rsquo;autre de la zone de projection.<br \/>\nCes translations reproduisent des mouvements panoramiques de la cam\u00e9ra lors de la prise de vues.<br \/>\nLes tableaux vid\u00e9o-interactifs sont construits autour d&rsquo;objets et de gestes film\u00e9s en gros plan et qui se situent \u00e0 la surface de la table.<br \/>\nChaque tableau est une s\u00e9quence d&rsquo;apparence continue, mais pr\u00e9sentant un certain nombre de bifurcations et de boucles d&rsquo;images.<br \/>\nIl peut ou bien se perp\u00e9tuer ou bien s&rsquo;interrompre ou s&rsquo;encha\u00eener avec un autre tableau.<\/p>\n<p>FICHE G\u00c9N\u00c9RIQUE<br \/>\n<em>Le Petit Manuel interactif<\/em>, installation vid\u00e9o-interactive pour la Cit\u00e9 des sciences et de l\u2019industrie, 2001<br \/>\nConception et r\u00e9alisation: Jean-Louis Boissier, Hajime Takeuchi, Christine Voto, Gwenola Wagon.<br \/>\nProgrammation informatique: Jean-No\u00ebl Lafargue.<br \/>\nR\u00e9alisation graphique: Jean-Fran\u00e7ois Rey.<br \/>\nD\u00e9veloppement technique: Christian Laroche.<br \/>\nDesign du mobilier: Alain Cieutat\/AHA.<br \/>\nProduction: Cit\u00e9 des sciences et de l\u2019industrie, laboratoire Esth\u00e9tique de l\u2019interactivit\u00e9, Universit\u00e9 Paris8, Association Transports, Centre pour l\u2019image contemporaine, Saint-Gervais Gen\u00e8ve.<\/p>\n<p><a href=\"https:\/\/jlggb.net\/jlb\/wp-content\/uploads\/2009\/09\/pmi-3d.jpg\" data-rel=\"lightbox-image-0\" data-imagelightbox=\"0\" data-rl_title=\"\" data-rl_caption=\"\"><img loading=\"lazy\" decoding=\"async\" class=\"alignnone size-full wp-image-321\" title=\"\" src=\"https:\/\/jlggb.net\/jlb\/wp-content\/uploads\/2009\/09\/pmi-3d.jpg\" alt=\"pmi-3d\" width=\"640\" height=\"480\" srcset=\"https:\/\/jlggb.net\/jlb\/wp-content\/uploads\/2009\/09\/pmi-3d.jpg 1280w, https:\/\/jlggb.net\/jlb\/wp-content\/uploads\/2009\/09\/pmi-3d-300x225.jpg 300w, https:\/\/jlggb.net\/jlb\/wp-content\/uploads\/2009\/09\/pmi-3d-1024x768.jpg 1024w\" sizes=\"auto, (max-width: 640px) 100vw, 640px\" \/><\/a><br \/>\n<em>Le Petit Manuel interactif<\/em>, installation, Cit\u00e9 des sciences et de l\u2019industrie, Paris, 2001. Design du mobilier : Alain Cieutat\/AHA. Maquette en image de synth\u00e8se par Virginie Taravel.<\/p>\n<p><a href=\"https:\/\/jlggb.net\/jlb\/wp-content\/uploads\/2009\/09\/pmi-sel.jpg\" data-rel=\"lightbox-image-1\" data-imagelightbox=\"1\" data-rl_title=\"\" data-rl_caption=\"\"><img loading=\"lazy\" decoding=\"async\" class=\"alignnone size-full wp-image-325\" title=\"\" src=\"https:\/\/jlggb.net\/jlb\/wp-content\/uploads\/2009\/09\/pmi-sel.jpg\" alt=\"pmi-sel\" width=\"640\" height=\"640\" srcset=\"https:\/\/jlggb.net\/jlb\/wp-content\/uploads\/2009\/09\/pmi-sel.jpg 1280w, https:\/\/jlggb.net\/jlb\/wp-content\/uploads\/2009\/09\/pmi-sel-150x150.jpg 150w, https:\/\/jlggb.net\/jlb\/wp-content\/uploads\/2009\/09\/pmi-sel-300x300.jpg 300w, https:\/\/jlggb.net\/jlb\/wp-content\/uploads\/2009\/09\/pmi-sel-1024x1024.jpg 1024w\" sizes=\"auto, (max-width: 640px) 100vw, 640px\" \/><\/a><br \/>\n<em>Le Petit Manuel interactif<\/em>, copies d&rsquo;\u00e9crans, exemple de l&rsquo;un des 12 tableaux, \u00ab Tu me passes le sel ? \u00bb.<\/p>\n<blockquote><p>ARGUMENT<\/p>\n<p>D\u00e9crivons plus pr\u00e9cis\u00e9ment <em>Le Petit Manuel interactif<\/em>. Il est compos\u00e9 de douze tableaux vid\u00e9o-interactifs, construits autour d\u2019objets et de gestes film\u00e9s en gros plan, situ\u00e9s sur une table, la table m\u00eame de l\u2019installation o\u00f9 seront projet\u00e9es les images. Les interactions provoquent des mutations dans l\u2019image et notamment la translation horizontale de cette image d\u2019un bord \u00e0 l\u2019autre de la zone de projection.<\/p>\n<p>Ces translations reproduisent des mouvements panoramiques de la cam\u00e9ra. Chaque tableau est une s\u00e9quence d\u2019apparence continue mais pr\u00e9sentant un certain nombre de bifurcations et de boucles d\u2019images, r\u00e9f\u00e9renc\u00e9es aux relations gestuelles de situations courantes. Chacun donne lieu \u00e0 un sch\u00e9ma graphique fonctionnant parall\u00e8lement \u00e0 l\u2019image. Un curseur de couleur indique \u00e0 chaque instant la position de l\u2019image dans le diagramme qui figure le trajet de la s\u00e9quence. La couleur du curseur indique quatre situations possibles de la relation aux images : rouge pour une animation irr\u00e9versible activ\u00e9e par le programme; jaune pour une animation r\u00e9versible sous l\u2019action du lecteur; vert pour une animation en attente d\u2019un \u00e9v\u00e9nement du programme; bleu pour une animation en attente d\u2019une action du lecteur. Dans <em>Le Petit Manuel interactif<\/em>, les sch\u00e9mas anim\u00e9s r\u00e9v\u00e8lent donc la structure du montage, c\u2019est-\u00e0-dire le mod\u00e8le relationnel sous-jacent.<\/p>\n<p>S\u00e9quences vid\u00e9o-interactives et sch\u00e9mas sont mis constamment en regard. L\u2019attention des lecteurs est ainsi sollicit\u00e9e sur le mode \u00e0 la fois de l\u2019observation attentive de l\u2019image elle-m\u00eame \u2013les mati\u00e8res, les textures, les objets, les gestes\u2013 et de la logique interne des \u00e9v\u00e9nements et des actions. On cherche en particulier \u00e0 donner \u00e0 comprendre que ces figures logiques rel\u00e8vent de la repr\u00e9sentation et non pas directement des r\u00e9alit\u00e9s repr\u00e9sent\u00e9es elles-m\u00eames. Le jeu \u2013 puisqu\u2019il s\u2019agit bien ici d\u2019un exercice ludique, d\u2019une modalit\u00e9 ludique \u2013 peut pr\u00e9cis\u00e9ment s\u2019assimiler \u00e0 l\u2019exp\u00e9rience de l\u2019\u00e9cart entre la repr\u00e9sentation et le r\u00e9el de r\u00e9f\u00e9rence point\u00e9 par cette repr\u00e9sentation, en particulier dans le registre des relations et interactions. Ainsi, par exemple, sont rendus r\u00e9versibles des gestes et des \u00e9v\u00e9nements qui ne le sont pas dans la r\u00e9alit\u00e9, alors que, au contraire, certaines actions irr\u00e9versibles sont respect\u00e9es : on boit la limonade, on paie sa consommation, la chose n\u2019est pas r\u00e9versible dans la vie, on ne reviendra pas en arri\u00e8re et ce blocage contraste avec la fluidit\u00e9 qui l\u2019entoure. Un tel jeu sur la r\u00e9versibilit\u00e9 tend \u00e0 mettre en \u00e9vidence l\u2019artificialit\u00e9 de la repr\u00e9sentation et, simultan\u00e9ment, le d\u00e9couplage du temps r\u00e9f\u00e9rentiel et du temps de la consultation. Si le temps de la consultation, le temps du lecteur, est soumis \u00e0 la fl\u00e8che du temps, le temps figur\u00e9 peut s\u2019en \u00e9manciper.<\/p>\n<p>Extrait de : Jean-Louis Boissier, \u00ab L&rsquo;image-relation \u00bb in <em>La Relation comme forme<\/em>, Presses du r\u00e9el-Mamco, 2008, pp. 290-291.<\/p><\/blockquote>\n","protected":false},"excerpt":{"rendered":"<p>Le Petit Manuel interactif, installation vid\u00e9o-interactive, 2001. Le Petit Manuel interactif est une installation interactive vid\u00e9o-num\u00e9rique con\u00e7ue pour l&rsquo;exposition permanente \u00ab Images \u00bb de la Cit\u00e9 des sciences et de l&rsquo;industrie en 2001. Elle s&rsquo;inscrit dans une recherche exp\u00e9rimentale et th\u00e9orique autour des notions de \u00ab cin\u00e9ma interactif \u00bb et d&rsquo;\u00ab image-relation \u00bb. Chacun des &hellip; <a href=\"https:\/\/jlggb.net\/jlb\/travaux\/2001-le-petit-manuel-interactif\/\" class=\"more-link\">Continuer la lecture de <span class=\"screen-reader-text\">2001 Le Petit Manuel interactif<\/span><\/a><\/p>\n","protected":false},"author":2,"featured_media":0,"parent":556,"menu_order":22,"comment_status":"closed","ping_status":"closed","template":"","meta":{"footnotes":""},"class_list":["post-167","page","type-page","status-publish","hentry"],"_links":{"self":[{"href":"https:\/\/jlggb.net\/jlb\/wp-json\/wp\/v2\/pages\/167","targetHints":{"allow":["GET"]}}],"collection":[{"href":"https:\/\/jlggb.net\/jlb\/wp-json\/wp\/v2\/pages"}],"about":[{"href":"https:\/\/jlggb.net\/jlb\/wp-json\/wp\/v2\/types\/page"}],"author":[{"embeddable":true,"href":"https:\/\/jlggb.net\/jlb\/wp-json\/wp\/v2\/users\/2"}],"replies":[{"embeddable":true,"href":"https:\/\/jlggb.net\/jlb\/wp-json\/wp\/v2\/comments?post=167"}],"version-history":[{"count":0,"href":"https:\/\/jlggb.net\/jlb\/wp-json\/wp\/v2\/pages\/167\/revisions"}],"up":[{"embeddable":true,"href":"https:\/\/jlggb.net\/jlb\/wp-json\/wp\/v2\/pages\/556"}],"wp:attachment":[{"href":"https:\/\/jlggb.net\/jlb\/wp-json\/wp\/v2\/media?parent=167"}],"curies":[{"name":"wp","href":"https:\/\/api.w.org\/{rel}","templated":true}]}}