{"id":165,"date":"2009-09-09T23:16:47","date_gmt":"2009-09-09T22:16:47","guid":{"rendered":"http:\/\/jlggb.net\/jlb\/?page_id=165"},"modified":"2025-07-23T22:55:33","modified_gmt":"2025-07-23T20:55:33","slug":"1995-mutatis-mutandis","status":"publish","type":"page","link":"https:\/\/jlggb.net\/jlb\/travaux\/1995-mutatis-mutandis\/","title":{"rendered":"1995 Mutatis mutandis"},"content":{"rendered":"<p><a href=\"https:\/\/jlggb.net\/jlb\/wp-content\/uploads\/2009\/09\/Mutatis-Mutandis-3.jpg\" data-rel=\"lightbox-image-0\" data-imagelightbox=\"0\" data-rl_title=\"\" data-rl_caption=\"\"><img loading=\"lazy\" decoding=\"async\" class=\"alignnone size-full wp-image-405\" title=\"\" src=\"https:\/\/jlggb.net\/jlb\/wp-content\/uploads\/2009\/09\/Mutatis-Mutandis-3.jpg\" alt=\"Mutatis Mutandis 3\" width=\"400\" height=\"300\" srcset=\"https:\/\/jlggb.net\/jlb\/wp-content\/uploads\/2009\/09\/Mutatis-Mutandis-3.jpg 640w, https:\/\/jlggb.net\/jlb\/wp-content\/uploads\/2009\/09\/Mutatis-Mutandis-3-300x225.jpg 300w\" sizes=\"auto, (max-width: 400px) 100vw, 400px\" \/><\/a><br \/>\n<a href=\"https:\/\/jlggb.net\/jlb\/wp-content\/uploads\/2009\/09\/Mutatis-Mutandis-1.jpg\" data-rel=\"lightbox-image-1\" data-imagelightbox=\"1\" data-rl_title=\"\" data-rl_caption=\"\"><img loading=\"lazy\" decoding=\"async\" class=\"alignnone size-full wp-image-403\" title=\"\" src=\"https:\/\/jlggb.net\/jlb\/wp-content\/uploads\/2009\/09\/Mutatis-Mutandis-1.jpg\" alt=\"Mutatis Mutandis 1\" width=\"400\" height=\"300\" srcset=\"https:\/\/jlggb.net\/jlb\/wp-content\/uploads\/2009\/09\/Mutatis-Mutandis-1.jpg 640w, https:\/\/jlggb.net\/jlb\/wp-content\/uploads\/2009\/09\/Mutatis-Mutandis-1-300x225.jpg 300w\" sizes=\"auto, (max-width: 400px) 100vw, 400px\" \/><\/a><br \/>\nJean-Louis Boissier, <em>Mutatis mutandis, <\/em>installation vid\u00e9o-interactive, 1995, <em>copies d&rsquo;\u00e9cran de 2 des 21 tableaux.<\/em><\/p>\n<p>FICHE G\u00c9N\u00c9RIQUE<\/p>\n<p><em>Mutatis mutandis<\/em>, installation vid\u00e9o-interactive, 1995.<br \/>\n<a href=\"https:\/\/jlggb.net\/jlb\/?page_id=970\">Version pour IAMAS, Gifu, Japon, 1995.<\/a><br \/>\nConception, r\u00e9alisation, programmation : Jean-Louis Boissier.<br \/>\nProduction : IAMAS, Gifu, Japon.<\/p>\n","protected":false},"excerpt":{"rendered":"<p>Jean-Louis Boissier, Mutatis mutandis, installation vid\u00e9o-interactive, 1995, copies d&rsquo;\u00e9cran de 2 des 21 tableaux. FICHE G\u00c9N\u00c9RIQUE Mutatis mutandis, installation vid\u00e9o-interactive, 1995. Version pour IAMAS, Gifu, Japon, 1995. Conception, r\u00e9alisation, programmation : Jean-Louis Boissier. Production : IAMAS, Gifu, Japon.<\/p>\n","protected":false},"author":2,"featured_media":0,"parent":556,"menu_order":17,"comment_status":"closed","ping_status":"closed","template":"","meta":{"footnotes":""},"class_list":["post-165","page","type-page","status-publish","hentry"],"_links":{"self":[{"href":"https:\/\/jlggb.net\/jlb\/wp-json\/wp\/v2\/pages\/165","targetHints":{"allow":["GET"]}}],"collection":[{"href":"https:\/\/jlggb.net\/jlb\/wp-json\/wp\/v2\/pages"}],"about":[{"href":"https:\/\/jlggb.net\/jlb\/wp-json\/wp\/v2\/types\/page"}],"author":[{"embeddable":true,"href":"https:\/\/jlggb.net\/jlb\/wp-json\/wp\/v2\/users\/2"}],"replies":[{"embeddable":true,"href":"https:\/\/jlggb.net\/jlb\/wp-json\/wp\/v2\/comments?post=165"}],"version-history":[{"count":4,"href":"https:\/\/jlggb.net\/jlb\/wp-json\/wp\/v2\/pages\/165\/revisions"}],"predecessor-version":[{"id":3697,"href":"https:\/\/jlggb.net\/jlb\/wp-json\/wp\/v2\/pages\/165\/revisions\/3697"}],"up":[{"embeddable":true,"href":"https:\/\/jlggb.net\/jlb\/wp-json\/wp\/v2\/pages\/556"}],"wp:attachment":[{"href":"https:\/\/jlggb.net\/jlb\/wp-json\/wp\/v2\/media?parent=165"}],"curies":[{"name":"wp","href":"https:\/\/api.w.org\/{rel}","templated":true}]}}