{"id":1635,"date":"2016-10-25T14:04:01","date_gmt":"2016-10-25T12:04:01","guid":{"rendered":"http:\/\/jlggb.net\/jlb\/?page_id=1635"},"modified":"2023-03-31T13:52:51","modified_gmt":"2023-03-31T11:52:51","slug":"2016-galerie-ddd-kyoto","status":"publish","type":"page","link":"https:\/\/jlggb.net\/jlb\/expositions-personnelles-et-collectives\/2016-galerie-ddd-kyoto\/","title":{"rendered":"2016 Galerie DDD Kyoto"},"content":{"rendered":"<h3>Materiality-Immateriality<\/h3>\n<p>&nbsp;<\/p>\n<p><a href=\"https:\/\/jlggb.net\/jlb\/wp-content\/uploads\/2009\/10\/ddd-kyoto-sept-2016.jpg\" data-rel=\"lightbox-image-0\" data-imagelightbox=\"0\" data-rl_title=\"\" data-rl_caption=\"\" title=\"\"><img loading=\"lazy\" decoding=\"async\" class=\"alignnone wp-image-1586\" src=\"https:\/\/jlggb.net\/jlb\/wp-content\/uploads\/2009\/10\/ddd-kyoto-sept-2016.jpg\" alt=\"ddd-kyoto-sept-2016\" width=\"640\" height=\"905\" srcset=\"https:\/\/jlggb.net\/jlb\/wp-content\/uploads\/2009\/10\/ddd-kyoto-sept-2016.jpg 914w, https:\/\/jlggb.net\/jlb\/wp-content\/uploads\/2009\/10\/ddd-kyoto-sept-2016-212x300.jpg 212w, https:\/\/jlggb.net\/jlb\/wp-content\/uploads\/2009\/10\/ddd-kyoto-sept-2016-768x1086.jpg 768w, https:\/\/jlggb.net\/jlb\/wp-content\/uploads\/2009\/10\/ddd-kyoto-sept-2016-724x1024.jpg 724w, https:\/\/jlggb.net\/jlb\/wp-content\/uploads\/2009\/10\/ddd-kyoto-sept-2016-106x150.jpg 106w\" sizes=\"auto, (max-width: 640px) 100vw, 640px\" \/><br \/>\n<\/a>Exposition <em>Materiality-Immateriality<\/em> (curatrice : Murielle Hladik), galerie ddd, Kyoto, 8 septembre &#8211; 29 octobre 2016.<br \/>\nInstallation <em>Bambou ubiquiste<\/em>, Kyoto, mai 2016, prise de vues avec l&rsquo;application de reconnaissance #Ubiquit\u00e9, exposition en r\u00e9alit\u00e9 augment\u00e9e.<\/p>\n<p><a href=\"https:\/\/www.dnpfcp.jp\/gallery\/ddd\/eng\/00000687\">https:\/\/www.dnpfcp.jp\/gallery\/ddd\/eng\/00000687<\/a><\/p>\n","protected":false},"excerpt":{"rendered":"<p>Materiality-Immateriality &nbsp; Exposition Materiality-Immateriality (curatrice : Murielle Hladik), galerie ddd, Kyoto, 8 septembre &#8211; 29 octobre 2016. Installation Bambou ubiquiste, Kyoto, mai 2016, prise de vues avec l&rsquo;application de reconnaissance #Ubiquit\u00e9, exposition en r\u00e9alit\u00e9 augment\u00e9e. https:\/\/www.dnpfcp.jp\/gallery\/ddd\/eng\/00000687<\/p>\n","protected":false},"author":2,"featured_media":0,"parent":650,"menu_order":0,"comment_status":"closed","ping_status":"closed","template":"","meta":{"footnotes":""},"class_list":["post-1635","page","type-page","status-publish","hentry"],"_links":{"self":[{"href":"https:\/\/jlggb.net\/jlb\/wp-json\/wp\/v2\/pages\/1635","targetHints":{"allow":["GET"]}}],"collection":[{"href":"https:\/\/jlggb.net\/jlb\/wp-json\/wp\/v2\/pages"}],"about":[{"href":"https:\/\/jlggb.net\/jlb\/wp-json\/wp\/v2\/types\/page"}],"author":[{"embeddable":true,"href":"https:\/\/jlggb.net\/jlb\/wp-json\/wp\/v2\/users\/2"}],"replies":[{"embeddable":true,"href":"https:\/\/jlggb.net\/jlb\/wp-json\/wp\/v2\/comments?post=1635"}],"version-history":[{"count":5,"href":"https:\/\/jlggb.net\/jlb\/wp-json\/wp\/v2\/pages\/1635\/revisions"}],"predecessor-version":[{"id":3236,"href":"https:\/\/jlggb.net\/jlb\/wp-json\/wp\/v2\/pages\/1635\/revisions\/3236"}],"up":[{"embeddable":true,"href":"https:\/\/jlggb.net\/jlb\/wp-json\/wp\/v2\/pages\/650"}],"wp:attachment":[{"href":"https:\/\/jlggb.net\/jlb\/wp-json\/wp\/v2\/media?parent=1635"}],"curies":[{"name":"wp","href":"https:\/\/api.w.org\/{rel}","templated":true}]}}