{"id":1633,"date":"2016-10-25T14:02:07","date_gmt":"2016-10-25T12:02:07","guid":{"rendered":"http:\/\/jlggb.net\/jlb\/?page_id=1633"},"modified":"2016-12-06T01:44:41","modified_gmt":"2016-12-06T00:44:41","slug":"2016-espace-pour-lart-arles","status":"publish","type":"page","link":"https:\/\/jlggb.net\/jlb\/expositions-personnelles-et-collectives\/2016-espace-pour-lart-arles\/","title":{"rendered":"2016 Espace pour l&rsquo;art Arles"},"content":{"rendered":"<p><a href=\"https:\/\/jlggb.net\/jlb\/wp-content\/uploads\/2014\/05\/crassula-ubiquiste-epa-32-2016.jpg\" data-rel=\"lightbox-image-0\" data-imagelightbox=\"0\" data-rl_title=\"\" data-rl_caption=\"\" title=\"\"><img loading=\"lazy\" decoding=\"async\" class=\"alignnone wp-image-1602\" src=\"https:\/\/jlggb.net\/jlb\/wp-content\/uploads\/2014\/05\/crassula-ubiquiste-epa-32-2016.jpg\" width=\"640\" height=\"480\" srcset=\"https:\/\/jlggb.net\/jlb\/wp-content\/uploads\/2014\/05\/crassula-ubiquiste-epa-32-2016.jpg 2000w, https:\/\/jlggb.net\/jlb\/wp-content\/uploads\/2014\/05\/crassula-ubiquiste-epa-32-2016-300x225.jpg 300w, https:\/\/jlggb.net\/jlb\/wp-content\/uploads\/2014\/05\/crassula-ubiquiste-epa-32-2016-768x576.jpg 768w, https:\/\/jlggb.net\/jlb\/wp-content\/uploads\/2014\/05\/crassula-ubiquiste-epa-32-2016-1024x768.jpg 1024w, https:\/\/jlggb.net\/jlb\/wp-content\/uploads\/2014\/05\/crassula-ubiquiste-epa-32-2016-150x113.jpg 150w\" sizes=\"auto, (max-width: 640px) 100vw, 640px\" \/><\/a><br \/>\n<a href=\"https:\/\/jlggb.net\/jlb\/wp-content\/uploads\/2014\/05\/crassula-ubiquiste-epa-captures-2016.jpg\" data-rel=\"lightbox-image-1\" data-imagelightbox=\"1\" data-rl_title=\"\" data-rl_caption=\"\" title=\"\"><img loading=\"lazy\" decoding=\"async\" class=\"alignnone wp-image-1603\" src=\"https:\/\/jlggb.net\/jlb\/wp-content\/uploads\/2014\/05\/crassula-ubiquiste-epa-captures-2016.jpg\" width=\"640\" height=\"480\" srcset=\"https:\/\/jlggb.net\/jlb\/wp-content\/uploads\/2014\/05\/crassula-ubiquiste-epa-captures-2016.jpg 2000w, https:\/\/jlggb.net\/jlb\/wp-content\/uploads\/2014\/05\/crassula-ubiquiste-epa-captures-2016-300x225.jpg 300w, https:\/\/jlggb.net\/jlb\/wp-content\/uploads\/2014\/05\/crassula-ubiquiste-epa-captures-2016-768x576.jpg 768w, https:\/\/jlggb.net\/jlb\/wp-content\/uploads\/2014\/05\/crassula-ubiquiste-epa-captures-2016-1024x768.jpg 1024w, https:\/\/jlggb.net\/jlb\/wp-content\/uploads\/2014\/05\/crassula-ubiquiste-epa-captures-2016-150x113.jpg 150w\" sizes=\"auto, (max-width: 640px) 100vw, 640px\" \/><br \/>\n<\/a>12 octobre &#8211; 10 novembre 2016, Espace pour l&rsquo;art (Laetitia Talbot), Arles.<br \/>\n<em>Crassula ubiquiste 2016<\/em>. Exposition personnelle<br \/>\nUne liste des 32 origines, deux tables de 16 plantes, 2 (96 &#8211; 96 &#8211; 96 cm), deux lampes fluorescentes 7000 K, une webcam, un haut-parleur. Diffusion de quatre textes, 12 mn (Sophie Daste, Miki Okubo, Tugce Oklay, Anne Zeitz).<br \/>\nAvec le concours de l&rsquo;\u00c9cole nationale sup\u00e9rieure de la photographie, de la Ville d&rsquo;Arles et d&rsquo;Octobre num\u00e9rique 2016.<br \/>\nAvec la contribution de l&rsquo;association Transports.<\/p>\n","protected":false},"excerpt":{"rendered":"<p>12 octobre &#8211; 10 novembre 2016, Espace pour l&rsquo;art (Laetitia Talbot), Arles. Crassula ubiquiste 2016. Exposition personnelle Une liste des 32 origines, deux tables de 16 plantes, 2 (96 &#8211; 96 &#8211; 96 cm), deux lampes fluorescentes 7000 K, une webcam, un haut-parleur. Diffusion de quatre textes, 12 mn (Sophie Daste, Miki Okubo, Tugce Oklay, &hellip; <a href=\"https:\/\/jlggb.net\/jlb\/expositions-personnelles-et-collectives\/2016-espace-pour-lart-arles\/\" class=\"more-link\">Continuer la lecture de <span class=\"screen-reader-text\">2016 Espace pour l&rsquo;art Arles<\/span><\/a><\/p>\n","protected":false},"author":2,"featured_media":0,"parent":650,"menu_order":201602,"comment_status":"closed","ping_status":"closed","template":"","meta":{"footnotes":""},"class_list":["post-1633","page","type-page","status-publish","hentry"],"_links":{"self":[{"href":"https:\/\/jlggb.net\/jlb\/wp-json\/wp\/v2\/pages\/1633","targetHints":{"allow":["GET"]}}],"collection":[{"href":"https:\/\/jlggb.net\/jlb\/wp-json\/wp\/v2\/pages"}],"about":[{"href":"https:\/\/jlggb.net\/jlb\/wp-json\/wp\/v2\/types\/page"}],"author":[{"embeddable":true,"href":"https:\/\/jlggb.net\/jlb\/wp-json\/wp\/v2\/users\/2"}],"replies":[{"embeddable":true,"href":"https:\/\/jlggb.net\/jlb\/wp-json\/wp\/v2\/comments?post=1633"}],"version-history":[{"count":5,"href":"https:\/\/jlggb.net\/jlb\/wp-json\/wp\/v2\/pages\/1633\/revisions"}],"predecessor-version":[{"id":1751,"href":"https:\/\/jlggb.net\/jlb\/wp-json\/wp\/v2\/pages\/1633\/revisions\/1751"}],"up":[{"embeddable":true,"href":"https:\/\/jlggb.net\/jlb\/wp-json\/wp\/v2\/pages\/650"}],"wp:attachment":[{"href":"https:\/\/jlggb.net\/jlb\/wp-json\/wp\/v2\/media?parent=1633"}],"curies":[{"name":"wp","href":"https:\/\/api.w.org\/{rel}","templated":true}]}}