{"id":1563,"date":"2016-07-18T00:21:59","date_gmt":"2016-07-17T22:21:59","guid":{"rendered":"http:\/\/jlggb.net\/jlb\/?page_id=1563"},"modified":"2022-01-24T22:34:10","modified_gmt":"2022-01-24T21:34:10","slug":"2015-musee-des-arts-et-metiers","status":"publish","type":"page","link":"https:\/\/jlggb.net\/jlb\/expositions-personnelles-et-collectives\/2015-musee-des-arts-et-metiers\/","title":{"rendered":"2015 Mus\u00e9e des arts et m\u00e9tiers"},"content":{"rendered":"<p>2015 Mus\u00e9e des arts et m\u00e9tiers, Paris<br \/>\nExposition <em>Des histoires d\u2019art et d\u2019interactivit\u00e9<\/em><\/p>\n<p>Deux pi\u00e8ces :<em><br \/>\n<\/em>Version originale d&rsquo;<em>Album sans fin<\/em>, programme vid\u00e9o interactif sur Macintosh SE, 1989.<br \/>\nVersion originale de <em>M\u00e9moire de crayons<\/em>, 1024 crayons, base de donn\u00e9es, 1995-2001.<\/p>\n<p><a href=\"https:\/\/jlggb.net\/jlb\/wp-content\/uploads\/2009\/10\/album-sans-fin-1989-2015.jpg\" data-rel=\"lightbox-image-0\" data-imagelightbox=\"0\" data-rl_title=\"\" data-rl_caption=\"\" title=\"\"><img loading=\"lazy\" decoding=\"async\" class=\"wp-image-1399\" src=\"https:\/\/jlggb.net\/jlb\/wp-content\/uploads\/2009\/10\/album-sans-fin-1989-2015.jpg\" alt=\"OLYMPUS DIGITAL CAMERA\" width=\"640\" height=\"480\" srcset=\"https:\/\/jlggb.net\/jlb\/wp-content\/uploads\/2009\/10\/album-sans-fin-1989-2015.jpg 2000w, https:\/\/jlggb.net\/jlb\/wp-content\/uploads\/2009\/10\/album-sans-fin-1989-2015-300x225.jpg 300w, https:\/\/jlggb.net\/jlb\/wp-content\/uploads\/2009\/10\/album-sans-fin-1989-2015-1024x768.jpg 1024w, https:\/\/jlggb.net\/jlb\/wp-content\/uploads\/2009\/10\/album-sans-fin-1989-2015-150x113.jpg 150w\" sizes=\"auto, (max-width: 640px) 100vw, 640px\" \/><\/a><br \/>\nEn juin 2015, pour l&rsquo;exposition <em>Des histoires d\u2019art et d\u2019interactivit\u00e9<\/em> au Mus\u00e9e des arts et m\u00e9tiers, une version exactement conforme \u00e0 celle de 1988-1989 est reconstitu\u00e9e : programme HyperCard, Macintosh SE, trackball Kensington TurboMouse. Dans ce tableau, L\u2019\u0153il suit le curseur en forme de main, ou encore tourne comme la bille sous nos doigts; il sera \u00e0 l&rsquo;origine de <em>Globus oculi<\/em>.<\/p>\n<p><a href=\"https:\/\/jlggb.net\/jlb\/wp-content\/uploads\/2009\/10\/mdc-1995-2001-cnam-2015.jpg\" data-rel=\"lightbox-image-1\" data-imagelightbox=\"1\" data-rl_title=\"\" data-rl_caption=\"\" title=\"\"><img loading=\"lazy\" decoding=\"async\" class=\"size-full wp-image-1397\" src=\"https:\/\/jlggb.net\/jlb\/wp-content\/uploads\/2009\/10\/mdc-1995-2001-cnam-2015.jpg\" alt=\"OLYMPUS DIGITAL CAMERA\" width=\"640\" height=\"480\" srcset=\"https:\/\/jlggb.net\/jlb\/wp-content\/uploads\/2009\/10\/mdc-1995-2001-cnam-2015.jpg 2000w, https:\/\/jlggb.net\/jlb\/wp-content\/uploads\/2009\/10\/mdc-1995-2001-cnam-2015-300x225.jpg 300w, https:\/\/jlggb.net\/jlb\/wp-content\/uploads\/2009\/10\/mdc-1995-2001-cnam-2015-1024x768.jpg 1024w, https:\/\/jlggb.net\/jlb\/wp-content\/uploads\/2009\/10\/mdc-1995-2001-cnam-2015-150x113.jpg 150w\" sizes=\"auto, (max-width: 640px) 100vw, 640px\" \/><\/a><br \/>\nEn juin 2015, pour l&rsquo;exposition <em>Des histoires d\u2019art et d\u2019interactivit\u00e9<\/em> au Mus\u00e9e des arts et m\u00e9tiers, une version conforme \u00e0 celle de 2001 est reconstitu\u00e9e.<\/p>\n","protected":false},"excerpt":{"rendered":"<p>2015 Mus\u00e9e des arts et m\u00e9tiers, Paris Exposition Des histoires d\u2019art et d\u2019interactivit\u00e9 Deux pi\u00e8ces : Version originale d&rsquo;Album sans fin, programme vid\u00e9o interactif sur Macintosh SE, 1989. Version originale de M\u00e9moire de crayons, 1024 crayons, base de donn\u00e9es, 1995-2001. En juin 2015, pour l&rsquo;exposition Des histoires d\u2019art et d\u2019interactivit\u00e9 au Mus\u00e9e des arts et &hellip; <a href=\"https:\/\/jlggb.net\/jlb\/expositions-personnelles-et-collectives\/2015-musee-des-arts-et-metiers\/\" class=\"more-link\">Continuer la lecture de <span class=\"screen-reader-text\">2015 Mus\u00e9e des arts et m\u00e9tiers<\/span><\/a><\/p>\n","protected":false},"author":2,"featured_media":0,"parent":650,"menu_order":0,"comment_status":"closed","ping_status":"closed","template":"","meta":{"footnotes":""},"class_list":["post-1563","page","type-page","status-publish","hentry"],"_links":{"self":[{"href":"https:\/\/jlggb.net\/jlb\/wp-json\/wp\/v2\/pages\/1563","targetHints":{"allow":["GET"]}}],"collection":[{"href":"https:\/\/jlggb.net\/jlb\/wp-json\/wp\/v2\/pages"}],"about":[{"href":"https:\/\/jlggb.net\/jlb\/wp-json\/wp\/v2\/types\/page"}],"author":[{"embeddable":true,"href":"https:\/\/jlggb.net\/jlb\/wp-json\/wp\/v2\/users\/2"}],"replies":[{"embeddable":true,"href":"https:\/\/jlggb.net\/jlb\/wp-json\/wp\/v2\/comments?post=1563"}],"version-history":[{"count":6,"href":"https:\/\/jlggb.net\/jlb\/wp-json\/wp\/v2\/pages\/1563\/revisions"}],"predecessor-version":[{"id":3096,"href":"https:\/\/jlggb.net\/jlb\/wp-json\/wp\/v2\/pages\/1563\/revisions\/3096"}],"up":[{"embeddable":true,"href":"https:\/\/jlggb.net\/jlb\/wp-json\/wp\/v2\/pages\/650"}],"wp:attachment":[{"href":"https:\/\/jlggb.net\/jlb\/wp-json\/wp\/v2\/media?parent=1563"}],"curies":[{"name":"wp","href":"https:\/\/api.w.org\/{rel}","templated":true}]}}